{"id":926,"date":"2014-04-07T19:59:19","date_gmt":"2014-04-07T17:59:19","guid":{"rendered":"http:\/\/www.stallexpo.com\/?page_id=926"},"modified":"2014-10-22T11:49:11","modified_gmt":"2014-10-22T09:49:11","slug":"galerie-der-ausstellungsstande","status":"publish","type":"page","link":"https:\/\/www.stallexpo.com\/de\/galerie-der-ausstellungsstande\/","title":{"rendered":"Galerie der Ausstellungsst\u00e4nde"},"content":{"rendered":"<p>STALL EXPO installiert ein Ausstellungssystem von sehr hoher Qualit\u00e4t mittels eines professionellen und erfahrenen Teams.<\/p>\n<p>W\u00e4hlen Sie entweder aus unseren popul\u00e4rsten Ausstellungsst\u00e4nden, Aluminium-Systemst\u00e4nden oder passen Sie Ihren Stand so an, dass der Eindruck auf Ihrer n\u00e4chsten Veranstaltung\u00a0der Beste sein wird.<\/p>\n","protected":false},"excerpt":{"rendered":"<p>STALL EXPO installiert ein Ausstellungssystem von sehr hoher Qualit\u00e4t mittels eines professionellen und erfahrenen Teams. W\u00e4hlen Sie entweder aus unseren popul\u00e4rsten Ausstellungsst\u00e4nden, Aluminium-Systemst\u00e4nden oder passen Sie Ihren Stand so an, dass der Eindruck auf Ihrer n\u00e4chsten Veranstaltung\u00a0der Beste sein wird.<\/p>\n","protected":false},"author":1,"featured_media":0,"parent":0,"menu_order":0,"comment_status":"open","ping_status":"open","template":"it-gallery.php","meta":{"_acf_changed":false,"footnotes":""},"class_list":["post-926","page","type-page","status-publish","hentry"],"acf":[],"yoast_head":"<!-- This site is optimized with the Yoast SEO plugin v24.8.1 - https:\/\/yoast.com\/wordpress\/plugins\/seo\/ -->\n<title>Galerie der Ausstellungsst\u00e4nde - Stall Expo<\/title>\n<meta name=\"robots\" content=\"index, follow, max-snippet:-1, max-image-preview:large, max-video-preview:-1\" \/>\n<link rel=\"canonical\" href=\"https:\/\/www.stallexpo.com\/de\/galerie-der-ausstellungsstande\/\" \/>\n<meta property=\"og:locale\" content=\"de_DE\" \/>\n<meta property=\"og:type\" content=\"article\" \/>\n<meta property=\"og:title\" content=\"Galerie der Ausstellungsst\u00e4nde - Stall Expo\" \/>\n<meta property=\"og:description\" content=\"STALL EXPO installiert ein Ausstellungssystem von sehr hoher Qualit\u00e4t mittels eines professionellen und erfahrenen Teams. W\u00e4hlen Sie entweder aus unseren popul\u00e4rsten Ausstellungsst\u00e4nden, Aluminium-Systemst\u00e4nden oder passen Sie Ihren Stand so an, dass der Eindruck auf Ihrer n\u00e4chsten Veranstaltung\u00a0der Beste sein wird.\" \/>\n<meta property=\"og:url\" content=\"https:\/\/www.stallexpo.com\/de\/galerie-der-ausstellungsstande\/\" \/>\n<meta property=\"og:site_name\" content=\"Stall Expo\" \/>\n<meta property=\"article:modified_time\" content=\"2014-10-22T09:49:11+00:00\" \/>\n<script type=\"application\/ld+json\" class=\"yoast-schema-graph\">{\"@context\":\"https:\/\/schema.org\",\"@graph\":[{\"@type\":\"WebPage\",\"@id\":\"https:\/\/www.stallexpo.com\/de\/galerie-der-ausstellungsstande\/\",\"url\":\"https:\/\/www.stallexpo.com\/de\/galerie-der-ausstellungsstande\/\",\"name\":\"Galerie der Ausstellungsst\u00e4nde - Stall Expo\",\"isPartOf\":{\"@id\":\"https:\/\/www.stallexpo.com\/de\/#website\"},\"datePublished\":\"2014-04-07T17:59:19+00:00\",\"dateModified\":\"2014-10-22T09:49:11+00:00\",\"breadcrumb\":{\"@id\":\"https:\/\/www.stallexpo.com\/de\/galerie-der-ausstellungsstande\/#breadcrumb\"},\"inLanguage\":\"de\",\"potentialAction\":[{\"@type\":\"ReadAction\",\"target\":[\"https:\/\/www.stallexpo.com\/de\/galerie-der-ausstellungsstande\/\"]}]},{\"@type\":\"BreadcrumbList\",\"@id\":\"https:\/\/www.stallexpo.com\/de\/galerie-der-ausstellungsstande\/#breadcrumb\",\"itemListElement\":[{\"@type\":\"ListItem\",\"position\":1,\"name\":\"Home\",\"item\":\"https:\/\/www.stallexpo.com\/de\/\"},{\"@type\":\"ListItem\",\"position\":2,\"name\":\"Galerie der Ausstellungsst\u00e4nde\"}]},{\"@type\":\"WebSite\",\"@id\":\"https:\/\/www.stallexpo.com\/de\/#website\",\"url\":\"https:\/\/www.stallexpo.com\/de\/\",\"name\":\"Stall Expo\",\"description\":\"Just another WordPress site\",\"potentialAction\":[{\"@type\":\"SearchAction\",\"target\":{\"@type\":\"EntryPoint\",\"urlTemplate\":\"https:\/\/www.stallexpo.com\/de\/?s={search_term_string}\"},\"query-input\":{\"@type\":\"PropertyValueSpecification\",\"valueRequired\":true,\"valueName\":\"search_term_string\"}}],\"inLanguage\":\"de\"}]}<\/script>\n<!-- \/ Yoast SEO plugin. -->","yoast_head_json":{"title":"Galerie der Ausstellungsst\u00e4nde - Stall Expo","robots":{"index":"index","follow":"follow","max-snippet":"max-snippet:-1","max-image-preview":"max-image-preview:large","max-video-preview":"max-video-preview:-1"},"canonical":"https:\/\/www.stallexpo.com\/de\/galerie-der-ausstellungsstande\/","og_locale":"de_DE","og_type":"article","og_title":"Galerie der Ausstellungsst\u00e4nde - Stall Expo","og_description":"STALL EXPO installiert ein Ausstellungssystem von sehr hoher Qualit\u00e4t mittels eines professionellen und erfahrenen Teams. W\u00e4hlen Sie entweder aus unseren popul\u00e4rsten Ausstellungsst\u00e4nden, Aluminium-Systemst\u00e4nden oder passen Sie Ihren Stand so an, dass der Eindruck auf Ihrer n\u00e4chsten Veranstaltung\u00a0der Beste sein wird.","og_url":"https:\/\/www.stallexpo.com\/de\/galerie-der-ausstellungsstande\/","og_site_name":"Stall Expo","article_modified_time":"2014-10-22T09:49:11+00:00","schema":{"@context":"https:\/\/schema.org","@graph":[{"@type":"WebPage","@id":"https:\/\/www.stallexpo.com\/de\/galerie-der-ausstellungsstande\/","url":"https:\/\/www.stallexpo.com\/de\/galerie-der-ausstellungsstande\/","name":"Galerie der Ausstellungsst\u00e4nde - Stall Expo","isPartOf":{"@id":"https:\/\/www.stallexpo.com\/de\/#website"},"datePublished":"2014-04-07T17:59:19+00:00","dateModified":"2014-10-22T09:49:11+00:00","breadcrumb":{"@id":"https:\/\/www.stallexpo.com\/de\/galerie-der-ausstellungsstande\/#breadcrumb"},"inLanguage":"de","potentialAction":[{"@type":"ReadAction","target":["https:\/\/www.stallexpo.com\/de\/galerie-der-ausstellungsstande\/"]}]},{"@type":"BreadcrumbList","@id":"https:\/\/www.stallexpo.com\/de\/galerie-der-ausstellungsstande\/#breadcrumb","itemListElement":[{"@type":"ListItem","position":1,"name":"Home","item":"https:\/\/www.stallexpo.com\/de\/"},{"@type":"ListItem","position":2,"name":"Galerie der Ausstellungsst\u00e4nde"}]},{"@type":"WebSite","@id":"https:\/\/www.stallexpo.com\/de\/#website","url":"https:\/\/www.stallexpo.com\/de\/","name":"Stall Expo","description":"Just another WordPress site","potentialAction":[{"@type":"SearchAction","target":{"@type":"EntryPoint","urlTemplate":"https:\/\/www.stallexpo.com\/de\/?s={search_term_string}"},"query-input":{"@type":"PropertyValueSpecification","valueRequired":true,"valueName":"search_term_string"}}],"inLanguage":"de"}]}},"_links":{"self":[{"href":"https:\/\/www.stallexpo.com\/de\/wp-json\/wp\/v2\/pages\/926","targetHints":{"allow":["GET"]}}],"collection":[{"href":"https:\/\/www.stallexpo.com\/de\/wp-json\/wp\/v2\/pages"}],"about":[{"href":"https:\/\/www.stallexpo.com\/de\/wp-json\/wp\/v2\/types\/page"}],"author":[{"embeddable":true,"href":"https:\/\/www.stallexpo.com\/de\/wp-json\/wp\/v2\/users\/1"}],"replies":[{"embeddable":true,"href":"https:\/\/www.stallexpo.com\/de\/wp-json\/wp\/v2\/comments?post=926"}],"version-history":[{"count":3,"href":"https:\/\/www.stallexpo.com\/de\/wp-json\/wp\/v2\/pages\/926\/revisions"}],"predecessor-version":[{"id":970,"href":"https:\/\/www.stallexpo.com\/de\/wp-json\/wp\/v2\/pages\/926\/revisions\/970"}],"wp:attachment":[{"href":"https:\/\/www.stallexpo.com\/de\/wp-json\/wp\/v2\/media?parent=926"}],"curies":[{"name":"wp","href":"https:\/\/api.w.org\/{rel}","templated":true}]}}