{"id":920,"date":"2014-04-07T19:58:22","date_gmt":"2014-04-07T17:58:22","guid":{"rendered":"http:\/\/www.stallexpo.com\/?page_id=920"},"modified":"2014-10-22T12:11:37","modified_gmt":"2014-10-22T10:11:37","slug":"referenzen","status":"publish","type":"page","link":"https:\/\/www.stallexpo.com\/de\/referenzen\/","title":{"rendered":"Referenzen"},"content":{"rendered":"<h2>Unsere zufriedenen Kunden<\/h2>\n<p>Mit Vergn\u00fcgen stellen wir Ihnen einige unserer Kunden vor.<\/p>\n<p>Z\u00f6gern Sie bitte nicht, eine dieser Gesellschaften anzusprechen und sie um ihre Empfehlungen bez\u00fcglich des Ausstellungsservice zu bitten.<\/p>\n<p><a href=\"http:\/\/www.stallexpo.com\/media\/STALL_EXPO_stranka-loga2-1.png\"><img loading=\"lazy\" decoding=\"async\" alt=\"STALL_EXPO_stranka loga2 (1)\" src=\"http:\/\/www.stallexpo.com\/media\/STALL_EXPO_stranka-loga2-1.png\" width=\"973\" height=\"2853\" \/><\/a><\/p>\n","protected":false},"excerpt":{"rendered":"<p>Unsere zufriedenen Kunden Mit Vergn\u00fcgen stellen wir Ihnen einige unserer Kunden vor. Z\u00f6gern Sie bitte nicht, eine dieser Gesellschaften anzusprechen und sie um ihre Empfehlungen bez\u00fcglich des Ausstellungsservice zu bitten.<\/p>\n","protected":false},"author":1,"featured_media":0,"parent":0,"menu_order":0,"comment_status":"open","ping_status":"open","template":"it-reference.php","meta":{"_acf_changed":false,"footnotes":""},"class_list":["post-920","page","type-page","status-publish","hentry"],"acf":[],"yoast_head":"<!-- This site is optimized with the Yoast SEO plugin v24.8.1 - https:\/\/yoast.com\/wordpress\/plugins\/seo\/ -->\n<title>Referenzen - Stall Expo<\/title>\n<meta name=\"robots\" content=\"index, follow, max-snippet:-1, max-image-preview:large, max-video-preview:-1\" \/>\n<link rel=\"canonical\" href=\"https:\/\/www.stallexpo.com\/de\/referenzen\/\" \/>\n<meta property=\"og:locale\" content=\"de_DE\" \/>\n<meta property=\"og:type\" content=\"article\" \/>\n<meta property=\"og:title\" content=\"Referenzen - Stall Expo\" \/>\n<meta property=\"og:description\" content=\"Unsere zufriedenen Kunden Mit Vergn\u00fcgen stellen wir Ihnen einige unserer Kunden vor. Z\u00f6gern Sie bitte nicht, eine dieser Gesellschaften anzusprechen und sie um ihre Empfehlungen bez\u00fcglich des Ausstellungsservice zu bitten.\" \/>\n<meta property=\"og:url\" content=\"https:\/\/www.stallexpo.com\/de\/referenzen\/\" \/>\n<meta property=\"og:site_name\" content=\"Stall Expo\" \/>\n<meta property=\"article:modified_time\" content=\"2014-10-22T10:11:37+00:00\" \/>\n<meta property=\"og:image\" content=\"http:\/\/www.stallexpo.com\/media\/STALL_EXPO_stranka-loga2-1.png\" \/>\n<script type=\"application\/ld+json\" class=\"yoast-schema-graph\">{\"@context\":\"https:\/\/schema.org\",\"@graph\":[{\"@type\":\"WebPage\",\"@id\":\"https:\/\/www.stallexpo.com\/de\/referenzen\/\",\"url\":\"https:\/\/www.stallexpo.com\/de\/referenzen\/\",\"name\":\"Referenzen - Stall Expo\",\"isPartOf\":{\"@id\":\"https:\/\/www.stallexpo.com\/de\/#website\"},\"primaryImageOfPage\":{\"@id\":\"https:\/\/www.stallexpo.com\/de\/referenzen\/#primaryimage\"},\"image\":{\"@id\":\"https:\/\/www.stallexpo.com\/de\/referenzen\/#primaryimage\"},\"thumbnailUrl\":\"http:\/\/www.stallexpo.com\/media\/STALL_EXPO_stranka-loga2-1.png\",\"datePublished\":\"2014-04-07T17:58:22+00:00\",\"dateModified\":\"2014-10-22T10:11:37+00:00\",\"breadcrumb\":{\"@id\":\"https:\/\/www.stallexpo.com\/de\/referenzen\/#breadcrumb\"},\"inLanguage\":\"de\",\"potentialAction\":[{\"@type\":\"ReadAction\",\"target\":[\"https:\/\/www.stallexpo.com\/de\/referenzen\/\"]}]},{\"@type\":\"ImageObject\",\"inLanguage\":\"de\",\"@id\":\"https:\/\/www.stallexpo.com\/de\/referenzen\/#primaryimage\",\"url\":\"http:\/\/www.stallexpo.com\/media\/STALL_EXPO_stranka-loga2-1.png\",\"contentUrl\":\"http:\/\/www.stallexpo.com\/media\/STALL_EXPO_stranka-loga2-1.png\"},{\"@type\":\"BreadcrumbList\",\"@id\":\"https:\/\/www.stallexpo.com\/de\/referenzen\/#breadcrumb\",\"itemListElement\":[{\"@type\":\"ListItem\",\"position\":1,\"name\":\"Home\",\"item\":\"https:\/\/www.stallexpo.com\/de\/\"},{\"@type\":\"ListItem\",\"position\":2,\"name\":\"Referenzen\"}]},{\"@type\":\"WebSite\",\"@id\":\"https:\/\/www.stallexpo.com\/de\/#website\",\"url\":\"https:\/\/www.stallexpo.com\/de\/\",\"name\":\"Stall Expo\",\"description\":\"Just another WordPress site\",\"potentialAction\":[{\"@type\":\"SearchAction\",\"target\":{\"@type\":\"EntryPoint\",\"urlTemplate\":\"https:\/\/www.stallexpo.com\/de\/?s={search_term_string}\"},\"query-input\":{\"@type\":\"PropertyValueSpecification\",\"valueRequired\":true,\"valueName\":\"search_term_string\"}}],\"inLanguage\":\"de\"}]}<\/script>\n<!-- \/ Yoast SEO plugin. -->","yoast_head_json":{"title":"Referenzen - Stall Expo","robots":{"index":"index","follow":"follow","max-snippet":"max-snippet:-1","max-image-preview":"max-image-preview:large","max-video-preview":"max-video-preview:-1"},"canonical":"https:\/\/www.stallexpo.com\/de\/referenzen\/","og_locale":"de_DE","og_type":"article","og_title":"Referenzen - Stall Expo","og_description":"Unsere zufriedenen Kunden Mit Vergn\u00fcgen stellen wir Ihnen einige unserer Kunden vor. Z\u00f6gern Sie bitte nicht, eine dieser Gesellschaften anzusprechen und sie um ihre Empfehlungen bez\u00fcglich des Ausstellungsservice zu bitten.","og_url":"https:\/\/www.stallexpo.com\/de\/referenzen\/","og_site_name":"Stall Expo","article_modified_time":"2014-10-22T10:11:37+00:00","og_image":[{"url":"http:\/\/www.stallexpo.com\/media\/STALL_EXPO_stranka-loga2-1.png","type":"","width":"","height":""}],"schema":{"@context":"https:\/\/schema.org","@graph":[{"@type":"WebPage","@id":"https:\/\/www.stallexpo.com\/de\/referenzen\/","url":"https:\/\/www.stallexpo.com\/de\/referenzen\/","name":"Referenzen - Stall Expo","isPartOf":{"@id":"https:\/\/www.stallexpo.com\/de\/#website"},"primaryImageOfPage":{"@id":"https:\/\/www.stallexpo.com\/de\/referenzen\/#primaryimage"},"image":{"@id":"https:\/\/www.stallexpo.com\/de\/referenzen\/#primaryimage"},"thumbnailUrl":"http:\/\/www.stallexpo.com\/media\/STALL_EXPO_stranka-loga2-1.png","datePublished":"2014-04-07T17:58:22+00:00","dateModified":"2014-10-22T10:11:37+00:00","breadcrumb":{"@id":"https:\/\/www.stallexpo.com\/de\/referenzen\/#breadcrumb"},"inLanguage":"de","potentialAction":[{"@type":"ReadAction","target":["https:\/\/www.stallexpo.com\/de\/referenzen\/"]}]},{"@type":"ImageObject","inLanguage":"de","@id":"https:\/\/www.stallexpo.com\/de\/referenzen\/#primaryimage","url":"http:\/\/www.stallexpo.com\/media\/STALL_EXPO_stranka-loga2-1.png","contentUrl":"http:\/\/www.stallexpo.com\/media\/STALL_EXPO_stranka-loga2-1.png"},{"@type":"BreadcrumbList","@id":"https:\/\/www.stallexpo.com\/de\/referenzen\/#breadcrumb","itemListElement":[{"@type":"ListItem","position":1,"name":"Home","item":"https:\/\/www.stallexpo.com\/de\/"},{"@type":"ListItem","position":2,"name":"Referenzen"}]},{"@type":"WebSite","@id":"https:\/\/www.stallexpo.com\/de\/#website","url":"https:\/\/www.stallexpo.com\/de\/","name":"Stall Expo","description":"Just another WordPress site","potentialAction":[{"@type":"SearchAction","target":{"@type":"EntryPoint","urlTemplate":"https:\/\/www.stallexpo.com\/de\/?s={search_term_string}"},"query-input":{"@type":"PropertyValueSpecification","valueRequired":true,"valueName":"search_term_string"}}],"inLanguage":"de"}]}},"_links":{"self":[{"href":"https:\/\/www.stallexpo.com\/de\/wp-json\/wp\/v2\/pages\/920","targetHints":{"allow":["GET"]}}],"collection":[{"href":"https:\/\/www.stallexpo.com\/de\/wp-json\/wp\/v2\/pages"}],"about":[{"href":"https:\/\/www.stallexpo.com\/de\/wp-json\/wp\/v2\/types\/page"}],"author":[{"embeddable":true,"href":"https:\/\/www.stallexpo.com\/de\/wp-json\/wp\/v2\/users\/1"}],"replies":[{"embeddable":true,"href":"https:\/\/www.stallexpo.com\/de\/wp-json\/wp\/v2\/comments?post=920"}],"version-history":[{"count":3,"href":"https:\/\/www.stallexpo.com\/de\/wp-json\/wp\/v2\/pages\/920\/revisions"}],"predecessor-version":[{"id":974,"href":"https:\/\/www.stallexpo.com\/de\/wp-json\/wp\/v2\/pages\/920\/revisions\/974"}],"wp:attachment":[{"href":"https:\/\/www.stallexpo.com\/de\/wp-json\/wp\/v2\/media?parent=920"}],"curies":[{"name":"wp","href":"https:\/\/api.w.org\/{rel}","templated":true}]}}