{"id":914,"date":"2014-04-07T19:55:41","date_gmt":"2014-04-07T17:55:41","guid":{"rendered":"http:\/\/www.stallexpo.com\/?page_id=914"},"modified":"2014-04-07T19:55:41","modified_gmt":"2014-04-07T17:55:41","slug":"messe-und-ausstellungsstande","status":"publish","type":"page","link":"https:\/\/www.stallexpo.com\/de\/messe-und-ausstellungsstande\/","title":{"rendered":"Messe- und Ausstellungsst\u00e4nde"},"content":{"rendered":"<p>F\u00fcr Erfolg Ihrer Firma auf der Messe und Ausstellung ist vom gro\u00dfen Teil die Qualit\u00e4t und Ausf\u00fchrung des Standes wichtig, der w\u00e4hrend der Veranstaltung zum vor\u00fcbergehenden Firmensitz sein wird.<\/p>\n<p align=\"center\"><b>Wollen Sie Ihre Firma auf Messe oder Ausstellung pr\u00e4sentieren? Suchen Sie moderne variable St\u00e4nde mit wartungsfreiem Betrieb, einfacher Lagerf\u00e4higkeit und Montage?<\/b><\/p>\n<p>Das Ausstellungssystem von Stall Expo verbindet die Qualit\u00e4t, Funktionsf\u00e4higkeit und Design, dank denen Ihre Pr\u00e4sentation auf der Messe un\u00fcbersichtlich sein wird.<\/p>\n<p>Die Basis unserer St\u00e4nde sind \u00e4u\u00dferlich interessante Konstruktionssysteme mit deutlicher Nutzung von verschiedenen Materialien, Gro\u00dfraumgraphik, audiovisueller Technik, Professionell-Beleuchtung und Qualit\u00e4ts-Bekleidungs- und Bodenmaterialien.<\/p>\n<p>Unsere St\u00e4nde elektrifizieren wir vollst\u00e4ndig und beleuchten je nach Wunsch des Klienten. Wir statten sie mit s\u00e4mtlicher Pr\u00e4sentationstechnik und eventuell auch mit Haushaltsger\u00e4ten \u2013 K\u00fchlschrank, TV, DVD, Plasmabildschirme, Projektionstechnik, Farben, Bierzapfh\u00e4hnen, EDV- und B\u00fcrotechnik, Mobiliar u. \u00e4. aus<\/p>\n<p>Gerne beraten wir Ihnen mit Auswahl der passenden L\u00f6sung. Die Dispositionen und M\u00f6glichkeiten unserer Ausstellungsst\u00e4nde kennen wir bis zum Detail und dank diesem k\u00f6nnen wir Ihnen mit der Entscheidung helfen, welche Exposition f\u00fcr Sie die richtige ist. Wir realisieren Ihre Exposition mit Team unserer erfahrenen Fachleute \u00fcberall im Europa.<\/p>\n<p><b>Warum Messest\u00e4nde von Stall Expo?<\/b><\/p>\n<ul>\n<li>Komplexrealisierung der schl\u00fcsselfertigen Exposition<\/li>\n<li>Eigene Herstellung und Lagerr\u00e4ume<\/li>\n<li>Professionalit\u00e4t des Teams unserer Fachleute<\/li>\n<li>Hunderte von zufriedenen Klienten<\/li>\n<li>Langj\u00e4hrige Erfahrungen europaweit<\/li>\n<\/ul>\n<p><b>Auf Ihren Wunsch stellen wir sicher:<\/b><\/p>\n<ul>\n<li>Ausstattung der Exposition (M\u00f6bel, Dekoration\u2026)<\/li>\n<li>Atypische- und Stockexpositionen<\/li>\n<li>Technische L\u00f6sung, Arrangeur-Arbeiten<\/li>\n<li>Gestaltungs- und Rauml\u00f6sung<\/li>\n<li>Werbetotems und Blickf\u00e4nge<\/li>\n<li>Gro\u00dfformatdrucke<\/li>\n<li>Kleine Modulst\u00e4nde sowie Gro\u00dfexpositionen<\/li>\n<li>Lagerung bis zur n\u00e4chsten Messe<\/li>\n<li>\u00dcberdachte sowie offene Au\u00dfenst\u00e4nde<\/li>\n<\/ul>\n<p><b>Wie gehen wir vor:<\/b><\/p>\n<ul>\n<li>Design des Standes \u2013 den Messestand entwerfen wir komplex mit Akzent auf vollkommene Raumnutzung, Funktionsf\u00e4higkeit, Komfort und Gesamtgestaltung.<\/li>\n<li>Technische L\u00f6sung \u2013 wir arbeiten detaillierte Dokumentation aus<\/li>\n<li>Transport und Montage \u2013 unser erfahrener Team baut den Stand auf und komplettiert ihn an Ort und Stelle der Messe. Wir stellen Transport und Montage mit eigenen Mitteln europaweit sicher.<\/li>\n<li>Demontage \u2013 unser Montageteam demontiert den Stand und Selbstverst\u00e4ndlichkeit ist auch die Aufr\u00e4umung der Ausstellungsfl\u00e4che.<\/li>\n<\/ul>\n<p>Unsere Messest\u00e4nde hervorragen durch erstklassigen Design, Stabilit\u00e4t der Konstruktion und M\u00f6glichkeit der einfachen Installation und Deinstallation. Der Erfolg Ihrer Firma auf der Messe wird haupts\u00e4chlich durch Qualit\u00e4t des Standes, seiner Originalit\u00e4t und Attraktivit\u00e4t gegeben. Wir realisieren beliebigen Ausstellungsstand fesselnd, in \u00dcbereinstimmung mit Marketingstrategie der Firma und mit R\u00fccksicht auf modernen Stil und Design.<\/p>\n","protected":false},"excerpt":{"rendered":"<p>F\u00fcr Erfolg Ihrer Firma auf der Messe und Ausstellung ist vom gro\u00dfen Teil die Qualit\u00e4t und Ausf\u00fchrung des Standes wichtig, der w\u00e4hrend der Veranstaltung zum vor\u00fcbergehenden Firmensitz sein wird. Wollen Sie Ihre Firma auf Messe oder Ausstellung pr\u00e4sentieren? Suchen Sie &hellip; <a href=\"https:\/\/www.stallexpo.com\/de\/messe-und-ausstellungsstande\/\">Weiterlesen<\/a><\/p>\n","protected":false},"author":1,"featured_media":0,"parent":0,"menu_order":0,"comment_status":"open","ping_status":"open","template":"","meta":{"_acf_changed":false,"footnotes":""},"class_list":["post-914","page","type-page","status-publish","hentry"],"acf":[],"yoast_head":"<!-- This site is optimized with the Yoast SEO plugin v24.8.1 - https:\/\/yoast.com\/wordpress\/plugins\/seo\/ -->\n<title>Messe- und Ausstellungsst\u00e4nde - Stall Expo<\/title>\n<meta name=\"robots\" content=\"index, follow, max-snippet:-1, max-image-preview:large, max-video-preview:-1\" \/>\n<link rel=\"canonical\" href=\"https:\/\/www.stallexpo.com\/de\/messe-und-ausstellungsstande\/\" \/>\n<meta property=\"og:locale\" content=\"de_DE\" \/>\n<meta property=\"og:type\" content=\"article\" \/>\n<meta property=\"og:title\" content=\"Messe- und Ausstellungsst\u00e4nde - Stall Expo\" \/>\n<meta property=\"og:description\" content=\"F\u00fcr Erfolg Ihrer Firma auf der Messe und Ausstellung ist vom gro\u00dfen Teil die Qualit\u00e4t und Ausf\u00fchrung des Standes wichtig, der w\u00e4hrend der Veranstaltung zum vor\u00fcbergehenden Firmensitz sein wird. Wollen Sie Ihre Firma auf Messe oder Ausstellung pr\u00e4sentieren? Suchen Sie &hellip; Weiterlesen\" \/>\n<meta property=\"og:url\" content=\"https:\/\/www.stallexpo.com\/de\/messe-und-ausstellungsstande\/\" \/>\n<meta property=\"og:site_name\" content=\"Stall Expo\" \/>\n<meta name=\"twitter:label1\" content=\"Gesch\u00e4tzte Lesezeit\" \/>\n\t<meta name=\"twitter:data1\" content=\"2\u00a0Minuten\" \/>\n<script type=\"application\/ld+json\" class=\"yoast-schema-graph\">{\"@context\":\"https:\/\/schema.org\",\"@graph\":[{\"@type\":\"WebPage\",\"@id\":\"https:\/\/www.stallexpo.com\/de\/messe-und-ausstellungsstande\/\",\"url\":\"https:\/\/www.stallexpo.com\/de\/messe-und-ausstellungsstande\/\",\"name\":\"Messe- und Ausstellungsst\u00e4nde - Stall Expo\",\"isPartOf\":{\"@id\":\"https:\/\/www.stallexpo.com\/de\/#website\"},\"datePublished\":\"2014-04-07T17:55:41+00:00\",\"breadcrumb\":{\"@id\":\"https:\/\/www.stallexpo.com\/de\/messe-und-ausstellungsstande\/#breadcrumb\"},\"inLanguage\":\"de\",\"potentialAction\":[{\"@type\":\"ReadAction\",\"target\":[\"https:\/\/www.stallexpo.com\/de\/messe-und-ausstellungsstande\/\"]}]},{\"@type\":\"BreadcrumbList\",\"@id\":\"https:\/\/www.stallexpo.com\/de\/messe-und-ausstellungsstande\/#breadcrumb\",\"itemListElement\":[{\"@type\":\"ListItem\",\"position\":1,\"name\":\"Home\",\"item\":\"https:\/\/www.stallexpo.com\/de\/\"},{\"@type\":\"ListItem\",\"position\":2,\"name\":\"Messe- und Ausstellungsst\u00e4nde\"}]},{\"@type\":\"WebSite\",\"@id\":\"https:\/\/www.stallexpo.com\/de\/#website\",\"url\":\"https:\/\/www.stallexpo.com\/de\/\",\"name\":\"Stall Expo\",\"description\":\"Just another WordPress site\",\"potentialAction\":[{\"@type\":\"SearchAction\",\"target\":{\"@type\":\"EntryPoint\",\"urlTemplate\":\"https:\/\/www.stallexpo.com\/de\/?s={search_term_string}\"},\"query-input\":{\"@type\":\"PropertyValueSpecification\",\"valueRequired\":true,\"valueName\":\"search_term_string\"}}],\"inLanguage\":\"de\"}]}<\/script>\n<!-- \/ Yoast SEO plugin. -->","yoast_head_json":{"title":"Messe- und Ausstellungsst\u00e4nde - Stall Expo","robots":{"index":"index","follow":"follow","max-snippet":"max-snippet:-1","max-image-preview":"max-image-preview:large","max-video-preview":"max-video-preview:-1"},"canonical":"https:\/\/www.stallexpo.com\/de\/messe-und-ausstellungsstande\/","og_locale":"de_DE","og_type":"article","og_title":"Messe- und Ausstellungsst\u00e4nde - Stall Expo","og_description":"F\u00fcr Erfolg Ihrer Firma auf der Messe und Ausstellung ist vom gro\u00dfen Teil die Qualit\u00e4t und Ausf\u00fchrung des Standes wichtig, der w\u00e4hrend der Veranstaltung zum vor\u00fcbergehenden Firmensitz sein wird. Wollen Sie Ihre Firma auf Messe oder Ausstellung pr\u00e4sentieren? Suchen Sie &hellip; Weiterlesen","og_url":"https:\/\/www.stallexpo.com\/de\/messe-und-ausstellungsstande\/","og_site_name":"Stall Expo","twitter_misc":{"Gesch\u00e4tzte Lesezeit":"2\u00a0Minuten"},"schema":{"@context":"https:\/\/schema.org","@graph":[{"@type":"WebPage","@id":"https:\/\/www.stallexpo.com\/de\/messe-und-ausstellungsstande\/","url":"https:\/\/www.stallexpo.com\/de\/messe-und-ausstellungsstande\/","name":"Messe- und Ausstellungsst\u00e4nde - Stall Expo","isPartOf":{"@id":"https:\/\/www.stallexpo.com\/de\/#website"},"datePublished":"2014-04-07T17:55:41+00:00","breadcrumb":{"@id":"https:\/\/www.stallexpo.com\/de\/messe-und-ausstellungsstande\/#breadcrumb"},"inLanguage":"de","potentialAction":[{"@type":"ReadAction","target":["https:\/\/www.stallexpo.com\/de\/messe-und-ausstellungsstande\/"]}]},{"@type":"BreadcrumbList","@id":"https:\/\/www.stallexpo.com\/de\/messe-und-ausstellungsstande\/#breadcrumb","itemListElement":[{"@type":"ListItem","position":1,"name":"Home","item":"https:\/\/www.stallexpo.com\/de\/"},{"@type":"ListItem","position":2,"name":"Messe- und Ausstellungsst\u00e4nde"}]},{"@type":"WebSite","@id":"https:\/\/www.stallexpo.com\/de\/#website","url":"https:\/\/www.stallexpo.com\/de\/","name":"Stall Expo","description":"Just another WordPress site","potentialAction":[{"@type":"SearchAction","target":{"@type":"EntryPoint","urlTemplate":"https:\/\/www.stallexpo.com\/de\/?s={search_term_string}"},"query-input":{"@type":"PropertyValueSpecification","valueRequired":true,"valueName":"search_term_string"}}],"inLanguage":"de"}]}},"_links":{"self":[{"href":"https:\/\/www.stallexpo.com\/de\/wp-json\/wp\/v2\/pages\/914","targetHints":{"allow":["GET"]}}],"collection":[{"href":"https:\/\/www.stallexpo.com\/de\/wp-json\/wp\/v2\/pages"}],"about":[{"href":"https:\/\/www.stallexpo.com\/de\/wp-json\/wp\/v2\/types\/page"}],"author":[{"embeddable":true,"href":"https:\/\/www.stallexpo.com\/de\/wp-json\/wp\/v2\/users\/1"}],"replies":[{"embeddable":true,"href":"https:\/\/www.stallexpo.com\/de\/wp-json\/wp\/v2\/comments?post=914"}],"version-history":[{"count":1,"href":"https:\/\/www.stallexpo.com\/de\/wp-json\/wp\/v2\/pages\/914\/revisions"}],"predecessor-version":[{"id":916,"href":"https:\/\/www.stallexpo.com\/de\/wp-json\/wp\/v2\/pages\/914\/revisions\/916"}],"wp:attachment":[{"href":"https:\/\/www.stallexpo.com\/de\/wp-json\/wp\/v2\/media?parent=914"}],"curies":[{"name":"wp","href":"https:\/\/api.w.org\/{rel}","templated":true}]}}