{"id":908,"date":"2014-04-07T19:52:58","date_gmt":"2014-04-07T17:52:58","guid":{"rendered":"http:\/\/www.stallexpo.com\/?page_id=908"},"modified":"2014-04-07T19:52:58","modified_gmt":"2014-04-07T17:52:58","slug":"messe","status":"publish","type":"page","link":"https:\/\/www.stallexpo.com\/de\/messe\/","title":{"rendered":"Messe"},"content":{"rendered":"<p>Messe ist die Ausstellung von Firmenprodukten aus einem Gesch\u00e4ftsbereich. Hauptziel ist, Kontakte mit Gro\u00dfabnehmern und Kunden anzuschlie\u00dfen und neue Produkte zu pr\u00e4sentieren.<\/p>\n<p>Es handelt sich also prim\u00e4r, zum Unterschied vom \u00fcblichen Markt, nicht um Direktverkauf an Endkunden \u2013 einige Messen werden f\u00fcr die \u00d6ffentlichkeit gar nicht ge\u00f6ffnet oder sind nur an bestimmten Tagen, z.B. zum Ende der Messe zug\u00e4nglich.<\/p>\n<p>Die Messen werden je nach Gesch\u00e4ftsbereich aufgeteilt, den sie repr\u00e4sentieren \u2013 Lebensmittel-, Bekleidungs-, Maschinenbau-, Buch-, Automobil-, Landwirtschafts-, Spielwaren-, Datenverarbeitungstechnik-Messen usw.<\/p>\n<p>Die Bereichsmessen finden gew\u00f6hnlich einmal pro Jahr an derselben Stelle statt, ihre Tradition greift oftmals tief in die Vergangenheit. In denselben R\u00e4umen eines Messeraumes finden Messen f\u00fcr verschiedene Bereichen statt und dauern gew\u00f6hnlich ungef\u00e4hr eine Woche.<\/p>\n<p>Die Messen geh\u00f6ren langzeitig zur der meist bevorzugten Form der Marketingkommunikation der Firmen. Auf der Messe werden die Gesch\u00e4ftskontakte angeschlossen, potenzielle Kunden angesprochen und es wird das Bewusstsein \u00fcber die Firma aufgebaut. Die Messe kann dank der direkten Pr\u00e4sentation von Produkten das Einkaufsverhalten sowie der potenziellen Gesch\u00e4ftspartnern, als auch Endkunden beeinflussen, auch wenn ihr Ziel nicht der Direktvertrieb ist. Durch die F\u00e4higkeit, auf alle Sinne zu wirken, ist die Messe ein Bestandteil von Marketingmix und Gesch\u00e4ftsstrategie.<\/p>\n<p>Die Messen sind f\u00fcr die Firma eine ideale Gelegenheit, wie sich nach au\u00dfen\u2013 sowie vor Gesch\u00e4ftspartnern, als auch vor Kunden zu pr\u00e4sentieren. Deshalb ist es wichtig, ein Originalstand anzubieten.<\/p>\n<p>&nbsp;<\/p>\n","protected":false},"excerpt":{"rendered":"<p>Messe ist die Ausstellung von Firmenprodukten aus einem Gesch\u00e4ftsbereich. Hauptziel ist, Kontakte mit Gro\u00dfabnehmern und Kunden anzuschlie\u00dfen und neue Produkte zu pr\u00e4sentieren. Es handelt sich also prim\u00e4r, zum Unterschied vom \u00fcblichen Markt, nicht um Direktverkauf an Endkunden \u2013 einige Messen &hellip; <a href=\"https:\/\/www.stallexpo.com\/de\/messe\/\">Weiterlesen<\/a><\/p>\n","protected":false},"author":1,"featured_media":0,"parent":0,"menu_order":0,"comment_status":"open","ping_status":"open","template":"","meta":{"_acf_changed":false,"footnotes":""},"class_list":["post-908","page","type-page","status-publish","hentry"],"acf":[],"yoast_head":"<!-- This site is optimized with the Yoast SEO plugin v24.8.1 - https:\/\/yoast.com\/wordpress\/plugins\/seo\/ -->\n<title>Messe - Stall Expo<\/title>\n<meta name=\"robots\" content=\"index, follow, max-snippet:-1, max-image-preview:large, max-video-preview:-1\" \/>\n<link rel=\"canonical\" href=\"https:\/\/www.stallexpo.com\/de\/messe\/\" \/>\n<meta property=\"og:locale\" content=\"de_DE\" \/>\n<meta property=\"og:type\" content=\"article\" \/>\n<meta property=\"og:title\" content=\"Messe - Stall Expo\" \/>\n<meta property=\"og:description\" content=\"Messe ist die Ausstellung von Firmenprodukten aus einem Gesch\u00e4ftsbereich. Hauptziel ist, Kontakte mit Gro\u00dfabnehmern und Kunden anzuschlie\u00dfen und neue Produkte zu pr\u00e4sentieren. Es handelt sich also prim\u00e4r, zum Unterschied vom \u00fcblichen Markt, nicht um Direktverkauf an Endkunden \u2013 einige Messen &hellip; Weiterlesen\" \/>\n<meta property=\"og:url\" content=\"https:\/\/www.stallexpo.com\/de\/messe\/\" \/>\n<meta property=\"og:site_name\" content=\"Stall Expo\" \/>\n<meta name=\"twitter:label1\" content=\"Gesch\u00e4tzte Lesezeit\" \/>\n\t<meta name=\"twitter:data1\" content=\"1\u00a0Minute\" \/>\n<script type=\"application\/ld+json\" class=\"yoast-schema-graph\">{\"@context\":\"https:\/\/schema.org\",\"@graph\":[{\"@type\":\"WebPage\",\"@id\":\"https:\/\/www.stallexpo.com\/de\/messe\/\",\"url\":\"https:\/\/www.stallexpo.com\/de\/messe\/\",\"name\":\"Messe - Stall Expo\",\"isPartOf\":{\"@id\":\"https:\/\/www.stallexpo.com\/de\/#website\"},\"datePublished\":\"2014-04-07T17:52:58+00:00\",\"breadcrumb\":{\"@id\":\"https:\/\/www.stallexpo.com\/de\/messe\/#breadcrumb\"},\"inLanguage\":\"de\",\"potentialAction\":[{\"@type\":\"ReadAction\",\"target\":[\"https:\/\/www.stallexpo.com\/de\/messe\/\"]}]},{\"@type\":\"BreadcrumbList\",\"@id\":\"https:\/\/www.stallexpo.com\/de\/messe\/#breadcrumb\",\"itemListElement\":[{\"@type\":\"ListItem\",\"position\":1,\"name\":\"Home\",\"item\":\"https:\/\/www.stallexpo.com\/de\/\"},{\"@type\":\"ListItem\",\"position\":2,\"name\":\"Messe\"}]},{\"@type\":\"WebSite\",\"@id\":\"https:\/\/www.stallexpo.com\/de\/#website\",\"url\":\"https:\/\/www.stallexpo.com\/de\/\",\"name\":\"Stall Expo\",\"description\":\"Just another WordPress site\",\"potentialAction\":[{\"@type\":\"SearchAction\",\"target\":{\"@type\":\"EntryPoint\",\"urlTemplate\":\"https:\/\/www.stallexpo.com\/de\/?s={search_term_string}\"},\"query-input\":{\"@type\":\"PropertyValueSpecification\",\"valueRequired\":true,\"valueName\":\"search_term_string\"}}],\"inLanguage\":\"de\"}]}<\/script>\n<!-- \/ Yoast SEO plugin. -->","yoast_head_json":{"title":"Messe - Stall Expo","robots":{"index":"index","follow":"follow","max-snippet":"max-snippet:-1","max-image-preview":"max-image-preview:large","max-video-preview":"max-video-preview:-1"},"canonical":"https:\/\/www.stallexpo.com\/de\/messe\/","og_locale":"de_DE","og_type":"article","og_title":"Messe - Stall Expo","og_description":"Messe ist die Ausstellung von Firmenprodukten aus einem Gesch\u00e4ftsbereich. Hauptziel ist, Kontakte mit Gro\u00dfabnehmern und Kunden anzuschlie\u00dfen und neue Produkte zu pr\u00e4sentieren. Es handelt sich also prim\u00e4r, zum Unterschied vom \u00fcblichen Markt, nicht um Direktverkauf an Endkunden \u2013 einige Messen &hellip; Weiterlesen","og_url":"https:\/\/www.stallexpo.com\/de\/messe\/","og_site_name":"Stall Expo","twitter_misc":{"Gesch\u00e4tzte Lesezeit":"1\u00a0Minute"},"schema":{"@context":"https:\/\/schema.org","@graph":[{"@type":"WebPage","@id":"https:\/\/www.stallexpo.com\/de\/messe\/","url":"https:\/\/www.stallexpo.com\/de\/messe\/","name":"Messe - Stall Expo","isPartOf":{"@id":"https:\/\/www.stallexpo.com\/de\/#website"},"datePublished":"2014-04-07T17:52:58+00:00","breadcrumb":{"@id":"https:\/\/www.stallexpo.com\/de\/messe\/#breadcrumb"},"inLanguage":"de","potentialAction":[{"@type":"ReadAction","target":["https:\/\/www.stallexpo.com\/de\/messe\/"]}]},{"@type":"BreadcrumbList","@id":"https:\/\/www.stallexpo.com\/de\/messe\/#breadcrumb","itemListElement":[{"@type":"ListItem","position":1,"name":"Home","item":"https:\/\/www.stallexpo.com\/de\/"},{"@type":"ListItem","position":2,"name":"Messe"}]},{"@type":"WebSite","@id":"https:\/\/www.stallexpo.com\/de\/#website","url":"https:\/\/www.stallexpo.com\/de\/","name":"Stall Expo","description":"Just another WordPress site","potentialAction":[{"@type":"SearchAction","target":{"@type":"EntryPoint","urlTemplate":"https:\/\/www.stallexpo.com\/de\/?s={search_term_string}"},"query-input":{"@type":"PropertyValueSpecification","valueRequired":true,"valueName":"search_term_string"}}],"inLanguage":"de"}]}},"_links":{"self":[{"href":"https:\/\/www.stallexpo.com\/de\/wp-json\/wp\/v2\/pages\/908","targetHints":{"allow":["GET"]}}],"collection":[{"href":"https:\/\/www.stallexpo.com\/de\/wp-json\/wp\/v2\/pages"}],"about":[{"href":"https:\/\/www.stallexpo.com\/de\/wp-json\/wp\/v2\/types\/page"}],"author":[{"embeddable":true,"href":"https:\/\/www.stallexpo.com\/de\/wp-json\/wp\/v2\/users\/1"}],"replies":[{"embeddable":true,"href":"https:\/\/www.stallexpo.com\/de\/wp-json\/wp\/v2\/comments?post=908"}],"version-history":[{"count":1,"href":"https:\/\/www.stallexpo.com\/de\/wp-json\/wp\/v2\/pages\/908\/revisions"}],"predecessor-version":[{"id":910,"href":"https:\/\/www.stallexpo.com\/de\/wp-json\/wp\/v2\/pages\/908\/revisions\/910"}],"wp:attachment":[{"href":"https:\/\/www.stallexpo.com\/de\/wp-json\/wp\/v2\/media?parent=908"}],"curies":[{"name":"wp","href":"https:\/\/api.w.org\/{rel}","templated":true}]}}