{"id":898,"date":"2014-04-07T19:48:26","date_gmt":"2014-04-07T17:48:26","guid":{"rendered":"http:\/\/www.stallexpo.com\/?page_id=898"},"modified":"2014-04-07T19:48:27","modified_gmt":"2014-04-07T17:48:27","slug":"design-des-standes","status":"publish","type":"page","link":"https:\/\/www.stallexpo.com\/de\/design-des-standes\/","title":{"rendered":"Design des Standes"},"content":{"rendered":"<p>Die Schaffung eines Designstandes bei uneingeschr\u00e4nkten Finanzm\u00f6glichkeiten ist einfach. Die wirklichen Professionellen der Firma Stall Expo schaffen es auch mit eingeschr\u00e4nktem Budget.<\/p>\n<p>Wir projektieren den Messestand komplex mit Akzent auf Nutzung des Raumes, Funktionsf\u00e4higkeit, Komfort und Gesamtaussehen.<\/p>\n<ul>\n<li>Wir entwerfen den\u00a0 Stand so, dass es sowie seitens des Aussehens, als auch der Effektivit\u00e4t entspricht<\/li>\n<li>Wir arbeiten einen Entwurf des Expositionsdesigns auf Grund der Kundenw\u00fcnsche aus \u2013 \u00a0Disposition, Ausstattung, Graphik\u2026<\/li>\n<li>Unsere St\u00e4nde sind zweckm\u00e4\u00dfig, variabel, hergestellt unter Anwendung von modernen Materialien und stabilen Konstruktionen<\/li>\n<li>Alle angewendete Materialien erf\u00fcllen s\u00e4mtliche Sicherheitsnormen<\/li>\n<li>Wir stellen beliebigen atypischen Stand f\u00fcr perfekte Pr\u00e4sentation her<\/li>\n<\/ul>\n<p>Au\u00dfer der klassischen realisieren wir auch Aufbau von atypischen Expositionen f\u00fcr anspruchsvolle Klienten. Dank der kreativen Gestaltung fesselt der Stand Ihre Aufmerksamkeit und pr\u00e4sentiert die Firma in dem besten Licht. Atypische Messest\u00e4nde akzeptieren alle Anforderungen des Klienten und geben uns gr\u00f6\u00dfere M\u00f6glichkeit der Kreativit\u00e4tsverwertung. Beim Aufbau der Exposition nutzen wir unsere langj\u00e4hrigen Erfahrungen aus Realisierung von Messen im ganzen Europa, damit wir den Klienten immer hundertprozentigen Service gew\u00e4hren k\u00f6nnen.<\/p>\n","protected":false},"excerpt":{"rendered":"<p>Die Schaffung eines Designstandes bei uneingeschr\u00e4nkten Finanzm\u00f6glichkeiten ist einfach. Die wirklichen Professionellen der Firma Stall Expo schaffen es auch mit eingeschr\u00e4nktem Budget. Wir projektieren den Messestand komplex mit Akzent auf Nutzung des Raumes, Funktionsf\u00e4higkeit, Komfort und Gesamtaussehen. Wir entwerfen den\u00a0 &hellip; <a href=\"https:\/\/www.stallexpo.com\/de\/design-des-standes\/\">Weiterlesen<\/a><\/p>\n","protected":false},"author":1,"featured_media":0,"parent":0,"menu_order":0,"comment_status":"open","ping_status":"open","template":"","meta":{"_acf_changed":false,"footnotes":""},"class_list":["post-898","page","type-page","status-publish","hentry"],"acf":[],"yoast_head":"<!-- This site is optimized with the Yoast SEO plugin v24.8.1 - https:\/\/yoast.com\/wordpress\/plugins\/seo\/ -->\n<title>Design des Standes - Stall Expo<\/title>\n<meta name=\"robots\" content=\"index, follow, max-snippet:-1, max-image-preview:large, max-video-preview:-1\" \/>\n<link rel=\"canonical\" href=\"https:\/\/www.stallexpo.com\/de\/design-des-standes\/\" \/>\n<meta property=\"og:locale\" content=\"de_DE\" \/>\n<meta property=\"og:type\" content=\"article\" \/>\n<meta property=\"og:title\" content=\"Design des Standes - Stall Expo\" \/>\n<meta property=\"og:description\" content=\"Die Schaffung eines Designstandes bei uneingeschr\u00e4nkten Finanzm\u00f6glichkeiten ist einfach. Die wirklichen Professionellen der Firma Stall Expo schaffen es auch mit eingeschr\u00e4nktem Budget. Wir projektieren den Messestand komplex mit Akzent auf Nutzung des Raumes, Funktionsf\u00e4higkeit, Komfort und Gesamtaussehen. Wir entwerfen den\u00a0 &hellip; Weiterlesen\" \/>\n<meta property=\"og:url\" content=\"https:\/\/www.stallexpo.com\/de\/design-des-standes\/\" \/>\n<meta property=\"og:site_name\" content=\"Stall Expo\" \/>\n<meta property=\"article:modified_time\" content=\"2014-04-07T17:48:27+00:00\" \/>\n<meta name=\"twitter:label1\" content=\"Gesch\u00e4tzte Lesezeit\" \/>\n\t<meta name=\"twitter:data1\" content=\"1\u00a0Minute\" \/>\n<script type=\"application\/ld+json\" class=\"yoast-schema-graph\">{\"@context\":\"https:\/\/schema.org\",\"@graph\":[{\"@type\":\"WebPage\",\"@id\":\"https:\/\/www.stallexpo.com\/de\/design-des-standes\/\",\"url\":\"https:\/\/www.stallexpo.com\/de\/design-des-standes\/\",\"name\":\"Design des Standes - Stall Expo\",\"isPartOf\":{\"@id\":\"https:\/\/www.stallexpo.com\/de\/#website\"},\"datePublished\":\"2014-04-07T17:48:26+00:00\",\"dateModified\":\"2014-04-07T17:48:27+00:00\",\"breadcrumb\":{\"@id\":\"https:\/\/www.stallexpo.com\/de\/design-des-standes\/#breadcrumb\"},\"inLanguage\":\"de\",\"potentialAction\":[{\"@type\":\"ReadAction\",\"target\":[\"https:\/\/www.stallexpo.com\/de\/design-des-standes\/\"]}]},{\"@type\":\"BreadcrumbList\",\"@id\":\"https:\/\/www.stallexpo.com\/de\/design-des-standes\/#breadcrumb\",\"itemListElement\":[{\"@type\":\"ListItem\",\"position\":1,\"name\":\"Home\",\"item\":\"https:\/\/www.stallexpo.com\/de\/\"},{\"@type\":\"ListItem\",\"position\":2,\"name\":\"Design des Standes\"}]},{\"@type\":\"WebSite\",\"@id\":\"https:\/\/www.stallexpo.com\/de\/#website\",\"url\":\"https:\/\/www.stallexpo.com\/de\/\",\"name\":\"Stall Expo\",\"description\":\"Just another WordPress site\",\"potentialAction\":[{\"@type\":\"SearchAction\",\"target\":{\"@type\":\"EntryPoint\",\"urlTemplate\":\"https:\/\/www.stallexpo.com\/de\/?s={search_term_string}\"},\"query-input\":{\"@type\":\"PropertyValueSpecification\",\"valueRequired\":true,\"valueName\":\"search_term_string\"}}],\"inLanguage\":\"de\"}]}<\/script>\n<!-- \/ Yoast SEO plugin. -->","yoast_head_json":{"title":"Design des Standes - Stall Expo","robots":{"index":"index","follow":"follow","max-snippet":"max-snippet:-1","max-image-preview":"max-image-preview:large","max-video-preview":"max-video-preview:-1"},"canonical":"https:\/\/www.stallexpo.com\/de\/design-des-standes\/","og_locale":"de_DE","og_type":"article","og_title":"Design des Standes - Stall Expo","og_description":"Die Schaffung eines Designstandes bei uneingeschr\u00e4nkten Finanzm\u00f6glichkeiten ist einfach. Die wirklichen Professionellen der Firma Stall Expo schaffen es auch mit eingeschr\u00e4nktem Budget. Wir projektieren den Messestand komplex mit Akzent auf Nutzung des Raumes, Funktionsf\u00e4higkeit, Komfort und Gesamtaussehen. Wir entwerfen den\u00a0 &hellip; Weiterlesen","og_url":"https:\/\/www.stallexpo.com\/de\/design-des-standes\/","og_site_name":"Stall Expo","article_modified_time":"2014-04-07T17:48:27+00:00","twitter_misc":{"Gesch\u00e4tzte Lesezeit":"1\u00a0Minute"},"schema":{"@context":"https:\/\/schema.org","@graph":[{"@type":"WebPage","@id":"https:\/\/www.stallexpo.com\/de\/design-des-standes\/","url":"https:\/\/www.stallexpo.com\/de\/design-des-standes\/","name":"Design des Standes - Stall Expo","isPartOf":{"@id":"https:\/\/www.stallexpo.com\/de\/#website"},"datePublished":"2014-04-07T17:48:26+00:00","dateModified":"2014-04-07T17:48:27+00:00","breadcrumb":{"@id":"https:\/\/www.stallexpo.com\/de\/design-des-standes\/#breadcrumb"},"inLanguage":"de","potentialAction":[{"@type":"ReadAction","target":["https:\/\/www.stallexpo.com\/de\/design-des-standes\/"]}]},{"@type":"BreadcrumbList","@id":"https:\/\/www.stallexpo.com\/de\/design-des-standes\/#breadcrumb","itemListElement":[{"@type":"ListItem","position":1,"name":"Home","item":"https:\/\/www.stallexpo.com\/de\/"},{"@type":"ListItem","position":2,"name":"Design des Standes"}]},{"@type":"WebSite","@id":"https:\/\/www.stallexpo.com\/de\/#website","url":"https:\/\/www.stallexpo.com\/de\/","name":"Stall Expo","description":"Just another WordPress site","potentialAction":[{"@type":"SearchAction","target":{"@type":"EntryPoint","urlTemplate":"https:\/\/www.stallexpo.com\/de\/?s={search_term_string}"},"query-input":{"@type":"PropertyValueSpecification","valueRequired":true,"valueName":"search_term_string"}}],"inLanguage":"de"}]}},"_links":{"self":[{"href":"https:\/\/www.stallexpo.com\/de\/wp-json\/wp\/v2\/pages\/898","targetHints":{"allow":["GET"]}}],"collection":[{"href":"https:\/\/www.stallexpo.com\/de\/wp-json\/wp\/v2\/pages"}],"about":[{"href":"https:\/\/www.stallexpo.com\/de\/wp-json\/wp\/v2\/types\/page"}],"author":[{"embeddable":true,"href":"https:\/\/www.stallexpo.com\/de\/wp-json\/wp\/v2\/users\/1"}],"replies":[{"embeddable":true,"href":"https:\/\/www.stallexpo.com\/de\/wp-json\/wp\/v2\/comments?post=898"}],"version-history":[{"count":1,"href":"https:\/\/www.stallexpo.com\/de\/wp-json\/wp\/v2\/pages\/898\/revisions"}],"predecessor-version":[{"id":900,"href":"https:\/\/www.stallexpo.com\/de\/wp-json\/wp\/v2\/pages\/898\/revisions\/900"}],"wp:attachment":[{"href":"https:\/\/www.stallexpo.com\/de\/wp-json\/wp\/v2\/media?parent=898"}],"curies":[{"name":"wp","href":"https:\/\/api.w.org\/{rel}","templated":true}]}}