{"id":892,"date":"2014-04-07T19:44:52","date_gmt":"2014-04-07T17:44:52","guid":{"rendered":"http:\/\/www.stallexpo.com\/?page_id=892"},"modified":"2014-10-22T11:27:02","modified_gmt":"2014-10-22T09:27:02","slug":"dienstleistungen","status":"publish","type":"page","link":"https:\/\/www.stallexpo.com\/de\/dienstleistungen\/","title":{"rendered":"Dienstleistungen"},"content":{"rendered":"<p>Die Gesellschaft STALL EXPO gew\u00e4hrt ihren Kunden eine komfortable Ausstellungsl\u00f6sung. Sie entwirft und baut Ihre St\u00e4nde auf, transportiert diese an Ort und Stelle, installiert und passt sie an, demontiert und lagert diese eventuell auch ein.<\/p>\n","protected":false},"excerpt":{"rendered":"<p>Die Gesellschaft STALL EXPO gew\u00e4hrt ihren Kunden eine komfortable Ausstellungsl\u00f6sung. Sie entwirft und baut Ihre St\u00e4nde auf, transportiert diese an Ort und Stelle, installiert und passt sie an, demontiert und lagert diese eventuell auch ein.<\/p>\n","protected":false},"author":1,"featured_media":0,"parent":0,"menu_order":0,"comment_status":"open","ping_status":"open","template":"it-service-all.php","meta":{"_acf_changed":false,"footnotes":""},"class_list":["post-892","page","type-page","status-publish","hentry"],"acf":[],"yoast_head":"<!-- This site is optimized with the Yoast SEO plugin v24.8.1 - https:\/\/yoast.com\/wordpress\/plugins\/seo\/ -->\n<title>Dienstleistungen - Stall Expo<\/title>\n<meta name=\"robots\" content=\"index, follow, max-snippet:-1, max-image-preview:large, max-video-preview:-1\" \/>\n<link rel=\"canonical\" href=\"https:\/\/www.stallexpo.com\/de\/dienstleistungen\/\" \/>\n<meta property=\"og:locale\" content=\"de_DE\" \/>\n<meta property=\"og:type\" content=\"article\" \/>\n<meta property=\"og:title\" content=\"Dienstleistungen - Stall Expo\" \/>\n<meta property=\"og:description\" content=\"Die Gesellschaft STALL EXPO gew\u00e4hrt ihren Kunden eine komfortable Ausstellungsl\u00f6sung. Sie entwirft und baut Ihre St\u00e4nde auf, transportiert diese an Ort und Stelle, installiert und passt sie an, demontiert und lagert diese eventuell auch ein.\" \/>\n<meta property=\"og:url\" content=\"https:\/\/www.stallexpo.com\/de\/dienstleistungen\/\" \/>\n<meta property=\"og:site_name\" content=\"Stall Expo\" \/>\n<meta property=\"article:modified_time\" content=\"2014-10-22T09:27:02+00:00\" \/>\n<script type=\"application\/ld+json\" class=\"yoast-schema-graph\">{\"@context\":\"https:\/\/schema.org\",\"@graph\":[{\"@type\":\"WebPage\",\"@id\":\"https:\/\/www.stallexpo.com\/de\/dienstleistungen\/\",\"url\":\"https:\/\/www.stallexpo.com\/de\/dienstleistungen\/\",\"name\":\"Dienstleistungen - Stall Expo\",\"isPartOf\":{\"@id\":\"https:\/\/www.stallexpo.com\/de\/#website\"},\"datePublished\":\"2014-04-07T17:44:52+00:00\",\"dateModified\":\"2014-10-22T09:27:02+00:00\",\"breadcrumb\":{\"@id\":\"https:\/\/www.stallexpo.com\/de\/dienstleistungen\/#breadcrumb\"},\"inLanguage\":\"de\",\"potentialAction\":[{\"@type\":\"ReadAction\",\"target\":[\"https:\/\/www.stallexpo.com\/de\/dienstleistungen\/\"]}]},{\"@type\":\"BreadcrumbList\",\"@id\":\"https:\/\/www.stallexpo.com\/de\/dienstleistungen\/#breadcrumb\",\"itemListElement\":[{\"@type\":\"ListItem\",\"position\":1,\"name\":\"Home\",\"item\":\"https:\/\/www.stallexpo.com\/de\/\"},{\"@type\":\"ListItem\",\"position\":2,\"name\":\"Dienstleistungen\"}]},{\"@type\":\"WebSite\",\"@id\":\"https:\/\/www.stallexpo.com\/de\/#website\",\"url\":\"https:\/\/www.stallexpo.com\/de\/\",\"name\":\"Stall Expo\",\"description\":\"Just another WordPress site\",\"potentialAction\":[{\"@type\":\"SearchAction\",\"target\":{\"@type\":\"EntryPoint\",\"urlTemplate\":\"https:\/\/www.stallexpo.com\/de\/?s={search_term_string}\"},\"query-input\":{\"@type\":\"PropertyValueSpecification\",\"valueRequired\":true,\"valueName\":\"search_term_string\"}}],\"inLanguage\":\"de\"}]}<\/script>\n<!-- \/ Yoast SEO plugin. -->","yoast_head_json":{"title":"Dienstleistungen - Stall Expo","robots":{"index":"index","follow":"follow","max-snippet":"max-snippet:-1","max-image-preview":"max-image-preview:large","max-video-preview":"max-video-preview:-1"},"canonical":"https:\/\/www.stallexpo.com\/de\/dienstleistungen\/","og_locale":"de_DE","og_type":"article","og_title":"Dienstleistungen - Stall Expo","og_description":"Die Gesellschaft STALL EXPO gew\u00e4hrt ihren Kunden eine komfortable Ausstellungsl\u00f6sung. Sie entwirft und baut Ihre St\u00e4nde auf, transportiert diese an Ort und Stelle, installiert und passt sie an, demontiert und lagert diese eventuell auch ein.","og_url":"https:\/\/www.stallexpo.com\/de\/dienstleistungen\/","og_site_name":"Stall Expo","article_modified_time":"2014-10-22T09:27:02+00:00","schema":{"@context":"https:\/\/schema.org","@graph":[{"@type":"WebPage","@id":"https:\/\/www.stallexpo.com\/de\/dienstleistungen\/","url":"https:\/\/www.stallexpo.com\/de\/dienstleistungen\/","name":"Dienstleistungen - Stall Expo","isPartOf":{"@id":"https:\/\/www.stallexpo.com\/de\/#website"},"datePublished":"2014-04-07T17:44:52+00:00","dateModified":"2014-10-22T09:27:02+00:00","breadcrumb":{"@id":"https:\/\/www.stallexpo.com\/de\/dienstleistungen\/#breadcrumb"},"inLanguage":"de","potentialAction":[{"@type":"ReadAction","target":["https:\/\/www.stallexpo.com\/de\/dienstleistungen\/"]}]},{"@type":"BreadcrumbList","@id":"https:\/\/www.stallexpo.com\/de\/dienstleistungen\/#breadcrumb","itemListElement":[{"@type":"ListItem","position":1,"name":"Home","item":"https:\/\/www.stallexpo.com\/de\/"},{"@type":"ListItem","position":2,"name":"Dienstleistungen"}]},{"@type":"WebSite","@id":"https:\/\/www.stallexpo.com\/de\/#website","url":"https:\/\/www.stallexpo.com\/de\/","name":"Stall Expo","description":"Just another WordPress site","potentialAction":[{"@type":"SearchAction","target":{"@type":"EntryPoint","urlTemplate":"https:\/\/www.stallexpo.com\/de\/?s={search_term_string}"},"query-input":{"@type":"PropertyValueSpecification","valueRequired":true,"valueName":"search_term_string"}}],"inLanguage":"de"}]}},"_links":{"self":[{"href":"https:\/\/www.stallexpo.com\/de\/wp-json\/wp\/v2\/pages\/892","targetHints":{"allow":["GET"]}}],"collection":[{"href":"https:\/\/www.stallexpo.com\/de\/wp-json\/wp\/v2\/pages"}],"about":[{"href":"https:\/\/www.stallexpo.com\/de\/wp-json\/wp\/v2\/types\/page"}],"author":[{"embeddable":true,"href":"https:\/\/www.stallexpo.com\/de\/wp-json\/wp\/v2\/users\/1"}],"replies":[{"embeddable":true,"href":"https:\/\/www.stallexpo.com\/de\/wp-json\/wp\/v2\/comments?post=892"}],"version-history":[{"count":3,"href":"https:\/\/www.stallexpo.com\/de\/wp-json\/wp\/v2\/pages\/892\/revisions"}],"predecessor-version":[{"id":966,"href":"https:\/\/www.stallexpo.com\/de\/wp-json\/wp\/v2\/pages\/892\/revisions\/966"}],"wp:attachment":[{"href":"https:\/\/www.stallexpo.com\/de\/wp-json\/wp\/v2\/media?parent=892"}],"curies":[{"name":"wp","href":"https:\/\/api.w.org\/{rel}","templated":true}]}}