{"id":888,"date":"2014-04-07T19:41:19","date_gmt":"2014-04-07T17:41:19","guid":{"rendered":"http:\/\/www.stallexpo.com\/?page_id=888"},"modified":"2014-10-22T11:31:08","modified_gmt":"2014-10-22T09:31:08","slug":"anfrage","status":"publish","type":"page","link":"https:\/\/www.stallexpo.com\/de\/anfrage\/","title":{"rendered":"Anfrage"},"content":{"rendered":"<p>Fordern Sie unser Angebot an, es kostet nichts, Sie k\u00f6nnen jedoch viel gewinnen!<\/p>\n<p>F\u00fcllen Sie bitte diesen Vordruck aus, sofern Sie einen Designentwurf und eine Kostenkalkulation f\u00fcr den Aufbau des Standes von STALL EXPO kostenlos erhalten m\u00f6chten:<\/p>\n<p>[formidable id=7]<\/p>\n","protected":false},"excerpt":{"rendered":"<p>Fordern Sie unser Angebot an, es kostet nichts, Sie k\u00f6nnen jedoch viel gewinnen! F\u00fcllen Sie bitte diesen Vordruck aus, sofern Sie einen Designentwurf und eine Kostenkalkulation f\u00fcr den Aufbau des Standes von STALL EXPO kostenlos erhalten m\u00f6chten: [formidable id=7]<\/p>\n","protected":false},"author":1,"featured_media":0,"parent":0,"menu_order":0,"comment_status":"open","ping_status":"open","template":"","meta":{"_acf_changed":false,"footnotes":""},"class_list":["post-888","page","type-page","status-publish","hentry"],"acf":[],"yoast_head":"<!-- This site is optimized with the Yoast SEO plugin v24.8.1 - https:\/\/yoast.com\/wordpress\/plugins\/seo\/ -->\n<title>Anfrage - Stall Expo<\/title>\n<meta name=\"robots\" content=\"index, follow, max-snippet:-1, max-image-preview:large, max-video-preview:-1\" \/>\n<link rel=\"canonical\" href=\"https:\/\/www.stallexpo.com\/de\/anfrage\/\" \/>\n<meta property=\"og:locale\" content=\"de_DE\" \/>\n<meta property=\"og:type\" content=\"article\" \/>\n<meta property=\"og:title\" content=\"Anfrage - Stall Expo\" \/>\n<meta property=\"og:description\" content=\"Fordern Sie unser Angebot an, es kostet nichts, Sie k\u00f6nnen jedoch viel gewinnen! F\u00fcllen Sie bitte diesen Vordruck aus, sofern Sie einen Designentwurf und eine Kostenkalkulation f\u00fcr den Aufbau des Standes von STALL EXPO kostenlos erhalten m\u00f6chten: [formidable id=7]\" \/>\n<meta property=\"og:url\" content=\"https:\/\/www.stallexpo.com\/de\/anfrage\/\" \/>\n<meta property=\"og:site_name\" content=\"Stall Expo\" \/>\n<meta property=\"article:modified_time\" content=\"2014-10-22T09:31:08+00:00\" \/>\n<script type=\"application\/ld+json\" class=\"yoast-schema-graph\">{\"@context\":\"https:\/\/schema.org\",\"@graph\":[{\"@type\":\"WebPage\",\"@id\":\"https:\/\/www.stallexpo.com\/de\/anfrage\/\",\"url\":\"https:\/\/www.stallexpo.com\/de\/anfrage\/\",\"name\":\"Anfrage - Stall Expo\",\"isPartOf\":{\"@id\":\"https:\/\/www.stallexpo.com\/de\/#website\"},\"datePublished\":\"2014-04-07T17:41:19+00:00\",\"dateModified\":\"2014-10-22T09:31:08+00:00\",\"breadcrumb\":{\"@id\":\"https:\/\/www.stallexpo.com\/de\/anfrage\/#breadcrumb\"},\"inLanguage\":\"de\",\"potentialAction\":[{\"@type\":\"ReadAction\",\"target\":[\"https:\/\/www.stallexpo.com\/de\/anfrage\/\"]}]},{\"@type\":\"BreadcrumbList\",\"@id\":\"https:\/\/www.stallexpo.com\/de\/anfrage\/#breadcrumb\",\"itemListElement\":[{\"@type\":\"ListItem\",\"position\":1,\"name\":\"Home\",\"item\":\"https:\/\/www.stallexpo.com\/de\/\"},{\"@type\":\"ListItem\",\"position\":2,\"name\":\"Anfrage\"}]},{\"@type\":\"WebSite\",\"@id\":\"https:\/\/www.stallexpo.com\/de\/#website\",\"url\":\"https:\/\/www.stallexpo.com\/de\/\",\"name\":\"Stall Expo\",\"description\":\"Just another WordPress site\",\"potentialAction\":[{\"@type\":\"SearchAction\",\"target\":{\"@type\":\"EntryPoint\",\"urlTemplate\":\"https:\/\/www.stallexpo.com\/de\/?s={search_term_string}\"},\"query-input\":{\"@type\":\"PropertyValueSpecification\",\"valueRequired\":true,\"valueName\":\"search_term_string\"}}],\"inLanguage\":\"de\"}]}<\/script>\n<!-- \/ Yoast SEO plugin. -->","yoast_head_json":{"title":"Anfrage - Stall Expo","robots":{"index":"index","follow":"follow","max-snippet":"max-snippet:-1","max-image-preview":"max-image-preview:large","max-video-preview":"max-video-preview:-1"},"canonical":"https:\/\/www.stallexpo.com\/de\/anfrage\/","og_locale":"de_DE","og_type":"article","og_title":"Anfrage - Stall Expo","og_description":"Fordern Sie unser Angebot an, es kostet nichts, Sie k\u00f6nnen jedoch viel gewinnen! F\u00fcllen Sie bitte diesen Vordruck aus, sofern Sie einen Designentwurf und eine Kostenkalkulation f\u00fcr den Aufbau des Standes von STALL EXPO kostenlos erhalten m\u00f6chten: [formidable id=7]","og_url":"https:\/\/www.stallexpo.com\/de\/anfrage\/","og_site_name":"Stall Expo","article_modified_time":"2014-10-22T09:31:08+00:00","schema":{"@context":"https:\/\/schema.org","@graph":[{"@type":"WebPage","@id":"https:\/\/www.stallexpo.com\/de\/anfrage\/","url":"https:\/\/www.stallexpo.com\/de\/anfrage\/","name":"Anfrage - Stall Expo","isPartOf":{"@id":"https:\/\/www.stallexpo.com\/de\/#website"},"datePublished":"2014-04-07T17:41:19+00:00","dateModified":"2014-10-22T09:31:08+00:00","breadcrumb":{"@id":"https:\/\/www.stallexpo.com\/de\/anfrage\/#breadcrumb"},"inLanguage":"de","potentialAction":[{"@type":"ReadAction","target":["https:\/\/www.stallexpo.com\/de\/anfrage\/"]}]},{"@type":"BreadcrumbList","@id":"https:\/\/www.stallexpo.com\/de\/anfrage\/#breadcrumb","itemListElement":[{"@type":"ListItem","position":1,"name":"Home","item":"https:\/\/www.stallexpo.com\/de\/"},{"@type":"ListItem","position":2,"name":"Anfrage"}]},{"@type":"WebSite","@id":"https:\/\/www.stallexpo.com\/de\/#website","url":"https:\/\/www.stallexpo.com\/de\/","name":"Stall Expo","description":"Just another WordPress site","potentialAction":[{"@type":"SearchAction","target":{"@type":"EntryPoint","urlTemplate":"https:\/\/www.stallexpo.com\/de\/?s={search_term_string}"},"query-input":{"@type":"PropertyValueSpecification","valueRequired":true,"valueName":"search_term_string"}}],"inLanguage":"de"}]}},"_links":{"self":[{"href":"https:\/\/www.stallexpo.com\/de\/wp-json\/wp\/v2\/pages\/888","targetHints":{"allow":["GET"]}}],"collection":[{"href":"https:\/\/www.stallexpo.com\/de\/wp-json\/wp\/v2\/pages"}],"about":[{"href":"https:\/\/www.stallexpo.com\/de\/wp-json\/wp\/v2\/types\/page"}],"author":[{"embeddable":true,"href":"https:\/\/www.stallexpo.com\/de\/wp-json\/wp\/v2\/users\/1"}],"replies":[{"embeddable":true,"href":"https:\/\/www.stallexpo.com\/de\/wp-json\/wp\/v2\/comments?post=888"}],"version-history":[{"count":3,"href":"https:\/\/www.stallexpo.com\/de\/wp-json\/wp\/v2\/pages\/888\/revisions"}],"predecessor-version":[{"id":968,"href":"https:\/\/www.stallexpo.com\/de\/wp-json\/wp\/v2\/pages\/888\/revisions\/968"}],"wp:attachment":[{"href":"https:\/\/www.stallexpo.com\/de\/wp-json\/wp\/v2\/media?parent=888"}],"curies":[{"name":"wp","href":"https:\/\/api.w.org\/{rel}","templated":true}]}}