{"id":870,"date":"2014-04-07T19:34:40","date_gmt":"2014-04-07T17:34:40","guid":{"rendered":"http:\/\/www.stallexpo.com\/?page_id=870"},"modified":"2014-04-07T20:36:31","modified_gmt":"2014-04-07T18:36:31","slug":"octanorm-economy-3","status":"publish","type":"page","link":"https:\/\/www.stallexpo.com\/de\/octanorm-economy-3\/","title":{"rendered":"OCTANORM \u2013 ECONOMY"},"content":{"rendered":"<p>Octanorm ist dank seiner hohen Qualit\u00e4t und einfacher Bedienung ein \u00fcblich erweitertes, weltweit am \u00f6ftesten angewendetes Aluminium-Ausstellungssystem. Dieses System ist sowie f\u00fcr Innen- als auch f\u00fcr Au\u00dfenr\u00e4ume, von einfachen bis zu komplizierten Expositionen vorgesehen. Es stellt europ\u00e4ischen Standard der Ausstellungsdienstleistungen dar.<\/p>\n<p>Wir verwenden sie vor allen zum Aufbau von kleineren typisierten Expositionen oder zur Realisierung von Komplettausstellungen.<\/p>\n<p>Zu Hauptvorteilen des Octanorm-Systems geh\u00f6rt die Variabilit\u00e4t (zum Unterschied von anderen Ausstellungssystemen), einfache Montage und Lagerf\u00e4higkeit. Dieses System zeichnet sich auch durch Qualit\u00e4tsverarbeitung der Systemelemente, im Falle der wei\u00dfen Farbe mit Feinheit und Eleganz aus. Octanorm erm\u00f6glicht schr\u00e4ge sowie runde W\u00e4nde, Verkaufstische, \u00dcberbauten und auch Erweiterung der Exposition um atypische Elemente \u2013 Tischler- und Schlosserarbeiten, speziell beleuchtete H\u00f6henblickfange usw.<\/p>\n<p>&nbsp;<\/p>\n","protected":false},"excerpt":{"rendered":"<p>Octanorm ist dank seiner hohen Qualit\u00e4t und einfacher Bedienung ein \u00fcblich erweitertes, weltweit am \u00f6ftesten angewendetes Aluminium-Ausstellungssystem. Dieses System ist sowie f\u00fcr Innen- als auch f\u00fcr Au\u00dfenr\u00e4ume, von einfachen bis zu komplizierten Expositionen vorgesehen. Es stellt europ\u00e4ischen Standard der Ausstellungsdienstleistungen &hellip; <a href=\"https:\/\/www.stallexpo.com\/de\/octanorm-economy-3\/\">Weiterlesen<\/a><\/p>\n","protected":false},"author":1,"featured_media":191,"parent":0,"menu_order":0,"comment_status":"open","ping_status":"open","template":"","meta":{"_acf_changed":false,"footnotes":""},"class_list":["post-870","page","type-page","status-publish","has-post-thumbnail","hentry"],"acf":[],"yoast_head":"<!-- This site is optimized with the Yoast SEO plugin v24.8.1 - https:\/\/yoast.com\/wordpress\/plugins\/seo\/ -->\n<title>OCTANORM \u2013 ECONOMY - Stall Expo<\/title>\n<meta name=\"robots\" content=\"index, follow, max-snippet:-1, max-image-preview:large, max-video-preview:-1\" \/>\n<link rel=\"canonical\" href=\"https:\/\/www.stallexpo.com\/de\/octanorm-economy-3\/\" \/>\n<meta property=\"og:locale\" content=\"de_DE\" \/>\n<meta property=\"og:type\" content=\"article\" \/>\n<meta property=\"og:title\" content=\"OCTANORM \u2013 ECONOMY - Stall Expo\" \/>\n<meta property=\"og:description\" content=\"Octanorm ist dank seiner hohen Qualit\u00e4t und einfacher Bedienung ein \u00fcblich erweitertes, weltweit am \u00f6ftesten angewendetes Aluminium-Ausstellungssystem. Dieses System ist sowie f\u00fcr Innen- als auch f\u00fcr Au\u00dfenr\u00e4ume, von einfachen bis zu komplizierten Expositionen vorgesehen. Es stellt europ\u00e4ischen Standard der Ausstellungsdienstleistungen &hellip; Weiterlesen\" \/>\n<meta property=\"og:url\" content=\"https:\/\/www.stallexpo.com\/de\/octanorm-economy-3\/\" \/>\n<meta property=\"og:site_name\" content=\"Stall Expo\" \/>\n<meta property=\"article:modified_time\" content=\"2014-04-07T18:36:31+00:00\" \/>\n<meta property=\"og:image\" content=\"https:\/\/www.stallexpo.com\/media\/octanorm1.png\" \/>\n\t<meta property=\"og:image:width\" content=\"292\" \/>\n\t<meta property=\"og:image:height\" content=\"171\" \/>\n\t<meta property=\"og:image:type\" content=\"image\/png\" \/>\n<meta name=\"twitter:label1\" content=\"Gesch\u00e4tzte Lesezeit\" \/>\n\t<meta name=\"twitter:data1\" content=\"1\u00a0Minute\" \/>\n<script type=\"application\/ld+json\" class=\"yoast-schema-graph\">{\"@context\":\"https:\/\/schema.org\",\"@graph\":[{\"@type\":\"WebPage\",\"@id\":\"https:\/\/www.stallexpo.com\/de\/octanorm-economy-3\/\",\"url\":\"https:\/\/www.stallexpo.com\/de\/octanorm-economy-3\/\",\"name\":\"OCTANORM \u2013 ECONOMY - Stall Expo\",\"isPartOf\":{\"@id\":\"https:\/\/www.stallexpo.com\/de\/#website\"},\"primaryImageOfPage\":{\"@id\":\"https:\/\/www.stallexpo.com\/de\/octanorm-economy-3\/#primaryimage\"},\"image\":{\"@id\":\"https:\/\/www.stallexpo.com\/de\/octanorm-economy-3\/#primaryimage\"},\"thumbnailUrl\":\"https:\/\/www.stallexpo.com\/media\/octanorm1.png\",\"datePublished\":\"2014-04-07T17:34:40+00:00\",\"dateModified\":\"2014-04-07T18:36:31+00:00\",\"breadcrumb\":{\"@id\":\"https:\/\/www.stallexpo.com\/de\/octanorm-economy-3\/#breadcrumb\"},\"inLanguage\":\"de\",\"potentialAction\":[{\"@type\":\"ReadAction\",\"target\":[\"https:\/\/www.stallexpo.com\/de\/octanorm-economy-3\/\"]}]},{\"@type\":\"ImageObject\",\"inLanguage\":\"de\",\"@id\":\"https:\/\/www.stallexpo.com\/de\/octanorm-economy-3\/#primaryimage\",\"url\":\"https:\/\/www.stallexpo.com\/media\/octanorm1.png\",\"contentUrl\":\"https:\/\/www.stallexpo.com\/media\/octanorm1.png\",\"width\":292,\"height\":171},{\"@type\":\"BreadcrumbList\",\"@id\":\"https:\/\/www.stallexpo.com\/de\/octanorm-economy-3\/#breadcrumb\",\"itemListElement\":[{\"@type\":\"ListItem\",\"position\":1,\"name\":\"Home\",\"item\":\"https:\/\/www.stallexpo.com\/de\/\"},{\"@type\":\"ListItem\",\"position\":2,\"name\":\"OCTANORM \u2013 ECONOMY\"}]},{\"@type\":\"WebSite\",\"@id\":\"https:\/\/www.stallexpo.com\/de\/#website\",\"url\":\"https:\/\/www.stallexpo.com\/de\/\",\"name\":\"Stall Expo\",\"description\":\"Just another WordPress site\",\"potentialAction\":[{\"@type\":\"SearchAction\",\"target\":{\"@type\":\"EntryPoint\",\"urlTemplate\":\"https:\/\/www.stallexpo.com\/de\/?s={search_term_string}\"},\"query-input\":{\"@type\":\"PropertyValueSpecification\",\"valueRequired\":true,\"valueName\":\"search_term_string\"}}],\"inLanguage\":\"de\"}]}<\/script>\n<!-- \/ Yoast SEO plugin. -->","yoast_head_json":{"title":"OCTANORM \u2013 ECONOMY - Stall Expo","robots":{"index":"index","follow":"follow","max-snippet":"max-snippet:-1","max-image-preview":"max-image-preview:large","max-video-preview":"max-video-preview:-1"},"canonical":"https:\/\/www.stallexpo.com\/de\/octanorm-economy-3\/","og_locale":"de_DE","og_type":"article","og_title":"OCTANORM \u2013 ECONOMY - Stall Expo","og_description":"Octanorm ist dank seiner hohen Qualit\u00e4t und einfacher Bedienung ein \u00fcblich erweitertes, weltweit am \u00f6ftesten angewendetes Aluminium-Ausstellungssystem. Dieses System ist sowie f\u00fcr Innen- als auch f\u00fcr Au\u00dfenr\u00e4ume, von einfachen bis zu komplizierten Expositionen vorgesehen. Es stellt europ\u00e4ischen Standard der Ausstellungsdienstleistungen &hellip; Weiterlesen","og_url":"https:\/\/www.stallexpo.com\/de\/octanorm-economy-3\/","og_site_name":"Stall Expo","article_modified_time":"2014-04-07T18:36:31+00:00","og_image":[{"width":292,"height":171,"url":"https:\/\/www.stallexpo.com\/media\/octanorm1.png","type":"image\/png"}],"twitter_misc":{"Gesch\u00e4tzte Lesezeit":"1\u00a0Minute"},"schema":{"@context":"https:\/\/schema.org","@graph":[{"@type":"WebPage","@id":"https:\/\/www.stallexpo.com\/de\/octanorm-economy-3\/","url":"https:\/\/www.stallexpo.com\/de\/octanorm-economy-3\/","name":"OCTANORM \u2013 ECONOMY - Stall Expo","isPartOf":{"@id":"https:\/\/www.stallexpo.com\/de\/#website"},"primaryImageOfPage":{"@id":"https:\/\/www.stallexpo.com\/de\/octanorm-economy-3\/#primaryimage"},"image":{"@id":"https:\/\/www.stallexpo.com\/de\/octanorm-economy-3\/#primaryimage"},"thumbnailUrl":"https:\/\/www.stallexpo.com\/media\/octanorm1.png","datePublished":"2014-04-07T17:34:40+00:00","dateModified":"2014-04-07T18:36:31+00:00","breadcrumb":{"@id":"https:\/\/www.stallexpo.com\/de\/octanorm-economy-3\/#breadcrumb"},"inLanguage":"de","potentialAction":[{"@type":"ReadAction","target":["https:\/\/www.stallexpo.com\/de\/octanorm-economy-3\/"]}]},{"@type":"ImageObject","inLanguage":"de","@id":"https:\/\/www.stallexpo.com\/de\/octanorm-economy-3\/#primaryimage","url":"https:\/\/www.stallexpo.com\/media\/octanorm1.png","contentUrl":"https:\/\/www.stallexpo.com\/media\/octanorm1.png","width":292,"height":171},{"@type":"BreadcrumbList","@id":"https:\/\/www.stallexpo.com\/de\/octanorm-economy-3\/#breadcrumb","itemListElement":[{"@type":"ListItem","position":1,"name":"Home","item":"https:\/\/www.stallexpo.com\/de\/"},{"@type":"ListItem","position":2,"name":"OCTANORM \u2013 ECONOMY"}]},{"@type":"WebSite","@id":"https:\/\/www.stallexpo.com\/de\/#website","url":"https:\/\/www.stallexpo.com\/de\/","name":"Stall Expo","description":"Just another WordPress site","potentialAction":[{"@type":"SearchAction","target":{"@type":"EntryPoint","urlTemplate":"https:\/\/www.stallexpo.com\/de\/?s={search_term_string}"},"query-input":{"@type":"PropertyValueSpecification","valueRequired":true,"valueName":"search_term_string"}}],"inLanguage":"de"}]}},"_links":{"self":[{"href":"https:\/\/www.stallexpo.com\/de\/wp-json\/wp\/v2\/pages\/870","targetHints":{"allow":["GET"]}}],"collection":[{"href":"https:\/\/www.stallexpo.com\/de\/wp-json\/wp\/v2\/pages"}],"about":[{"href":"https:\/\/www.stallexpo.com\/de\/wp-json\/wp\/v2\/types\/page"}],"author":[{"embeddable":true,"href":"https:\/\/www.stallexpo.com\/de\/wp-json\/wp\/v2\/users\/1"}],"replies":[{"embeddable":true,"href":"https:\/\/www.stallexpo.com\/de\/wp-json\/wp\/v2\/comments?post=870"}],"version-history":[{"count":1,"href":"https:\/\/www.stallexpo.com\/de\/wp-json\/wp\/v2\/pages\/870\/revisions"}],"predecessor-version":[{"id":871,"href":"https:\/\/www.stallexpo.com\/de\/wp-json\/wp\/v2\/pages\/870\/revisions\/871"}],"wp:featuredmedia":[{"embeddable":true,"href":"https:\/\/www.stallexpo.com\/de\/wp-json\/wp\/v2\/media\/191"}],"wp:attachment":[{"href":"https:\/\/www.stallexpo.com\/de\/wp-json\/wp\/v2\/media?parent=870"}],"curies":[{"name":"wp","href":"https:\/\/api.w.org\/{rel}","templated":true}]}}