{"id":948,"date":"2014-04-13T21:31:08","date_gmt":"2014-04-13T19:31:08","guid":{"rendered":"http:\/\/www.stallexpo.com\/?page_id=948"},"modified":"2014-04-13T21:31:08","modified_gmt":"2014-04-13T19:31:08","slug":"produkty-sluzby","status":"publish","type":"page","link":"https:\/\/www.stallexpo.com\/cs\/produkty-sluzby\/","title":{"rendered":"Produkty a slu\u017eby"},"content":{"rendered":"<ul>\n<li>Zpracov\u00e1n\u00ed n\u00e1vrhu expozice<\/li>\n<\/ul>\n<p>Vytv\u00e1\u0159\u00edme architektonick\u00e9 a grafick\u00e9 n\u00e1vrhy v\u00fdstavn\u00edch st\u00e1nk\u016f dle po\u017eadavk\u016f investora. Design prezentujeme ve 3D form\u00e1ch nebo jako virtu\u00e1ln\u00ed reality show.<\/p>\n<ul>\n<li>Realizace expozice<\/li>\n<\/ul>\n<p>U v\u00fdstavn\u00edho st\u00e1nku \u010dasto pou\u017e\u00edv\u00e1me standardizovan\u00e9 konstruk\u010dn\u00ed prvky OCTANORM, MONTI a ALUR, ale tak\u00e9 speci\u00e1ln\u00ed konstrukce na zak\u00e1zku. Rovn\u011b\u017e nab\u00edz\u00edme atypick\u00e9 expozice. Velmi \u010dasto je pou\u017e\u00edv\u00e1na kombinace t\u011bchto dvou mo\u017enost\u00ed, kter\u00e1 je origin\u00e1ln\u00ed a z\u00e1rove\u0148\u00a0 cenov\u011b dostupn\u00e1.<\/p>\n<ul>\n<li>Vybaven\u00ed<\/li>\n<\/ul>\n<p>Expozice je efektivn\u011b za\u0159\u00edzen\u00e1, vyzdoben\u00e1 kv\u011btinov\u00fdmi a grafick\u00fdmi n\u00e1vrhy a vybavena komunika\u010dn\u00ed \u010di konferen\u010dn\u00ed technologi\u00ed.<\/p>\n<p>V\u00fdstavn\u00ed st\u00e1nky klienta<\/p>\n<p>&nbsp;<\/p>\n<p>Pokud se klient \u00fa\u010dastn\u00ed v\u00fdstav \u010dty\u0159ikr\u00e1t nebo v\u00edcekr\u00e1t v pr\u016fb\u011bhu jednoho roku, doporu\u010dujeme mu koupi vlastn\u00edho v\u00fdstavn\u00edho st\u00e1nku. Jsme schopni tento st\u00e1nek skladovat, sestavovat \u010di opravovat, pokud bude t\u0159eba.<\/p>\n","protected":false},"excerpt":{"rendered":"<p>Zpracov\u00e1n\u00ed n\u00e1vrhu expozice Vytv\u00e1\u0159\u00edme architektonick\u00e9 a grafick\u00e9 n\u00e1vrhy v\u00fdstavn\u00edch st\u00e1nk\u016f dle po\u017eadavk\u016f investora. Design prezentujeme ve 3D form\u00e1ch nebo jako virtu\u00e1ln\u00ed reality show. Realizace expozice U v\u00fdstavn\u00edho st\u00e1nku \u010dasto pou\u017e\u00edv\u00e1me standardizovan\u00e9 konstruk\u010dn\u00ed prvky OCTANORM, MONTI a ALUR, ale tak\u00e9 speci\u00e1ln\u00ed &hellip; <a href=\"https:\/\/www.stallexpo.com\/cs\/produkty-sluzby\/\">Continued<\/a><\/p>\n","protected":false},"author":1,"featured_media":0,"parent":0,"menu_order":0,"comment_status":"open","ping_status":"open","template":"","meta":{"_acf_changed":false,"footnotes":""},"class_list":["post-948","page","type-page","status-publish","hentry"],"acf":[],"yoast_head":"<!-- This site is optimized with the Yoast SEO plugin v24.8.1 - https:\/\/yoast.com\/wordpress\/plugins\/seo\/ -->\n<title>Produkty a slu\u017eby  - Stall Expo<\/title>\n<meta name=\"robots\" content=\"index, follow, max-snippet:-1, max-image-preview:large, max-video-preview:-1\" \/>\n<link rel=\"canonical\" href=\"https:\/\/www.stallexpo.com\/cs\/produkty-sluzby\/\" \/>\n<meta property=\"og:locale\" content=\"cs_CZ\" \/>\n<meta property=\"og:type\" content=\"article\" \/>\n<meta property=\"og:title\" content=\"Produkty a slu\u017eby  - Stall Expo\" \/>\n<meta property=\"og:description\" content=\"Zpracov\u00e1n\u00ed n\u00e1vrhu expozice Vytv\u00e1\u0159\u00edme architektonick\u00e9 a grafick\u00e9 n\u00e1vrhy v\u00fdstavn\u00edch st\u00e1nk\u016f dle po\u017eadavk\u016f investora. Design prezentujeme ve 3D form\u00e1ch nebo jako virtu\u00e1ln\u00ed reality show. Realizace expozice U v\u00fdstavn\u00edho st\u00e1nku \u010dasto pou\u017e\u00edv\u00e1me standardizovan\u00e9 konstruk\u010dn\u00ed prvky OCTANORM, MONTI a ALUR, ale tak\u00e9 speci\u00e1ln\u00ed &hellip; Continued\" \/>\n<meta property=\"og:url\" content=\"https:\/\/www.stallexpo.com\/cs\/produkty-sluzby\/\" \/>\n<meta property=\"og:site_name\" content=\"Stall Expo\" \/>\n<meta name=\"twitter:label1\" content=\"Odhadovan\u00e1 doba \u010dten\u00ed\" \/>\n\t<meta name=\"twitter:data1\" content=\"1 minuta\" \/>\n<script type=\"application\/ld+json\" class=\"yoast-schema-graph\">{\"@context\":\"https:\/\/schema.org\",\"@graph\":[{\"@type\":\"WebPage\",\"@id\":\"https:\/\/www.stallexpo.com\/cs\/produkty-sluzby\/\",\"url\":\"https:\/\/www.stallexpo.com\/cs\/produkty-sluzby\/\",\"name\":\"Produkty a slu\u017eby - Stall Expo\",\"isPartOf\":{\"@id\":\"https:\/\/www.stallexpo.com\/cs\/#website\"},\"datePublished\":\"2014-04-13T19:31:08+00:00\",\"breadcrumb\":{\"@id\":\"https:\/\/www.stallexpo.com\/cs\/produkty-sluzby\/#breadcrumb\"},\"inLanguage\":\"cs\",\"potentialAction\":[{\"@type\":\"ReadAction\",\"target\":[\"https:\/\/www.stallexpo.com\/cs\/produkty-sluzby\/\"]}]},{\"@type\":\"BreadcrumbList\",\"@id\":\"https:\/\/www.stallexpo.com\/cs\/produkty-sluzby\/#breadcrumb\",\"itemListElement\":[{\"@type\":\"ListItem\",\"position\":1,\"name\":\"Home\",\"item\":\"https:\/\/www.stallexpo.com\/cs\/\"},{\"@type\":\"ListItem\",\"position\":2,\"name\":\"Produkty a slu\u017eby\"}]},{\"@type\":\"WebSite\",\"@id\":\"https:\/\/www.stallexpo.com\/cs\/#website\",\"url\":\"https:\/\/www.stallexpo.com\/cs\/\",\"name\":\"Stall Expo\",\"description\":\"Just another WordPress site\",\"potentialAction\":[{\"@type\":\"SearchAction\",\"target\":{\"@type\":\"EntryPoint\",\"urlTemplate\":\"https:\/\/www.stallexpo.com\/cs\/?s={search_term_string}\"},\"query-input\":{\"@type\":\"PropertyValueSpecification\",\"valueRequired\":true,\"valueName\":\"search_term_string\"}}],\"inLanguage\":\"cs\"}]}<\/script>\n<!-- \/ Yoast SEO plugin. -->","yoast_head_json":{"title":"Produkty a slu\u017eby  - Stall Expo","robots":{"index":"index","follow":"follow","max-snippet":"max-snippet:-1","max-image-preview":"max-image-preview:large","max-video-preview":"max-video-preview:-1"},"canonical":"https:\/\/www.stallexpo.com\/cs\/produkty-sluzby\/","og_locale":"cs_CZ","og_type":"article","og_title":"Produkty a slu\u017eby  - Stall Expo","og_description":"Zpracov\u00e1n\u00ed n\u00e1vrhu expozice Vytv\u00e1\u0159\u00edme architektonick\u00e9 a grafick\u00e9 n\u00e1vrhy v\u00fdstavn\u00edch st\u00e1nk\u016f dle po\u017eadavk\u016f investora. Design prezentujeme ve 3D form\u00e1ch nebo jako virtu\u00e1ln\u00ed reality show. Realizace expozice U v\u00fdstavn\u00edho st\u00e1nku \u010dasto pou\u017e\u00edv\u00e1me standardizovan\u00e9 konstruk\u010dn\u00ed prvky OCTANORM, MONTI a ALUR, ale tak\u00e9 speci\u00e1ln\u00ed &hellip; Continued","og_url":"https:\/\/www.stallexpo.com\/cs\/produkty-sluzby\/","og_site_name":"Stall Expo","twitter_misc":{"Odhadovan\u00e1 doba \u010dten\u00ed":"1 minuta"},"schema":{"@context":"https:\/\/schema.org","@graph":[{"@type":"WebPage","@id":"https:\/\/www.stallexpo.com\/cs\/produkty-sluzby\/","url":"https:\/\/www.stallexpo.com\/cs\/produkty-sluzby\/","name":"Produkty a slu\u017eby - Stall Expo","isPartOf":{"@id":"https:\/\/www.stallexpo.com\/cs\/#website"},"datePublished":"2014-04-13T19:31:08+00:00","breadcrumb":{"@id":"https:\/\/www.stallexpo.com\/cs\/produkty-sluzby\/#breadcrumb"},"inLanguage":"cs","potentialAction":[{"@type":"ReadAction","target":["https:\/\/www.stallexpo.com\/cs\/produkty-sluzby\/"]}]},{"@type":"BreadcrumbList","@id":"https:\/\/www.stallexpo.com\/cs\/produkty-sluzby\/#breadcrumb","itemListElement":[{"@type":"ListItem","position":1,"name":"Home","item":"https:\/\/www.stallexpo.com\/cs\/"},{"@type":"ListItem","position":2,"name":"Produkty a slu\u017eby"}]},{"@type":"WebSite","@id":"https:\/\/www.stallexpo.com\/cs\/#website","url":"https:\/\/www.stallexpo.com\/cs\/","name":"Stall Expo","description":"Just another WordPress site","potentialAction":[{"@type":"SearchAction","target":{"@type":"EntryPoint","urlTemplate":"https:\/\/www.stallexpo.com\/cs\/?s={search_term_string}"},"query-input":{"@type":"PropertyValueSpecification","valueRequired":true,"valueName":"search_term_string"}}],"inLanguage":"cs"}]}},"_links":{"self":[{"href":"https:\/\/www.stallexpo.com\/cs\/wp-json\/wp\/v2\/pages\/948","targetHints":{"allow":["GET"]}}],"collection":[{"href":"https:\/\/www.stallexpo.com\/cs\/wp-json\/wp\/v2\/pages"}],"about":[{"href":"https:\/\/www.stallexpo.com\/cs\/wp-json\/wp\/v2\/types\/page"}],"author":[{"embeddable":true,"href":"https:\/\/www.stallexpo.com\/cs\/wp-json\/wp\/v2\/users\/1"}],"replies":[{"embeddable":true,"href":"https:\/\/www.stallexpo.com\/cs\/wp-json\/wp\/v2\/comments?post=948"}],"version-history":[{"count":1,"href":"https:\/\/www.stallexpo.com\/cs\/wp-json\/wp\/v2\/pages\/948\/revisions"}],"predecessor-version":[{"id":949,"href":"https:\/\/www.stallexpo.com\/cs\/wp-json\/wp\/v2\/pages\/948\/revisions\/949"}],"wp:attachment":[{"href":"https:\/\/www.stallexpo.com\/cs\/wp-json\/wp\/v2\/media?parent=948"}],"curies":[{"name":"wp","href":"https:\/\/api.w.org\/{rel}","templated":true}]}}