{"id":925,"date":"2014-04-07T19:59:05","date_gmt":"2014-04-07T17:59:05","guid":{"rendered":"http:\/\/www.stallexpo.com\/?page_id=925"},"modified":"2014-04-07T19:59:05","modified_gmt":"2014-04-07T17:59:05","slug":"galerie-vystavnich-stanku","status":"publish","type":"page","link":"https:\/\/www.stallexpo.com\/cs\/galerie-vystavnich-stanku\/","title":{"rendered":"Galerie v\u00fdstavn\u00edch st\u00e1nk\u016f"},"content":{"rendered":"<p>STALL EXPO instaluje velmi kvalitn\u00ed v\u00fdstavn\u00ed syst\u00e9m pomoc\u00ed profesion\u00e1ln\u00edho a zku\u0161en\u00e9ho t\u00fdmu.<\/p>\n<p>Vyberte si bu\u010f z na\u0161ich nejpopul\u00e1rn\u011bj\u0161\u00edch v\u00fdstavn\u00edch st\u00e1nk\u016f, hlin\u00edkov\u00fdch syst\u00e9mov\u00fdch st\u00e1nk\u016f anebo upravte v\u00e1\u0161 st\u00e1nek tak, aby dojem na va\u0161\u00ed dal\u0161\u00ed akci byl co nejlep\u0161\u00ed.<\/p>\n","protected":false},"excerpt":{"rendered":"<p>STALL EXPO instaluje velmi kvalitn\u00ed v\u00fdstavn\u00ed syst\u00e9m pomoc\u00ed profesion\u00e1ln\u00edho a zku\u0161en\u00e9ho t\u00fdmu. Vyberte si bu\u010f z na\u0161ich nejpopul\u00e1rn\u011bj\u0161\u00edch v\u00fdstavn\u00edch st\u00e1nk\u016f, hlin\u00edkov\u00fdch syst\u00e9mov\u00fdch st\u00e1nk\u016f anebo upravte v\u00e1\u0161 st\u00e1nek tak, aby dojem na va\u0161\u00ed dal\u0161\u00ed akci byl co nejlep\u0161\u00ed.<\/p>\n","protected":false},"author":1,"featured_media":0,"parent":0,"menu_order":0,"comment_status":"open","ping_status":"open","template":"it-gallery.php","meta":{"_acf_changed":false,"footnotes":""},"class_list":["post-925","page","type-page","status-publish","hentry"],"acf":[],"yoast_head":"<!-- This site is optimized with the Yoast SEO plugin v24.8.1 - https:\/\/yoast.com\/wordpress\/plugins\/seo\/ -->\n<title>Galerie v\u00fdstavn\u00edch st\u00e1nk\u016f - Stall Expo<\/title>\n<meta name=\"robots\" content=\"index, follow, max-snippet:-1, max-image-preview:large, max-video-preview:-1\" \/>\n<link rel=\"canonical\" href=\"https:\/\/www.stallexpo.com\/cs\/galerie-vystavnich-stanku\/\" \/>\n<meta property=\"og:locale\" content=\"cs_CZ\" \/>\n<meta property=\"og:type\" content=\"article\" \/>\n<meta property=\"og:title\" content=\"Galerie v\u00fdstavn\u00edch st\u00e1nk\u016f - Stall Expo\" \/>\n<meta property=\"og:description\" content=\"STALL EXPO instaluje velmi kvalitn\u00ed v\u00fdstavn\u00ed syst\u00e9m pomoc\u00ed profesion\u00e1ln\u00edho a zku\u0161en\u00e9ho t\u00fdmu. Vyberte si bu\u010f z na\u0161ich nejpopul\u00e1rn\u011bj\u0161\u00edch v\u00fdstavn\u00edch st\u00e1nk\u016f, hlin\u00edkov\u00fdch syst\u00e9mov\u00fdch st\u00e1nk\u016f anebo upravte v\u00e1\u0161 st\u00e1nek tak, aby dojem na va\u0161\u00ed dal\u0161\u00ed akci byl co nejlep\u0161\u00ed.\" \/>\n<meta property=\"og:url\" content=\"https:\/\/www.stallexpo.com\/cs\/galerie-vystavnich-stanku\/\" \/>\n<meta property=\"og:site_name\" content=\"Stall Expo\" \/>\n<script type=\"application\/ld+json\" class=\"yoast-schema-graph\">{\"@context\":\"https:\/\/schema.org\",\"@graph\":[{\"@type\":\"WebPage\",\"@id\":\"https:\/\/www.stallexpo.com\/cs\/galerie-vystavnich-stanku\/\",\"url\":\"https:\/\/www.stallexpo.com\/cs\/galerie-vystavnich-stanku\/\",\"name\":\"Galerie v\u00fdstavn\u00edch st\u00e1nk\u016f - Stall Expo\",\"isPartOf\":{\"@id\":\"https:\/\/www.stallexpo.com\/cs\/#website\"},\"datePublished\":\"2014-04-07T17:59:05+00:00\",\"breadcrumb\":{\"@id\":\"https:\/\/www.stallexpo.com\/cs\/galerie-vystavnich-stanku\/#breadcrumb\"},\"inLanguage\":\"cs\",\"potentialAction\":[{\"@type\":\"ReadAction\",\"target\":[\"https:\/\/www.stallexpo.com\/cs\/galerie-vystavnich-stanku\/\"]}]},{\"@type\":\"BreadcrumbList\",\"@id\":\"https:\/\/www.stallexpo.com\/cs\/galerie-vystavnich-stanku\/#breadcrumb\",\"itemListElement\":[{\"@type\":\"ListItem\",\"position\":1,\"name\":\"Home\",\"item\":\"https:\/\/www.stallexpo.com\/cs\/\"},{\"@type\":\"ListItem\",\"position\":2,\"name\":\"Galerie v\u00fdstavn\u00edch st\u00e1nk\u016f\"}]},{\"@type\":\"WebSite\",\"@id\":\"https:\/\/www.stallexpo.com\/cs\/#website\",\"url\":\"https:\/\/www.stallexpo.com\/cs\/\",\"name\":\"Stall Expo\",\"description\":\"Just another WordPress site\",\"potentialAction\":[{\"@type\":\"SearchAction\",\"target\":{\"@type\":\"EntryPoint\",\"urlTemplate\":\"https:\/\/www.stallexpo.com\/cs\/?s={search_term_string}\"},\"query-input\":{\"@type\":\"PropertyValueSpecification\",\"valueRequired\":true,\"valueName\":\"search_term_string\"}}],\"inLanguage\":\"cs\"}]}<\/script>\n<!-- \/ Yoast SEO plugin. -->","yoast_head_json":{"title":"Galerie v\u00fdstavn\u00edch st\u00e1nk\u016f - Stall Expo","robots":{"index":"index","follow":"follow","max-snippet":"max-snippet:-1","max-image-preview":"max-image-preview:large","max-video-preview":"max-video-preview:-1"},"canonical":"https:\/\/www.stallexpo.com\/cs\/galerie-vystavnich-stanku\/","og_locale":"cs_CZ","og_type":"article","og_title":"Galerie v\u00fdstavn\u00edch st\u00e1nk\u016f - Stall Expo","og_description":"STALL EXPO instaluje velmi kvalitn\u00ed v\u00fdstavn\u00ed syst\u00e9m pomoc\u00ed profesion\u00e1ln\u00edho a zku\u0161en\u00e9ho t\u00fdmu. Vyberte si bu\u010f z na\u0161ich nejpopul\u00e1rn\u011bj\u0161\u00edch v\u00fdstavn\u00edch st\u00e1nk\u016f, hlin\u00edkov\u00fdch syst\u00e9mov\u00fdch st\u00e1nk\u016f anebo upravte v\u00e1\u0161 st\u00e1nek tak, aby dojem na va\u0161\u00ed dal\u0161\u00ed akci byl co nejlep\u0161\u00ed.","og_url":"https:\/\/www.stallexpo.com\/cs\/galerie-vystavnich-stanku\/","og_site_name":"Stall Expo","schema":{"@context":"https:\/\/schema.org","@graph":[{"@type":"WebPage","@id":"https:\/\/www.stallexpo.com\/cs\/galerie-vystavnich-stanku\/","url":"https:\/\/www.stallexpo.com\/cs\/galerie-vystavnich-stanku\/","name":"Galerie v\u00fdstavn\u00edch st\u00e1nk\u016f - Stall Expo","isPartOf":{"@id":"https:\/\/www.stallexpo.com\/cs\/#website"},"datePublished":"2014-04-07T17:59:05+00:00","breadcrumb":{"@id":"https:\/\/www.stallexpo.com\/cs\/galerie-vystavnich-stanku\/#breadcrumb"},"inLanguage":"cs","potentialAction":[{"@type":"ReadAction","target":["https:\/\/www.stallexpo.com\/cs\/galerie-vystavnich-stanku\/"]}]},{"@type":"BreadcrumbList","@id":"https:\/\/www.stallexpo.com\/cs\/galerie-vystavnich-stanku\/#breadcrumb","itemListElement":[{"@type":"ListItem","position":1,"name":"Home","item":"https:\/\/www.stallexpo.com\/cs\/"},{"@type":"ListItem","position":2,"name":"Galerie v\u00fdstavn\u00edch st\u00e1nk\u016f"}]},{"@type":"WebSite","@id":"https:\/\/www.stallexpo.com\/cs\/#website","url":"https:\/\/www.stallexpo.com\/cs\/","name":"Stall Expo","description":"Just another WordPress site","potentialAction":[{"@type":"SearchAction","target":{"@type":"EntryPoint","urlTemplate":"https:\/\/www.stallexpo.com\/cs\/?s={search_term_string}"},"query-input":{"@type":"PropertyValueSpecification","valueRequired":true,"valueName":"search_term_string"}}],"inLanguage":"cs"}]}},"_links":{"self":[{"href":"https:\/\/www.stallexpo.com\/cs\/wp-json\/wp\/v2\/pages\/925","targetHints":{"allow":["GET"]}}],"collection":[{"href":"https:\/\/www.stallexpo.com\/cs\/wp-json\/wp\/v2\/pages"}],"about":[{"href":"https:\/\/www.stallexpo.com\/cs\/wp-json\/wp\/v2\/types\/page"}],"author":[{"embeddable":true,"href":"https:\/\/www.stallexpo.com\/cs\/wp-json\/wp\/v2\/users\/1"}],"replies":[{"embeddable":true,"href":"https:\/\/www.stallexpo.com\/cs\/wp-json\/wp\/v2\/comments?post=925"}],"version-history":[{"count":1,"href":"https:\/\/www.stallexpo.com\/cs\/wp-json\/wp\/v2\/pages\/925\/revisions"}],"predecessor-version":[{"id":927,"href":"https:\/\/www.stallexpo.com\/cs\/wp-json\/wp\/v2\/pages\/925\/revisions\/927"}],"wp:attachment":[{"href":"https:\/\/www.stallexpo.com\/cs\/wp-json\/wp\/v2\/media?parent=925"}],"curies":[{"name":"wp","href":"https:\/\/api.w.org\/{rel}","templated":true}]}}