{"id":919,"date":"2014-04-07T19:57:15","date_gmt":"2014-04-07T17:57:15","guid":{"rendered":"http:\/\/www.stallexpo.com\/?page_id=919"},"modified":"2014-04-07T19:58:25","modified_gmt":"2014-04-07T17:58:25","slug":"nasi-spokojeni-zakaznici","status":"publish","type":"page","link":"https:\/\/www.stallexpo.com\/cs\/nasi-spokojeni-zakaznici\/","title":{"rendered":"Reference"},"content":{"rendered":"<h2>Na\u0161i spokojen\u00ed z\u00e1kazn\u00edci<\/h2>\n<p>S pot\u011b\u0161en\u00edm v\u00e1m p\u0159edstavujeme n\u011bkter\u00e9 z na\u0161ich z\u00e1kazn\u00edk\u016f.<\/p>\n<p>Nev\u00e1hejte, pros\u00edm, oslovit n\u011bkterou z t\u011bchto spole\u010dnost\u00ed a po\u017e\u00e1dat o jejich doporu\u010den\u00ed t\u00fdkaj\u00edc\u00ed se v\u00fdstavn\u00edho servisu.<\/p>\n<p><a href=\"http:\/\/www.stallexpo.com\/media\/STALL_EXPO_stranka-loga2-1.png\"><img loading=\"lazy\" decoding=\"async\" alt=\"STALL_EXPO_stranka loga2 (1)\" src=\"http:\/\/www.stallexpo.com\/media\/STALL_EXPO_stranka-loga2-1.png\" width=\"973\" height=\"2853\" \/><\/a><\/p>\n","protected":false},"excerpt":{"rendered":"<p>Na\u0161i spokojen\u00ed z\u00e1kazn\u00edci S pot\u011b\u0161en\u00edm v\u00e1m p\u0159edstavujeme n\u011bkter\u00e9 z na\u0161ich z\u00e1kazn\u00edk\u016f. Nev\u00e1hejte, pros\u00edm, oslovit n\u011bkterou z t\u011bchto spole\u010dnost\u00ed a po\u017e\u00e1dat o jejich doporu\u010den\u00ed t\u00fdkaj\u00edc\u00ed se v\u00fdstavn\u00edho servisu.<\/p>\n","protected":false},"author":1,"featured_media":0,"parent":0,"menu_order":0,"comment_status":"open","ping_status":"open","template":"it-reference.php","meta":{"_acf_changed":false,"footnotes":""},"class_list":["post-919","page","type-page","status-publish","hentry"],"acf":[],"yoast_head":"<!-- This site is optimized with the Yoast SEO plugin v24.8.1 - https:\/\/yoast.com\/wordpress\/plugins\/seo\/ -->\n<title>Reference - Stall Expo<\/title>\n<meta name=\"robots\" content=\"index, follow, max-snippet:-1, max-image-preview:large, max-video-preview:-1\" \/>\n<link rel=\"canonical\" href=\"https:\/\/www.stallexpo.com\/cs\/nasi-spokojeni-zakaznici\/\" \/>\n<meta property=\"og:locale\" content=\"cs_CZ\" \/>\n<meta property=\"og:type\" content=\"article\" \/>\n<meta property=\"og:title\" content=\"Reference - Stall Expo\" \/>\n<meta property=\"og:description\" content=\"Na\u0161i spokojen\u00ed z\u00e1kazn\u00edci S pot\u011b\u0161en\u00edm v\u00e1m p\u0159edstavujeme n\u011bkter\u00e9 z na\u0161ich z\u00e1kazn\u00edk\u016f. Nev\u00e1hejte, pros\u00edm, oslovit n\u011bkterou z t\u011bchto spole\u010dnost\u00ed a po\u017e\u00e1dat o jejich doporu\u010den\u00ed t\u00fdkaj\u00edc\u00ed se v\u00fdstavn\u00edho servisu.\" \/>\n<meta property=\"og:url\" content=\"https:\/\/www.stallexpo.com\/cs\/nasi-spokojeni-zakaznici\/\" \/>\n<meta property=\"og:site_name\" content=\"Stall Expo\" \/>\n<meta property=\"article:modified_time\" content=\"2014-04-07T17:58:25+00:00\" \/>\n<meta property=\"og:image\" content=\"http:\/\/www.stallexpo.com\/media\/STALL_EXPO_stranka-loga2-1.png\" \/>\n<script type=\"application\/ld+json\" class=\"yoast-schema-graph\">{\"@context\":\"https:\/\/schema.org\",\"@graph\":[{\"@type\":\"WebPage\",\"@id\":\"https:\/\/www.stallexpo.com\/cs\/nasi-spokojeni-zakaznici\/\",\"url\":\"https:\/\/www.stallexpo.com\/cs\/nasi-spokojeni-zakaznici\/\",\"name\":\"Reference - Stall Expo\",\"isPartOf\":{\"@id\":\"https:\/\/www.stallexpo.com\/cs\/#website\"},\"primaryImageOfPage\":{\"@id\":\"https:\/\/www.stallexpo.com\/cs\/nasi-spokojeni-zakaznici\/#primaryimage\"},\"image\":{\"@id\":\"https:\/\/www.stallexpo.com\/cs\/nasi-spokojeni-zakaznici\/#primaryimage\"},\"thumbnailUrl\":\"http:\/\/www.stallexpo.com\/media\/STALL_EXPO_stranka-loga2-1.png\",\"datePublished\":\"2014-04-07T17:57:15+00:00\",\"dateModified\":\"2014-04-07T17:58:25+00:00\",\"breadcrumb\":{\"@id\":\"https:\/\/www.stallexpo.com\/cs\/nasi-spokojeni-zakaznici\/#breadcrumb\"},\"inLanguage\":\"cs\",\"potentialAction\":[{\"@type\":\"ReadAction\",\"target\":[\"https:\/\/www.stallexpo.com\/cs\/nasi-spokojeni-zakaznici\/\"]}]},{\"@type\":\"ImageObject\",\"inLanguage\":\"cs\",\"@id\":\"https:\/\/www.stallexpo.com\/cs\/nasi-spokojeni-zakaznici\/#primaryimage\",\"url\":\"http:\/\/www.stallexpo.com\/media\/STALL_EXPO_stranka-loga2-1.png\",\"contentUrl\":\"http:\/\/www.stallexpo.com\/media\/STALL_EXPO_stranka-loga2-1.png\"},{\"@type\":\"BreadcrumbList\",\"@id\":\"https:\/\/www.stallexpo.com\/cs\/nasi-spokojeni-zakaznici\/#breadcrumb\",\"itemListElement\":[{\"@type\":\"ListItem\",\"position\":1,\"name\":\"Home\",\"item\":\"https:\/\/www.stallexpo.com\/cs\/\"},{\"@type\":\"ListItem\",\"position\":2,\"name\":\"Reference\"}]},{\"@type\":\"WebSite\",\"@id\":\"https:\/\/www.stallexpo.com\/cs\/#website\",\"url\":\"https:\/\/www.stallexpo.com\/cs\/\",\"name\":\"Stall Expo\",\"description\":\"Just another WordPress site\",\"potentialAction\":[{\"@type\":\"SearchAction\",\"target\":{\"@type\":\"EntryPoint\",\"urlTemplate\":\"https:\/\/www.stallexpo.com\/cs\/?s={search_term_string}\"},\"query-input\":{\"@type\":\"PropertyValueSpecification\",\"valueRequired\":true,\"valueName\":\"search_term_string\"}}],\"inLanguage\":\"cs\"}]}<\/script>\n<!-- \/ Yoast SEO plugin. -->","yoast_head_json":{"title":"Reference - Stall Expo","robots":{"index":"index","follow":"follow","max-snippet":"max-snippet:-1","max-image-preview":"max-image-preview:large","max-video-preview":"max-video-preview:-1"},"canonical":"https:\/\/www.stallexpo.com\/cs\/nasi-spokojeni-zakaznici\/","og_locale":"cs_CZ","og_type":"article","og_title":"Reference - Stall Expo","og_description":"Na\u0161i spokojen\u00ed z\u00e1kazn\u00edci S pot\u011b\u0161en\u00edm v\u00e1m p\u0159edstavujeme n\u011bkter\u00e9 z na\u0161ich z\u00e1kazn\u00edk\u016f. Nev\u00e1hejte, pros\u00edm, oslovit n\u011bkterou z t\u011bchto spole\u010dnost\u00ed a po\u017e\u00e1dat o jejich doporu\u010den\u00ed t\u00fdkaj\u00edc\u00ed se v\u00fdstavn\u00edho servisu.","og_url":"https:\/\/www.stallexpo.com\/cs\/nasi-spokojeni-zakaznici\/","og_site_name":"Stall Expo","article_modified_time":"2014-04-07T17:58:25+00:00","og_image":[{"url":"http:\/\/www.stallexpo.com\/media\/STALL_EXPO_stranka-loga2-1.png","type":"","width":"","height":""}],"schema":{"@context":"https:\/\/schema.org","@graph":[{"@type":"WebPage","@id":"https:\/\/www.stallexpo.com\/cs\/nasi-spokojeni-zakaznici\/","url":"https:\/\/www.stallexpo.com\/cs\/nasi-spokojeni-zakaznici\/","name":"Reference - Stall Expo","isPartOf":{"@id":"https:\/\/www.stallexpo.com\/cs\/#website"},"primaryImageOfPage":{"@id":"https:\/\/www.stallexpo.com\/cs\/nasi-spokojeni-zakaznici\/#primaryimage"},"image":{"@id":"https:\/\/www.stallexpo.com\/cs\/nasi-spokojeni-zakaznici\/#primaryimage"},"thumbnailUrl":"http:\/\/www.stallexpo.com\/media\/STALL_EXPO_stranka-loga2-1.png","datePublished":"2014-04-07T17:57:15+00:00","dateModified":"2014-04-07T17:58:25+00:00","breadcrumb":{"@id":"https:\/\/www.stallexpo.com\/cs\/nasi-spokojeni-zakaznici\/#breadcrumb"},"inLanguage":"cs","potentialAction":[{"@type":"ReadAction","target":["https:\/\/www.stallexpo.com\/cs\/nasi-spokojeni-zakaznici\/"]}]},{"@type":"ImageObject","inLanguage":"cs","@id":"https:\/\/www.stallexpo.com\/cs\/nasi-spokojeni-zakaznici\/#primaryimage","url":"http:\/\/www.stallexpo.com\/media\/STALL_EXPO_stranka-loga2-1.png","contentUrl":"http:\/\/www.stallexpo.com\/media\/STALL_EXPO_stranka-loga2-1.png"},{"@type":"BreadcrumbList","@id":"https:\/\/www.stallexpo.com\/cs\/nasi-spokojeni-zakaznici\/#breadcrumb","itemListElement":[{"@type":"ListItem","position":1,"name":"Home","item":"https:\/\/www.stallexpo.com\/cs\/"},{"@type":"ListItem","position":2,"name":"Reference"}]},{"@type":"WebSite","@id":"https:\/\/www.stallexpo.com\/cs\/#website","url":"https:\/\/www.stallexpo.com\/cs\/","name":"Stall Expo","description":"Just another WordPress site","potentialAction":[{"@type":"SearchAction","target":{"@type":"EntryPoint","urlTemplate":"https:\/\/www.stallexpo.com\/cs\/?s={search_term_string}"},"query-input":{"@type":"PropertyValueSpecification","valueRequired":true,"valueName":"search_term_string"}}],"inLanguage":"cs"}]}},"_links":{"self":[{"href":"https:\/\/www.stallexpo.com\/cs\/wp-json\/wp\/v2\/pages\/919","targetHints":{"allow":["GET"]}}],"collection":[{"href":"https:\/\/www.stallexpo.com\/cs\/wp-json\/wp\/v2\/pages"}],"about":[{"href":"https:\/\/www.stallexpo.com\/cs\/wp-json\/wp\/v2\/types\/page"}],"author":[{"embeddable":true,"href":"https:\/\/www.stallexpo.com\/cs\/wp-json\/wp\/v2\/users\/1"}],"replies":[{"embeddable":true,"href":"https:\/\/www.stallexpo.com\/cs\/wp-json\/wp\/v2\/comments?post=919"}],"version-history":[{"count":3,"href":"https:\/\/www.stallexpo.com\/cs\/wp-json\/wp\/v2\/pages\/919\/revisions"}],"predecessor-version":[{"id":924,"href":"https:\/\/www.stallexpo.com\/cs\/wp-json\/wp\/v2\/pages\/919\/revisions\/924"}],"wp:attachment":[{"href":"https:\/\/www.stallexpo.com\/cs\/wp-json\/wp\/v2\/media?parent=919"}],"curies":[{"name":"wp","href":"https:\/\/api.w.org\/{rel}","templated":true}]}}