{"id":913,"date":"2014-04-07T19:54:55","date_gmt":"2014-04-07T17:54:55","guid":{"rendered":"http:\/\/www.stallexpo.com\/?page_id=913"},"modified":"2014-04-07T19:54:55","modified_gmt":"2014-04-07T17:54:55","slug":"veletrzni-vystavni-stanky","status":"publish","type":"page","link":"https:\/\/www.stallexpo.com\/cs\/veletrzni-vystavni-stanky\/","title":{"rendered":"Veletr\u017en\u00ed a v\u00fdstavn\u00ed st\u00e1nky"},"content":{"rendered":"<p>Pro \u00fasp\u011bch firmy na veletrhu a v\u00fdstav\u011b je z\u00a0velk\u00e9 \u010d\u00e1sti d\u016fle\u017eit\u00e1 kvalita proveden\u00ed st\u00e1nku, kter\u00fd je po dobu kon\u00e1n\u00ed akce p\u0159echodn\u00fdm s\u00eddlem firmy.<\/p>\n<p align=\"center\"><b>Pot\u0159ebujete prezentovat va\u0161i firmu na veletrhu \u010di v\u00fdstav\u011b? Hled\u00e1te modern\u00ed variabiln\u00ed st\u00e1nky s\u00a0bez\u00fadr\u017ebov\u00fdm provozem, snadnou skladovatelnost\u00ed a mont\u00e1\u017e\u00ed?<\/b><\/p>\n<p>V\u00fdstavn\u00ed syst\u00e9m od Stall Expo spojuje kvalitu, funk\u010dnost a design, d\u00edky nim\u017e bude va\u0161e prezentace na veletrhu nep\u0159ehl\u00e9dnuteln\u00e1.<\/p>\n<p>Z\u00e1kladem na\u0161ich st\u00e1nk\u016f jsou pohledov\u011b zaj\u00edmav\u00e9 konstruk\u010dn\u00ed syst\u00e9my s\u00a0v\u00fdrazn\u00fdm vyu\u017eit\u00edm r\u016fzn\u00fdch materi\u00e1l\u016f, velkoplo\u0161n\u00e9 grafiky, audiovizu\u00e1ln\u00edch za\u0159\u00edzen\u00ed, profesion\u00e1ln\u00edho osv\u011btlen\u00ed a kvalitn\u00edch obkladov\u00fdch a podlahov\u00fdch materi\u00e1l\u016f.<\/p>\n<p>Na\u0161e st\u00e1nky pln\u011b elektrifikujeme a osv\u011btl\u00edme dle po\u017eadavk\u016f klienta. Vybav\u00edme je ve\u0161kerou prezenta\u010dn\u00ed technikou a p\u0159\u00edpadn\u011b i dom\u00e1c\u00edmi spot\u0159ebi\u010di \u2013 lednice, TV, DVD, plazmov\u00e9 obrazovky, projek\u010dn\u00ed technika, barvy, pivn\u00ed p\u00edpy, v\u00fdpo\u010detn\u00ed a kancel\u00e1\u0159sk\u00e1 technika, mobili\u00e1\u0159 apod.<\/p>\n<p>R\u00e1di v\u00e1m porad\u00edme s\u00a0v\u00fdb\u011brem vhodn\u00e9ho \u0159e\u0161en\u00ed. Dispozice a mo\u017enosti na\u0161ich v\u00fdstavn\u00edch st\u00e1nk\u016f zn\u00e1me do detailu, a d\u00edky tomu v\u00e1m pom\u016f\u017eeme rozhodnout, kter\u00e1 expozice je pro v\u00e1s ta prav\u00e1. Zrealizujeme va\u0161i expozici kdekoliv v Evrop\u011b s\u00a0t\u00fdmem na\u0161ich zku\u0161en\u00fdch odborn\u00edk\u016f.<\/p>\n<p><b>Pro\u010d veletr\u017en\u00ed st\u00e1nky od Stall Expo?<\/b><\/p>\n<ul>\n<li>Komplexn\u00ed realizace expozice na kl\u00ed\u010d<\/li>\n<li>Vlastn\u00ed v\u00fdroba a skladovac\u00ed prostory<\/li>\n<li>Profesionalita t\u00fdmu na\u0161ich odborn\u00edk\u016f<\/li>\n<li>Stovky spokojen\u00fdch klient\u016f<\/li>\n<li>Dlouholet\u00e9 zku\u0161enosti po cel\u00e9 Evrop\u011b<\/li>\n<\/ul>\n<p><b>Na va\u0161e p\u0159\u00e1n\u00ed zajist\u00edme:<\/b><\/p>\n<ul>\n<li>Vybaven\u00ed expozice (n\u00e1bytek, dekorace\u2026)<\/li>\n<li>Atypick\u00e9 a patrov\u00e9 expozice<\/li>\n<li>Technick\u00e9 \u0159e\u0161en\u00ed, aran\u017e\u00e9rsk\u00e9 pr\u00e1ce<\/li>\n<li>V\u00fdtvarn\u00e9 a prostorov\u00e9 \u0159e\u0161en\u00ed<\/li>\n<li>Reklamn\u00ed totemy a pouta\u010de<\/li>\n<li>Velkoform\u00e1tov\u00e9 tisky<\/li>\n<li>Mal\u00e9 modulov\u00e9 st\u00e1nky i velk\u00e9 expozice<\/li>\n<li>Uskladn\u011bn\u00ed do dal\u0161\u00edho veletrhu<\/li>\n<li>Zast\u0159e\u0161en\u00e9 i otev\u0159en\u00e9 venkovn\u00ed st\u00e1nky<\/li>\n<\/ul>\n<p><b>Jak postupujeme:<\/b><\/p>\n<ul>\n<li>Design st\u00e1nku \u2013 veletr\u017en\u00ed st\u00e1nek komplexn\u011b navrhneme s\u00a0d\u016frazem na dokonal\u00e9 vyu\u017eit\u00ed prostoru, funk\u010dnost, komfort a celkov\u00fd vzhled.<\/li>\n<li>Technick\u00e9 \u0159e\u0161en\u00ed \u2013 vypracujeme podrobnou dokumentaci<\/li>\n<li>Doprava a mont\u00e1\u017e \u2013 n\u00e1\u0161 zku\u0161en\u00fd t\u00fdm st\u00e1nek postav\u00ed a zkompletuje na m\u00edst\u011b veletrhu. Zajist\u00edme dopravu a mont\u00e1\u017e vlastn\u00edmi prost\u0159edky po cel\u00e9 Evrop\u011b.<\/li>\n<li>Demont\u00e1\u017e \u2013 n\u00e1\u0161 mont\u00e1\u017en\u00ed t\u00fdm st\u00e1nek demontuje a samoz\u0159ejmost\u00ed je \u00faklid v\u00fdstavn\u00ed plochy.<\/li>\n<\/ul>\n<p>Na\u0161e veletr\u017en\u00ed st\u00e1nky vynikaj\u00ed prvot\u0159\u00eddn\u00edm designem, stabilitou konstrukce a mo\u017enost\u00ed snadn\u00e9 instalace a deinstalace. \u00dasp\u011bch va\u0161\u00ed firmy na veletrhu je d\u00e1n hlavn\u011b kvalitou st\u00e1nku, jeho originalitou a atraktivitou. Zrealizujeme jak\u00fdkoliv v\u00fdstavn\u00ed st\u00e1nek poutav\u011b, v\u00a0souladu s\u00a0marketingovou strategi\u00ed firmy a s\u00a0ohledem na modern\u00ed styl a design.<\/p>\n","protected":false},"excerpt":{"rendered":"<p>Pro \u00fasp\u011bch firmy na veletrhu a v\u00fdstav\u011b je z\u00a0velk\u00e9 \u010d\u00e1sti d\u016fle\u017eit\u00e1 kvalita proveden\u00ed st\u00e1nku, kter\u00fd je po dobu kon\u00e1n\u00ed akce p\u0159echodn\u00fdm s\u00eddlem firmy. Pot\u0159ebujete prezentovat va\u0161i firmu na veletrhu \u010di v\u00fdstav\u011b? Hled\u00e1te modern\u00ed variabiln\u00ed st\u00e1nky s\u00a0bez\u00fadr\u017ebov\u00fdm provozem, snadnou skladovatelnost\u00ed a &hellip; <a href=\"https:\/\/www.stallexpo.com\/cs\/veletrzni-vystavni-stanky\/\">Continued<\/a><\/p>\n","protected":false},"author":1,"featured_media":0,"parent":0,"menu_order":0,"comment_status":"open","ping_status":"open","template":"","meta":{"_acf_changed":false,"footnotes":""},"class_list":["post-913","page","type-page","status-publish","hentry"],"acf":[],"yoast_head":"<!-- This site is optimized with the Yoast SEO plugin v24.8.1 - https:\/\/yoast.com\/wordpress\/plugins\/seo\/ -->\n<title>Veletr\u017en\u00ed a v\u00fdstavn\u00ed st\u00e1nky - Stall Expo<\/title>\n<meta name=\"robots\" content=\"index, follow, max-snippet:-1, max-image-preview:large, max-video-preview:-1\" \/>\n<link rel=\"canonical\" href=\"https:\/\/www.stallexpo.com\/cs\/veletrzni-vystavni-stanky\/\" \/>\n<meta property=\"og:locale\" content=\"cs_CZ\" \/>\n<meta property=\"og:type\" content=\"article\" \/>\n<meta property=\"og:title\" content=\"Veletr\u017en\u00ed a v\u00fdstavn\u00ed st\u00e1nky - Stall Expo\" \/>\n<meta property=\"og:description\" content=\"Pro \u00fasp\u011bch firmy na veletrhu a v\u00fdstav\u011b je z\u00a0velk\u00e9 \u010d\u00e1sti d\u016fle\u017eit\u00e1 kvalita proveden\u00ed st\u00e1nku, kter\u00fd je po dobu kon\u00e1n\u00ed akce p\u0159echodn\u00fdm s\u00eddlem firmy. Pot\u0159ebujete prezentovat va\u0161i firmu na veletrhu \u010di v\u00fdstav\u011b? Hled\u00e1te modern\u00ed variabiln\u00ed st\u00e1nky s\u00a0bez\u00fadr\u017ebov\u00fdm provozem, snadnou skladovatelnost\u00ed a &hellip; Continued\" \/>\n<meta property=\"og:url\" content=\"https:\/\/www.stallexpo.com\/cs\/veletrzni-vystavni-stanky\/\" \/>\n<meta property=\"og:site_name\" content=\"Stall Expo\" \/>\n<meta name=\"twitter:label1\" content=\"Odhadovan\u00e1 doba \u010dten\u00ed\" \/>\n\t<meta name=\"twitter:data1\" content=\"2 minuty\" \/>\n<script type=\"application\/ld+json\" class=\"yoast-schema-graph\">{\"@context\":\"https:\/\/schema.org\",\"@graph\":[{\"@type\":\"WebPage\",\"@id\":\"https:\/\/www.stallexpo.com\/cs\/veletrzni-vystavni-stanky\/\",\"url\":\"https:\/\/www.stallexpo.com\/cs\/veletrzni-vystavni-stanky\/\",\"name\":\"Veletr\u017en\u00ed a v\u00fdstavn\u00ed st\u00e1nky - Stall Expo\",\"isPartOf\":{\"@id\":\"https:\/\/www.stallexpo.com\/cs\/#website\"},\"datePublished\":\"2014-04-07T17:54:55+00:00\",\"breadcrumb\":{\"@id\":\"https:\/\/www.stallexpo.com\/cs\/veletrzni-vystavni-stanky\/#breadcrumb\"},\"inLanguage\":\"cs\",\"potentialAction\":[{\"@type\":\"ReadAction\",\"target\":[\"https:\/\/www.stallexpo.com\/cs\/veletrzni-vystavni-stanky\/\"]}]},{\"@type\":\"BreadcrumbList\",\"@id\":\"https:\/\/www.stallexpo.com\/cs\/veletrzni-vystavni-stanky\/#breadcrumb\",\"itemListElement\":[{\"@type\":\"ListItem\",\"position\":1,\"name\":\"Home\",\"item\":\"https:\/\/www.stallexpo.com\/cs\/\"},{\"@type\":\"ListItem\",\"position\":2,\"name\":\"Veletr\u017en\u00ed a v\u00fdstavn\u00ed st\u00e1nky\"}]},{\"@type\":\"WebSite\",\"@id\":\"https:\/\/www.stallexpo.com\/cs\/#website\",\"url\":\"https:\/\/www.stallexpo.com\/cs\/\",\"name\":\"Stall Expo\",\"description\":\"Just another WordPress site\",\"potentialAction\":[{\"@type\":\"SearchAction\",\"target\":{\"@type\":\"EntryPoint\",\"urlTemplate\":\"https:\/\/www.stallexpo.com\/cs\/?s={search_term_string}\"},\"query-input\":{\"@type\":\"PropertyValueSpecification\",\"valueRequired\":true,\"valueName\":\"search_term_string\"}}],\"inLanguage\":\"cs\"}]}<\/script>\n<!-- \/ Yoast SEO plugin. -->","yoast_head_json":{"title":"Veletr\u017en\u00ed a v\u00fdstavn\u00ed st\u00e1nky - Stall Expo","robots":{"index":"index","follow":"follow","max-snippet":"max-snippet:-1","max-image-preview":"max-image-preview:large","max-video-preview":"max-video-preview:-1"},"canonical":"https:\/\/www.stallexpo.com\/cs\/veletrzni-vystavni-stanky\/","og_locale":"cs_CZ","og_type":"article","og_title":"Veletr\u017en\u00ed a v\u00fdstavn\u00ed st\u00e1nky - Stall Expo","og_description":"Pro \u00fasp\u011bch firmy na veletrhu a v\u00fdstav\u011b je z\u00a0velk\u00e9 \u010d\u00e1sti d\u016fle\u017eit\u00e1 kvalita proveden\u00ed st\u00e1nku, kter\u00fd je po dobu kon\u00e1n\u00ed akce p\u0159echodn\u00fdm s\u00eddlem firmy. Pot\u0159ebujete prezentovat va\u0161i firmu na veletrhu \u010di v\u00fdstav\u011b? Hled\u00e1te modern\u00ed variabiln\u00ed st\u00e1nky s\u00a0bez\u00fadr\u017ebov\u00fdm provozem, snadnou skladovatelnost\u00ed a &hellip; Continued","og_url":"https:\/\/www.stallexpo.com\/cs\/veletrzni-vystavni-stanky\/","og_site_name":"Stall Expo","twitter_misc":{"Odhadovan\u00e1 doba \u010dten\u00ed":"2 minuty"},"schema":{"@context":"https:\/\/schema.org","@graph":[{"@type":"WebPage","@id":"https:\/\/www.stallexpo.com\/cs\/veletrzni-vystavni-stanky\/","url":"https:\/\/www.stallexpo.com\/cs\/veletrzni-vystavni-stanky\/","name":"Veletr\u017en\u00ed a v\u00fdstavn\u00ed st\u00e1nky - Stall Expo","isPartOf":{"@id":"https:\/\/www.stallexpo.com\/cs\/#website"},"datePublished":"2014-04-07T17:54:55+00:00","breadcrumb":{"@id":"https:\/\/www.stallexpo.com\/cs\/veletrzni-vystavni-stanky\/#breadcrumb"},"inLanguage":"cs","potentialAction":[{"@type":"ReadAction","target":["https:\/\/www.stallexpo.com\/cs\/veletrzni-vystavni-stanky\/"]}]},{"@type":"BreadcrumbList","@id":"https:\/\/www.stallexpo.com\/cs\/veletrzni-vystavni-stanky\/#breadcrumb","itemListElement":[{"@type":"ListItem","position":1,"name":"Home","item":"https:\/\/www.stallexpo.com\/cs\/"},{"@type":"ListItem","position":2,"name":"Veletr\u017en\u00ed a v\u00fdstavn\u00ed st\u00e1nky"}]},{"@type":"WebSite","@id":"https:\/\/www.stallexpo.com\/cs\/#website","url":"https:\/\/www.stallexpo.com\/cs\/","name":"Stall Expo","description":"Just another WordPress site","potentialAction":[{"@type":"SearchAction","target":{"@type":"EntryPoint","urlTemplate":"https:\/\/www.stallexpo.com\/cs\/?s={search_term_string}"},"query-input":{"@type":"PropertyValueSpecification","valueRequired":true,"valueName":"search_term_string"}}],"inLanguage":"cs"}]}},"_links":{"self":[{"href":"https:\/\/www.stallexpo.com\/cs\/wp-json\/wp\/v2\/pages\/913","targetHints":{"allow":["GET"]}}],"collection":[{"href":"https:\/\/www.stallexpo.com\/cs\/wp-json\/wp\/v2\/pages"}],"about":[{"href":"https:\/\/www.stallexpo.com\/cs\/wp-json\/wp\/v2\/types\/page"}],"author":[{"embeddable":true,"href":"https:\/\/www.stallexpo.com\/cs\/wp-json\/wp\/v2\/users\/1"}],"replies":[{"embeddable":true,"href":"https:\/\/www.stallexpo.com\/cs\/wp-json\/wp\/v2\/comments?post=913"}],"version-history":[{"count":1,"href":"https:\/\/www.stallexpo.com\/cs\/wp-json\/wp\/v2\/pages\/913\/revisions"}],"predecessor-version":[{"id":915,"href":"https:\/\/www.stallexpo.com\/cs\/wp-json\/wp\/v2\/pages\/913\/revisions\/915"}],"wp:attachment":[{"href":"https:\/\/www.stallexpo.com\/cs\/wp-json\/wp\/v2\/media?parent=913"}],"curies":[{"name":"wp","href":"https:\/\/api.w.org\/{rel}","templated":true}]}}