{"id":897,"date":"2014-04-07T19:48:07","date_gmt":"2014-04-07T17:48:07","guid":{"rendered":"http:\/\/www.stallexpo.com\/?page_id=897"},"modified":"2014-04-07T19:48:07","modified_gmt":"2014-04-07T17:48:07","slug":"design-stanku","status":"publish","type":"page","link":"https:\/\/www.stallexpo.com\/cs\/design-stanku\/","title":{"rendered":"Design st\u00e1nku"},"content":{"rendered":"<p>Vytvo\u0159en\u00ed designov\u00e9ho st\u00e1nku je p\u0159i neomezen\u00fdch financ\u00edch snadn\u00e9. Skute\u010dn\u00ed profesion\u00e1lov\u00e9 z\u00a0firmy Stall Expo to dok\u00e1\u017eou i s\u00a0omezen\u00fdm rozpo\u010dtem.<\/p>\n<p>Veletr\u017en\u00ed st\u00e1nek komplexn\u011b navrhneme s\u00a0d\u016frazem na dokonal\u00e9 vyu\u017eit\u00ed prostoru, funk\u010dnost, komfort a celkov\u00fd vzhled.<\/p>\n<ul>\n<li>Navrhneme st\u00e1nek tak, aby vyhovoval jak vzhledov\u011b, tak i po str\u00e1nce efektivity<\/li>\n<li>Vypracujeme n\u00e1vrh designu expozice na z\u00e1klad\u011b po\u017eadavk\u016f klienta \u2013 dispozice, vybaven\u00ed, grafika\u2026<\/li>\n<li>Na\u0161e st\u00e1nky jsou \u00fa\u010deln\u00e9, variabiln\u00ed, vyroben\u00e9 za pou\u017eit\u00ed modern\u00edch materi\u00e1l\u016f a stabiln\u00edch konstrukc\u00ed<\/li>\n<li>V\u0161echny pou\u017eit\u00e9 materi\u00e1ly spl\u0148uj\u00ed ve\u0161ker\u00e9 bezpe\u010dnostn\u00ed normy<\/li>\n<li>Vyrob\u00edme jak\u00fdkoliv atypick\u00fd st\u00e1nek pro dokonalou prezentaci<\/li>\n<\/ul>\n<p>Krom\u011b klasick\u00fdch zrealizujeme i v\u00fdstavbu atypick\u00fdch expozic pro n\u00e1ro\u010dn\u00e9 klienty. D\u00edky kreativn\u00edmu \u0159e\u0161en\u00ed st\u00e1nek upout\u00e1 pozornost a prezentuje firmu v\u00a0tom nejlep\u0161\u00edm sv\u011btle. Atypick\u00e9 veletr\u017en\u00ed st\u00e1nky akceptuj\u00ed v\u0161echny po\u017eadavky klienta a d\u00e1vaj\u00ed n\u00e1m v\u011bt\u0161\u00ed mo\u017enost uplatn\u011bn\u00ed kreativity. P\u0159i v\u00fdstavb\u011b expozice vyu\u017e\u00edv\u00e1me sv\u00e9 dlouholet\u00e9 zku\u0161enosti z\u00a0realizace veletrh\u016f po cel\u00e9 Evrop\u011b, abychom v\u017edy mohli klient\u016fm poskytnout stoprocentn\u00ed servis.<\/p>\n","protected":false},"excerpt":{"rendered":"<p>Vytvo\u0159en\u00ed designov\u00e9ho st\u00e1nku je p\u0159i neomezen\u00fdch financ\u00edch snadn\u00e9. Skute\u010dn\u00ed profesion\u00e1lov\u00e9 z\u00a0firmy Stall Expo to dok\u00e1\u017eou i s\u00a0omezen\u00fdm rozpo\u010dtem. Veletr\u017en\u00ed st\u00e1nek komplexn\u011b navrhneme s\u00a0d\u016frazem na dokonal\u00e9 vyu\u017eit\u00ed prostoru, funk\u010dnost, komfort a celkov\u00fd vzhled. Navrhneme st\u00e1nek tak, aby vyhovoval jak vzhledov\u011b, tak &hellip; <a href=\"https:\/\/www.stallexpo.com\/cs\/design-stanku\/\">Continued<\/a><\/p>\n","protected":false},"author":1,"featured_media":0,"parent":0,"menu_order":0,"comment_status":"open","ping_status":"open","template":"","meta":{"_acf_changed":false,"footnotes":""},"class_list":["post-897","page","type-page","status-publish","hentry"],"acf":[],"yoast_head":"<!-- This site is optimized with the Yoast SEO plugin v24.8.1 - https:\/\/yoast.com\/wordpress\/plugins\/seo\/ -->\n<title>Design st\u00e1nku - Stall Expo<\/title>\n<meta name=\"robots\" content=\"index, follow, max-snippet:-1, max-image-preview:large, max-video-preview:-1\" \/>\n<link rel=\"canonical\" href=\"https:\/\/www.stallexpo.com\/cs\/design-stanku\/\" \/>\n<meta property=\"og:locale\" content=\"cs_CZ\" \/>\n<meta property=\"og:type\" content=\"article\" \/>\n<meta property=\"og:title\" content=\"Design st\u00e1nku - Stall Expo\" \/>\n<meta property=\"og:description\" content=\"Vytvo\u0159en\u00ed designov\u00e9ho st\u00e1nku je p\u0159i neomezen\u00fdch financ\u00edch snadn\u00e9. Skute\u010dn\u00ed profesion\u00e1lov\u00e9 z\u00a0firmy Stall Expo to dok\u00e1\u017eou i s\u00a0omezen\u00fdm rozpo\u010dtem. Veletr\u017en\u00ed st\u00e1nek komplexn\u011b navrhneme s\u00a0d\u016frazem na dokonal\u00e9 vyu\u017eit\u00ed prostoru, funk\u010dnost, komfort a celkov\u00fd vzhled. Navrhneme st\u00e1nek tak, aby vyhovoval jak vzhledov\u011b, tak &hellip; Continued\" \/>\n<meta property=\"og:url\" content=\"https:\/\/www.stallexpo.com\/cs\/design-stanku\/\" \/>\n<meta property=\"og:site_name\" content=\"Stall Expo\" \/>\n<meta name=\"twitter:label1\" content=\"Odhadovan\u00e1 doba \u010dten\u00ed\" \/>\n\t<meta name=\"twitter:data1\" content=\"1 minuta\" \/>\n<script type=\"application\/ld+json\" class=\"yoast-schema-graph\">{\"@context\":\"https:\/\/schema.org\",\"@graph\":[{\"@type\":\"WebPage\",\"@id\":\"https:\/\/www.stallexpo.com\/cs\/design-stanku\/\",\"url\":\"https:\/\/www.stallexpo.com\/cs\/design-stanku\/\",\"name\":\"Design st\u00e1nku - Stall Expo\",\"isPartOf\":{\"@id\":\"https:\/\/www.stallexpo.com\/cs\/#website\"},\"datePublished\":\"2014-04-07T17:48:07+00:00\",\"breadcrumb\":{\"@id\":\"https:\/\/www.stallexpo.com\/cs\/design-stanku\/#breadcrumb\"},\"inLanguage\":\"cs\",\"potentialAction\":[{\"@type\":\"ReadAction\",\"target\":[\"https:\/\/www.stallexpo.com\/cs\/design-stanku\/\"]}]},{\"@type\":\"BreadcrumbList\",\"@id\":\"https:\/\/www.stallexpo.com\/cs\/design-stanku\/#breadcrumb\",\"itemListElement\":[{\"@type\":\"ListItem\",\"position\":1,\"name\":\"Home\",\"item\":\"https:\/\/www.stallexpo.com\/cs\/\"},{\"@type\":\"ListItem\",\"position\":2,\"name\":\"Design st\u00e1nku\"}]},{\"@type\":\"WebSite\",\"@id\":\"https:\/\/www.stallexpo.com\/cs\/#website\",\"url\":\"https:\/\/www.stallexpo.com\/cs\/\",\"name\":\"Stall Expo\",\"description\":\"Just another WordPress site\",\"potentialAction\":[{\"@type\":\"SearchAction\",\"target\":{\"@type\":\"EntryPoint\",\"urlTemplate\":\"https:\/\/www.stallexpo.com\/cs\/?s={search_term_string}\"},\"query-input\":{\"@type\":\"PropertyValueSpecification\",\"valueRequired\":true,\"valueName\":\"search_term_string\"}}],\"inLanguage\":\"cs\"}]}<\/script>\n<!-- \/ Yoast SEO plugin. -->","yoast_head_json":{"title":"Design st\u00e1nku - Stall Expo","robots":{"index":"index","follow":"follow","max-snippet":"max-snippet:-1","max-image-preview":"max-image-preview:large","max-video-preview":"max-video-preview:-1"},"canonical":"https:\/\/www.stallexpo.com\/cs\/design-stanku\/","og_locale":"cs_CZ","og_type":"article","og_title":"Design st\u00e1nku - Stall Expo","og_description":"Vytvo\u0159en\u00ed designov\u00e9ho st\u00e1nku je p\u0159i neomezen\u00fdch financ\u00edch snadn\u00e9. Skute\u010dn\u00ed profesion\u00e1lov\u00e9 z\u00a0firmy Stall Expo to dok\u00e1\u017eou i s\u00a0omezen\u00fdm rozpo\u010dtem. Veletr\u017en\u00ed st\u00e1nek komplexn\u011b navrhneme s\u00a0d\u016frazem na dokonal\u00e9 vyu\u017eit\u00ed prostoru, funk\u010dnost, komfort a celkov\u00fd vzhled. Navrhneme st\u00e1nek tak, aby vyhovoval jak vzhledov\u011b, tak &hellip; Continued","og_url":"https:\/\/www.stallexpo.com\/cs\/design-stanku\/","og_site_name":"Stall Expo","twitter_misc":{"Odhadovan\u00e1 doba \u010dten\u00ed":"1 minuta"},"schema":{"@context":"https:\/\/schema.org","@graph":[{"@type":"WebPage","@id":"https:\/\/www.stallexpo.com\/cs\/design-stanku\/","url":"https:\/\/www.stallexpo.com\/cs\/design-stanku\/","name":"Design st\u00e1nku - Stall Expo","isPartOf":{"@id":"https:\/\/www.stallexpo.com\/cs\/#website"},"datePublished":"2014-04-07T17:48:07+00:00","breadcrumb":{"@id":"https:\/\/www.stallexpo.com\/cs\/design-stanku\/#breadcrumb"},"inLanguage":"cs","potentialAction":[{"@type":"ReadAction","target":["https:\/\/www.stallexpo.com\/cs\/design-stanku\/"]}]},{"@type":"BreadcrumbList","@id":"https:\/\/www.stallexpo.com\/cs\/design-stanku\/#breadcrumb","itemListElement":[{"@type":"ListItem","position":1,"name":"Home","item":"https:\/\/www.stallexpo.com\/cs\/"},{"@type":"ListItem","position":2,"name":"Design st\u00e1nku"}]},{"@type":"WebSite","@id":"https:\/\/www.stallexpo.com\/cs\/#website","url":"https:\/\/www.stallexpo.com\/cs\/","name":"Stall Expo","description":"Just another WordPress site","potentialAction":[{"@type":"SearchAction","target":{"@type":"EntryPoint","urlTemplate":"https:\/\/www.stallexpo.com\/cs\/?s={search_term_string}"},"query-input":{"@type":"PropertyValueSpecification","valueRequired":true,"valueName":"search_term_string"}}],"inLanguage":"cs"}]}},"_links":{"self":[{"href":"https:\/\/www.stallexpo.com\/cs\/wp-json\/wp\/v2\/pages\/897","targetHints":{"allow":["GET"]}}],"collection":[{"href":"https:\/\/www.stallexpo.com\/cs\/wp-json\/wp\/v2\/pages"}],"about":[{"href":"https:\/\/www.stallexpo.com\/cs\/wp-json\/wp\/v2\/types\/page"}],"author":[{"embeddable":true,"href":"https:\/\/www.stallexpo.com\/cs\/wp-json\/wp\/v2\/users\/1"}],"replies":[{"embeddable":true,"href":"https:\/\/www.stallexpo.com\/cs\/wp-json\/wp\/v2\/comments?post=897"}],"version-history":[{"count":1,"href":"https:\/\/www.stallexpo.com\/cs\/wp-json\/wp\/v2\/pages\/897\/revisions"}],"predecessor-version":[{"id":899,"href":"https:\/\/www.stallexpo.com\/cs\/wp-json\/wp\/v2\/pages\/897\/revisions\/899"}],"wp:attachment":[{"href":"https:\/\/www.stallexpo.com\/cs\/wp-json\/wp\/v2\/media?parent=897"}],"curies":[{"name":"wp","href":"https:\/\/api.w.org\/{rel}","templated":true}]}}