{"id":891,"date":"2014-04-07T19:44:37","date_gmt":"2014-04-07T17:44:37","guid":{"rendered":"http:\/\/www.stallexpo.com\/?page_id=891"},"modified":"2014-04-07T19:44:37","modified_gmt":"2014-04-07T17:44:37","slug":"sluzby","status":"publish","type":"page","link":"https:\/\/www.stallexpo.com\/cs\/sluzby\/","title":{"rendered":"Slu\u017eby"},"content":{"rendered":"<p>Spole\u010dnost STALL EXPO poskytuje sv\u00fdm z\u00e1kazn\u00edk\u016fm komfortn\u00ed v\u00fdstavn\u00ed \u0159e\u0161en\u00ed. Navrhne, postav\u00ed, doprav\u00ed na m\u00edsto, instaluje, uprav\u00ed, demontuje a p\u0159\u00edpadn\u011b i uskladn\u00ed va\u0161e st\u00e1nky.<\/p>\n","protected":false},"excerpt":{"rendered":"<p>Spole\u010dnost STALL EXPO poskytuje sv\u00fdm z\u00e1kazn\u00edk\u016fm komfortn\u00ed v\u00fdstavn\u00ed \u0159e\u0161en\u00ed. Navrhne, postav\u00ed, doprav\u00ed na m\u00edsto, instaluje, uprav\u00ed, demontuje a p\u0159\u00edpadn\u011b i uskladn\u00ed va\u0161e st\u00e1nky.<\/p>\n","protected":false},"author":1,"featured_media":0,"parent":0,"menu_order":0,"comment_status":"open","ping_status":"open","template":"it-service-all.php","meta":{"_acf_changed":false,"footnotes":""},"class_list":["post-891","page","type-page","status-publish","hentry"],"acf":[],"yoast_head":"<!-- This site is optimized with the Yoast SEO plugin v24.8.1 - https:\/\/yoast.com\/wordpress\/plugins\/seo\/ -->\n<title>Slu\u017eby - Stall Expo<\/title>\n<meta name=\"robots\" content=\"index, follow, max-snippet:-1, max-image-preview:large, max-video-preview:-1\" \/>\n<link rel=\"canonical\" href=\"https:\/\/www.stallexpo.com\/cs\/sluzby\/\" \/>\n<meta property=\"og:locale\" content=\"cs_CZ\" \/>\n<meta property=\"og:type\" content=\"article\" \/>\n<meta property=\"og:title\" content=\"Slu\u017eby - Stall Expo\" \/>\n<meta property=\"og:description\" content=\"Spole\u010dnost STALL EXPO poskytuje sv\u00fdm z\u00e1kazn\u00edk\u016fm komfortn\u00ed v\u00fdstavn\u00ed \u0159e\u0161en\u00ed. Navrhne, postav\u00ed, doprav\u00ed na m\u00edsto, instaluje, uprav\u00ed, demontuje a p\u0159\u00edpadn\u011b i uskladn\u00ed va\u0161e st\u00e1nky.\" \/>\n<meta property=\"og:url\" content=\"https:\/\/www.stallexpo.com\/cs\/sluzby\/\" \/>\n<meta property=\"og:site_name\" content=\"Stall Expo\" \/>\n<script type=\"application\/ld+json\" class=\"yoast-schema-graph\">{\"@context\":\"https:\/\/schema.org\",\"@graph\":[{\"@type\":\"WebPage\",\"@id\":\"https:\/\/www.stallexpo.com\/cs\/sluzby\/\",\"url\":\"https:\/\/www.stallexpo.com\/cs\/sluzby\/\",\"name\":\"Slu\u017eby - Stall Expo\",\"isPartOf\":{\"@id\":\"https:\/\/www.stallexpo.com\/cs\/#website\"},\"datePublished\":\"2014-04-07T17:44:37+00:00\",\"breadcrumb\":{\"@id\":\"https:\/\/www.stallexpo.com\/cs\/sluzby\/#breadcrumb\"},\"inLanguage\":\"cs\",\"potentialAction\":[{\"@type\":\"ReadAction\",\"target\":[\"https:\/\/www.stallexpo.com\/cs\/sluzby\/\"]}]},{\"@type\":\"BreadcrumbList\",\"@id\":\"https:\/\/www.stallexpo.com\/cs\/sluzby\/#breadcrumb\",\"itemListElement\":[{\"@type\":\"ListItem\",\"position\":1,\"name\":\"Home\",\"item\":\"https:\/\/www.stallexpo.com\/cs\/\"},{\"@type\":\"ListItem\",\"position\":2,\"name\":\"Slu\u017eby\"}]},{\"@type\":\"WebSite\",\"@id\":\"https:\/\/www.stallexpo.com\/cs\/#website\",\"url\":\"https:\/\/www.stallexpo.com\/cs\/\",\"name\":\"Stall Expo\",\"description\":\"Just another WordPress site\",\"potentialAction\":[{\"@type\":\"SearchAction\",\"target\":{\"@type\":\"EntryPoint\",\"urlTemplate\":\"https:\/\/www.stallexpo.com\/cs\/?s={search_term_string}\"},\"query-input\":{\"@type\":\"PropertyValueSpecification\",\"valueRequired\":true,\"valueName\":\"search_term_string\"}}],\"inLanguage\":\"cs\"}]}<\/script>\n<!-- \/ Yoast SEO plugin. -->","yoast_head_json":{"title":"Slu\u017eby - Stall Expo","robots":{"index":"index","follow":"follow","max-snippet":"max-snippet:-1","max-image-preview":"max-image-preview:large","max-video-preview":"max-video-preview:-1"},"canonical":"https:\/\/www.stallexpo.com\/cs\/sluzby\/","og_locale":"cs_CZ","og_type":"article","og_title":"Slu\u017eby - Stall Expo","og_description":"Spole\u010dnost STALL EXPO poskytuje sv\u00fdm z\u00e1kazn\u00edk\u016fm komfortn\u00ed v\u00fdstavn\u00ed \u0159e\u0161en\u00ed. Navrhne, postav\u00ed, doprav\u00ed na m\u00edsto, instaluje, uprav\u00ed, demontuje a p\u0159\u00edpadn\u011b i uskladn\u00ed va\u0161e st\u00e1nky.","og_url":"https:\/\/www.stallexpo.com\/cs\/sluzby\/","og_site_name":"Stall Expo","schema":{"@context":"https:\/\/schema.org","@graph":[{"@type":"WebPage","@id":"https:\/\/www.stallexpo.com\/cs\/sluzby\/","url":"https:\/\/www.stallexpo.com\/cs\/sluzby\/","name":"Slu\u017eby - Stall Expo","isPartOf":{"@id":"https:\/\/www.stallexpo.com\/cs\/#website"},"datePublished":"2014-04-07T17:44:37+00:00","breadcrumb":{"@id":"https:\/\/www.stallexpo.com\/cs\/sluzby\/#breadcrumb"},"inLanguage":"cs","potentialAction":[{"@type":"ReadAction","target":["https:\/\/www.stallexpo.com\/cs\/sluzby\/"]}]},{"@type":"BreadcrumbList","@id":"https:\/\/www.stallexpo.com\/cs\/sluzby\/#breadcrumb","itemListElement":[{"@type":"ListItem","position":1,"name":"Home","item":"https:\/\/www.stallexpo.com\/cs\/"},{"@type":"ListItem","position":2,"name":"Slu\u017eby"}]},{"@type":"WebSite","@id":"https:\/\/www.stallexpo.com\/cs\/#website","url":"https:\/\/www.stallexpo.com\/cs\/","name":"Stall Expo","description":"Just another WordPress site","potentialAction":[{"@type":"SearchAction","target":{"@type":"EntryPoint","urlTemplate":"https:\/\/www.stallexpo.com\/cs\/?s={search_term_string}"},"query-input":{"@type":"PropertyValueSpecification","valueRequired":true,"valueName":"search_term_string"}}],"inLanguage":"cs"}]}},"_links":{"self":[{"href":"https:\/\/www.stallexpo.com\/cs\/wp-json\/wp\/v2\/pages\/891","targetHints":{"allow":["GET"]}}],"collection":[{"href":"https:\/\/www.stallexpo.com\/cs\/wp-json\/wp\/v2\/pages"}],"about":[{"href":"https:\/\/www.stallexpo.com\/cs\/wp-json\/wp\/v2\/types\/page"}],"author":[{"embeddable":true,"href":"https:\/\/www.stallexpo.com\/cs\/wp-json\/wp\/v2\/users\/1"}],"replies":[{"embeddable":true,"href":"https:\/\/www.stallexpo.com\/cs\/wp-json\/wp\/v2\/comments?post=891"}],"version-history":[{"count":1,"href":"https:\/\/www.stallexpo.com\/cs\/wp-json\/wp\/v2\/pages\/891\/revisions"}],"predecessor-version":[{"id":893,"href":"https:\/\/www.stallexpo.com\/cs\/wp-json\/wp\/v2\/pages\/891\/revisions\/893"}],"wp:attachment":[{"href":"https:\/\/www.stallexpo.com\/cs\/wp-json\/wp\/v2\/media?parent=891"}],"curies":[{"name":"wp","href":"https:\/\/api.w.org\/{rel}","templated":true}]}}