{"id":883,"date":"2014-04-07T19:39:40","date_gmt":"2014-04-07T17:39:40","guid":{"rendered":"http:\/\/www.stallexpo.com\/?page_id=883"},"modified":"2014-04-07T19:39:40","modified_gmt":"2014-04-07T17:39:40","slug":"nas","status":"publish","type":"page","link":"https:\/\/www.stallexpo.com\/cs\/nas\/","title":{"rendered":"O n\u00e1s"},"content":{"rendered":"<p>Jsme mezin\u00e1rodn\u00ed v\u00fdstavn\u00ed a veletr\u017en\u00ed spole\u010dnost se s\u00eddlem ve st\u0159edn\u00ed Evrop\u011b. J\u00e1dro spole\u010dnosti tvo\u0159\u00ed grafick\u00e9 a design studio, marketingov\u00e9 odd\u011blen\u00ed a mont\u00e1\u017en\u00ed t\u00fdmy.<\/p>\n<p>Centr\u00e1ln\u00ed poloha n\u00e1m umo\u017e\u0148uje nab\u00edzet vysoce kvalitn\u00ed slu\u017eby s vyu\u017eit\u00edm modern\u00edch technologi\u00ed, a to v\u0161e za rozumn\u00e9 ceny. Jsme \u0159e\u0161en\u00edm \u201ena kl\u00ed\u010d\u201c pro v\u0161echny va\u0161e v\u00fdstavn\u00ed pot\u0159eby v\u010detn\u011b n\u00e1vrhu, konstrukce, vybaven\u00ed a AV Media za\u0159\u00edzen\u00ed, osv\u011btlen\u00ed, grafiky, dekorac\u00ed atd.<\/p>\n<p>Na\u0161\u00edm c\u00edlem je realizovat kvalitn\u00ed slu\u017eby, plnit o\u010dek\u00e1v\u00e1n\u00ed z\u00e1kazn\u00edk\u016f a udr\u017eovat dlouhodob\u00e9 partnersk\u00e9 obchodn\u00ed vztahy.<\/p>\n<p>&nbsp;<\/p>\n","protected":false},"excerpt":{"rendered":"<p>Jsme mezin\u00e1rodn\u00ed v\u00fdstavn\u00ed a veletr\u017en\u00ed spole\u010dnost se s\u00eddlem ve st\u0159edn\u00ed Evrop\u011b. J\u00e1dro spole\u010dnosti tvo\u0159\u00ed grafick\u00e9 a design studio, marketingov\u00e9 odd\u011blen\u00ed a mont\u00e1\u017en\u00ed t\u00fdmy. Centr\u00e1ln\u00ed poloha n\u00e1m umo\u017e\u0148uje nab\u00edzet vysoce kvalitn\u00ed slu\u017eby s vyu\u017eit\u00edm modern\u00edch technologi\u00ed, a to v\u0161e za rozumn\u00e9 &hellip; <a href=\"https:\/\/www.stallexpo.com\/cs\/nas\/\">Continued<\/a><\/p>\n","protected":false},"author":1,"featured_media":0,"parent":0,"menu_order":0,"comment_status":"open","ping_status":"open","template":"it_about_us.php","meta":{"_acf_changed":false,"footnotes":""},"class_list":["post-883","page","type-page","status-publish","hentry"],"acf":[],"yoast_head":"<!-- This site is optimized with the Yoast SEO plugin v24.8.1 - https:\/\/yoast.com\/wordpress\/plugins\/seo\/ -->\n<title>O n\u00e1s - Stall Expo<\/title>\n<meta name=\"robots\" content=\"index, follow, max-snippet:-1, max-image-preview:large, max-video-preview:-1\" \/>\n<link rel=\"canonical\" href=\"https:\/\/www.stallexpo.com\/cs\/nas\/\" \/>\n<meta property=\"og:locale\" content=\"cs_CZ\" \/>\n<meta property=\"og:type\" content=\"article\" \/>\n<meta property=\"og:title\" content=\"O n\u00e1s - Stall Expo\" \/>\n<meta property=\"og:description\" content=\"Jsme mezin\u00e1rodn\u00ed v\u00fdstavn\u00ed a veletr\u017en\u00ed spole\u010dnost se s\u00eddlem ve st\u0159edn\u00ed Evrop\u011b. J\u00e1dro spole\u010dnosti tvo\u0159\u00ed grafick\u00e9 a design studio, marketingov\u00e9 odd\u011blen\u00ed a mont\u00e1\u017en\u00ed t\u00fdmy. Centr\u00e1ln\u00ed poloha n\u00e1m umo\u017e\u0148uje nab\u00edzet vysoce kvalitn\u00ed slu\u017eby s vyu\u017eit\u00edm modern\u00edch technologi\u00ed, a to v\u0161e za rozumn\u00e9 &hellip; Continued\" \/>\n<meta property=\"og:url\" content=\"https:\/\/www.stallexpo.com\/cs\/nas\/\" \/>\n<meta property=\"og:site_name\" content=\"Stall Expo\" \/>\n<meta name=\"twitter:label1\" content=\"Odhadovan\u00e1 doba \u010dten\u00ed\" \/>\n\t<meta name=\"twitter:data1\" content=\"1 minuta\" \/>\n<script type=\"application\/ld+json\" class=\"yoast-schema-graph\">{\"@context\":\"https:\/\/schema.org\",\"@graph\":[{\"@type\":\"WebPage\",\"@id\":\"https:\/\/www.stallexpo.com\/cs\/nas\/\",\"url\":\"https:\/\/www.stallexpo.com\/cs\/nas\/\",\"name\":\"O n\u00e1s - Stall Expo\",\"isPartOf\":{\"@id\":\"https:\/\/www.stallexpo.com\/cs\/#website\"},\"datePublished\":\"2014-04-07T17:39:40+00:00\",\"breadcrumb\":{\"@id\":\"https:\/\/www.stallexpo.com\/cs\/nas\/#breadcrumb\"},\"inLanguage\":\"cs\",\"potentialAction\":[{\"@type\":\"ReadAction\",\"target\":[\"https:\/\/www.stallexpo.com\/cs\/nas\/\"]}]},{\"@type\":\"BreadcrumbList\",\"@id\":\"https:\/\/www.stallexpo.com\/cs\/nas\/#breadcrumb\",\"itemListElement\":[{\"@type\":\"ListItem\",\"position\":1,\"name\":\"Home\",\"item\":\"https:\/\/www.stallexpo.com\/cs\/\"},{\"@type\":\"ListItem\",\"position\":2,\"name\":\"O n\u00e1s\"}]},{\"@type\":\"WebSite\",\"@id\":\"https:\/\/www.stallexpo.com\/cs\/#website\",\"url\":\"https:\/\/www.stallexpo.com\/cs\/\",\"name\":\"Stall Expo\",\"description\":\"Just another WordPress site\",\"potentialAction\":[{\"@type\":\"SearchAction\",\"target\":{\"@type\":\"EntryPoint\",\"urlTemplate\":\"https:\/\/www.stallexpo.com\/cs\/?s={search_term_string}\"},\"query-input\":{\"@type\":\"PropertyValueSpecification\",\"valueRequired\":true,\"valueName\":\"search_term_string\"}}],\"inLanguage\":\"cs\"}]}<\/script>\n<!-- \/ Yoast SEO plugin. -->","yoast_head_json":{"title":"O n\u00e1s - Stall Expo","robots":{"index":"index","follow":"follow","max-snippet":"max-snippet:-1","max-image-preview":"max-image-preview:large","max-video-preview":"max-video-preview:-1"},"canonical":"https:\/\/www.stallexpo.com\/cs\/nas\/","og_locale":"cs_CZ","og_type":"article","og_title":"O n\u00e1s - Stall Expo","og_description":"Jsme mezin\u00e1rodn\u00ed v\u00fdstavn\u00ed a veletr\u017en\u00ed spole\u010dnost se s\u00eddlem ve st\u0159edn\u00ed Evrop\u011b. J\u00e1dro spole\u010dnosti tvo\u0159\u00ed grafick\u00e9 a design studio, marketingov\u00e9 odd\u011blen\u00ed a mont\u00e1\u017en\u00ed t\u00fdmy. Centr\u00e1ln\u00ed poloha n\u00e1m umo\u017e\u0148uje nab\u00edzet vysoce kvalitn\u00ed slu\u017eby s vyu\u017eit\u00edm modern\u00edch technologi\u00ed, a to v\u0161e za rozumn\u00e9 &hellip; Continued","og_url":"https:\/\/www.stallexpo.com\/cs\/nas\/","og_site_name":"Stall Expo","twitter_misc":{"Odhadovan\u00e1 doba \u010dten\u00ed":"1 minuta"},"schema":{"@context":"https:\/\/schema.org","@graph":[{"@type":"WebPage","@id":"https:\/\/www.stallexpo.com\/cs\/nas\/","url":"https:\/\/www.stallexpo.com\/cs\/nas\/","name":"O n\u00e1s - Stall Expo","isPartOf":{"@id":"https:\/\/www.stallexpo.com\/cs\/#website"},"datePublished":"2014-04-07T17:39:40+00:00","breadcrumb":{"@id":"https:\/\/www.stallexpo.com\/cs\/nas\/#breadcrumb"},"inLanguage":"cs","potentialAction":[{"@type":"ReadAction","target":["https:\/\/www.stallexpo.com\/cs\/nas\/"]}]},{"@type":"BreadcrumbList","@id":"https:\/\/www.stallexpo.com\/cs\/nas\/#breadcrumb","itemListElement":[{"@type":"ListItem","position":1,"name":"Home","item":"https:\/\/www.stallexpo.com\/cs\/"},{"@type":"ListItem","position":2,"name":"O n\u00e1s"}]},{"@type":"WebSite","@id":"https:\/\/www.stallexpo.com\/cs\/#website","url":"https:\/\/www.stallexpo.com\/cs\/","name":"Stall Expo","description":"Just another WordPress site","potentialAction":[{"@type":"SearchAction","target":{"@type":"EntryPoint","urlTemplate":"https:\/\/www.stallexpo.com\/cs\/?s={search_term_string}"},"query-input":{"@type":"PropertyValueSpecification","valueRequired":true,"valueName":"search_term_string"}}],"inLanguage":"cs"}]}},"_links":{"self":[{"href":"https:\/\/www.stallexpo.com\/cs\/wp-json\/wp\/v2\/pages\/883","targetHints":{"allow":["GET"]}}],"collection":[{"href":"https:\/\/www.stallexpo.com\/cs\/wp-json\/wp\/v2\/pages"}],"about":[{"href":"https:\/\/www.stallexpo.com\/cs\/wp-json\/wp\/v2\/types\/page"}],"author":[{"embeddable":true,"href":"https:\/\/www.stallexpo.com\/cs\/wp-json\/wp\/v2\/users\/1"}],"replies":[{"embeddable":true,"href":"https:\/\/www.stallexpo.com\/cs\/wp-json\/wp\/v2\/comments?post=883"}],"version-history":[{"count":1,"href":"https:\/\/www.stallexpo.com\/cs\/wp-json\/wp\/v2\/pages\/883\/revisions"}],"predecessor-version":[{"id":885,"href":"https:\/\/www.stallexpo.com\/cs\/wp-json\/wp\/v2\/pages\/883\/revisions\/885"}],"wp:attachment":[{"href":"https:\/\/www.stallexpo.com\/cs\/wp-json\/wp\/v2\/media?parent=883"}],"curies":[{"name":"wp","href":"https:\/\/api.w.org\/{rel}","templated":true}]}}