{"id":878,"date":"2014-04-07T19:38:04","date_gmt":"2014-04-07T17:38:04","guid":{"rendered":"http:\/\/www.stallexpo.com\/?page_id=878"},"modified":"2014-04-07T20:38:40","modified_gmt":"2014-04-07T18:38:40","slug":"skupinove-stanky","status":"publish","type":"page","link":"https:\/\/www.stallexpo.com\/cs\/skupinove-stanky\/","title":{"rendered":"Skupinov\u00e9 st\u00e1nky"},"content":{"rendered":"<p>Spojujeme lidi. Prost\u0159ednictv\u00edm na\u0161ich skupinov\u00fdch st\u00e1nk\u016f kombinujeme barevn\u00e9 \u0161k\u00e1ly jednotliv\u00fdch vystavovatel\u016f se v\u0161emi organiza\u010dn\u00edmi v\u00fdhodami skupinov\u00e9 \u00fa\u010dasti.<\/p>\n","protected":false},"excerpt":{"rendered":"<p>Spojujeme lidi. Prost\u0159ednictv\u00edm na\u0161ich skupinov\u00fdch st\u00e1nk\u016f kombinujeme barevn\u00e9 \u0161k\u00e1ly jednotliv\u00fdch vystavovatel\u016f se v\u0161emi organiza\u010dn\u00edmi v\u00fdhodami skupinov\u00e9 \u00fa\u010dasti.<\/p>\n","protected":false},"author":1,"featured_media":190,"parent":0,"menu_order":0,"comment_status":"open","ping_status":"open","template":"","meta":{"_acf_changed":false,"footnotes":""},"class_list":["post-878","page","type-page","status-publish","has-post-thumbnail","hentry"],"acf":[],"yoast_head":"<!-- This site is optimized with the Yoast SEO plugin v24.8.1 - https:\/\/yoast.com\/wordpress\/plugins\/seo\/ -->\n<title>Skupinov\u00e9 st\u00e1nky - Stall Expo<\/title>\n<meta name=\"robots\" content=\"index, follow, max-snippet:-1, max-image-preview:large, max-video-preview:-1\" \/>\n<link rel=\"canonical\" href=\"https:\/\/www.stallexpo.com\/cs\/skupinove-stanky\/\" \/>\n<meta property=\"og:locale\" content=\"cs_CZ\" \/>\n<meta property=\"og:type\" content=\"article\" \/>\n<meta property=\"og:title\" content=\"Skupinov\u00e9 st\u00e1nky - Stall Expo\" \/>\n<meta property=\"og:description\" content=\"Spojujeme lidi. Prost\u0159ednictv\u00edm na\u0161ich skupinov\u00fdch st\u00e1nk\u016f kombinujeme barevn\u00e9 \u0161k\u00e1ly jednotliv\u00fdch vystavovatel\u016f se v\u0161emi organiza\u010dn\u00edmi v\u00fdhodami skupinov\u00e9 \u00fa\u010dasti.\" \/>\n<meta property=\"og:url\" content=\"https:\/\/www.stallexpo.com\/cs\/skupinove-stanky\/\" \/>\n<meta property=\"og:site_name\" content=\"Stall Expo\" \/>\n<meta property=\"article:modified_time\" content=\"2014-04-07T18:38:40+00:00\" \/>\n<meta property=\"og:image\" content=\"https:\/\/www.stallexpo.com\/media\/group_stand1.png\" \/>\n\t<meta property=\"og:image:width\" content=\"292\" \/>\n\t<meta property=\"og:image:height\" content=\"171\" \/>\n\t<meta property=\"og:image:type\" content=\"image\/png\" \/>\n<script type=\"application\/ld+json\" class=\"yoast-schema-graph\">{\"@context\":\"https:\/\/schema.org\",\"@graph\":[{\"@type\":\"WebPage\",\"@id\":\"https:\/\/www.stallexpo.com\/cs\/skupinove-stanky\/\",\"url\":\"https:\/\/www.stallexpo.com\/cs\/skupinove-stanky\/\",\"name\":\"Skupinov\u00e9 st\u00e1nky - Stall Expo\",\"isPartOf\":{\"@id\":\"https:\/\/www.stallexpo.com\/cs\/#website\"},\"primaryImageOfPage\":{\"@id\":\"https:\/\/www.stallexpo.com\/cs\/skupinove-stanky\/#primaryimage\"},\"image\":{\"@id\":\"https:\/\/www.stallexpo.com\/cs\/skupinove-stanky\/#primaryimage\"},\"thumbnailUrl\":\"https:\/\/www.stallexpo.com\/media\/group_stand1.png\",\"datePublished\":\"2014-04-07T17:38:04+00:00\",\"dateModified\":\"2014-04-07T18:38:40+00:00\",\"breadcrumb\":{\"@id\":\"https:\/\/www.stallexpo.com\/cs\/skupinove-stanky\/#breadcrumb\"},\"inLanguage\":\"cs\",\"potentialAction\":[{\"@type\":\"ReadAction\",\"target\":[\"https:\/\/www.stallexpo.com\/cs\/skupinove-stanky\/\"]}]},{\"@type\":\"ImageObject\",\"inLanguage\":\"cs\",\"@id\":\"https:\/\/www.stallexpo.com\/cs\/skupinove-stanky\/#primaryimage\",\"url\":\"https:\/\/www.stallexpo.com\/media\/group_stand1.png\",\"contentUrl\":\"https:\/\/www.stallexpo.com\/media\/group_stand1.png\",\"width\":292,\"height\":171},{\"@type\":\"BreadcrumbList\",\"@id\":\"https:\/\/www.stallexpo.com\/cs\/skupinove-stanky\/#breadcrumb\",\"itemListElement\":[{\"@type\":\"ListItem\",\"position\":1,\"name\":\"Home\",\"item\":\"https:\/\/www.stallexpo.com\/cs\/\"},{\"@type\":\"ListItem\",\"position\":2,\"name\":\"Skupinov\u00e9 st\u00e1nky\"}]},{\"@type\":\"WebSite\",\"@id\":\"https:\/\/www.stallexpo.com\/cs\/#website\",\"url\":\"https:\/\/www.stallexpo.com\/cs\/\",\"name\":\"Stall Expo\",\"description\":\"Just another WordPress site\",\"potentialAction\":[{\"@type\":\"SearchAction\",\"target\":{\"@type\":\"EntryPoint\",\"urlTemplate\":\"https:\/\/www.stallexpo.com\/cs\/?s={search_term_string}\"},\"query-input\":{\"@type\":\"PropertyValueSpecification\",\"valueRequired\":true,\"valueName\":\"search_term_string\"}}],\"inLanguage\":\"cs\"}]}<\/script>\n<!-- \/ Yoast SEO plugin. -->","yoast_head_json":{"title":"Skupinov\u00e9 st\u00e1nky - Stall Expo","robots":{"index":"index","follow":"follow","max-snippet":"max-snippet:-1","max-image-preview":"max-image-preview:large","max-video-preview":"max-video-preview:-1"},"canonical":"https:\/\/www.stallexpo.com\/cs\/skupinove-stanky\/","og_locale":"cs_CZ","og_type":"article","og_title":"Skupinov\u00e9 st\u00e1nky - Stall Expo","og_description":"Spojujeme lidi. Prost\u0159ednictv\u00edm na\u0161ich skupinov\u00fdch st\u00e1nk\u016f kombinujeme barevn\u00e9 \u0161k\u00e1ly jednotliv\u00fdch vystavovatel\u016f se v\u0161emi organiza\u010dn\u00edmi v\u00fdhodami skupinov\u00e9 \u00fa\u010dasti.","og_url":"https:\/\/www.stallexpo.com\/cs\/skupinove-stanky\/","og_site_name":"Stall Expo","article_modified_time":"2014-04-07T18:38:40+00:00","og_image":[{"width":292,"height":171,"url":"https:\/\/www.stallexpo.com\/media\/group_stand1.png","type":"image\/png"}],"schema":{"@context":"https:\/\/schema.org","@graph":[{"@type":"WebPage","@id":"https:\/\/www.stallexpo.com\/cs\/skupinove-stanky\/","url":"https:\/\/www.stallexpo.com\/cs\/skupinove-stanky\/","name":"Skupinov\u00e9 st\u00e1nky - Stall Expo","isPartOf":{"@id":"https:\/\/www.stallexpo.com\/cs\/#website"},"primaryImageOfPage":{"@id":"https:\/\/www.stallexpo.com\/cs\/skupinove-stanky\/#primaryimage"},"image":{"@id":"https:\/\/www.stallexpo.com\/cs\/skupinove-stanky\/#primaryimage"},"thumbnailUrl":"https:\/\/www.stallexpo.com\/media\/group_stand1.png","datePublished":"2014-04-07T17:38:04+00:00","dateModified":"2014-04-07T18:38:40+00:00","breadcrumb":{"@id":"https:\/\/www.stallexpo.com\/cs\/skupinove-stanky\/#breadcrumb"},"inLanguage":"cs","potentialAction":[{"@type":"ReadAction","target":["https:\/\/www.stallexpo.com\/cs\/skupinove-stanky\/"]}]},{"@type":"ImageObject","inLanguage":"cs","@id":"https:\/\/www.stallexpo.com\/cs\/skupinove-stanky\/#primaryimage","url":"https:\/\/www.stallexpo.com\/media\/group_stand1.png","contentUrl":"https:\/\/www.stallexpo.com\/media\/group_stand1.png","width":292,"height":171},{"@type":"BreadcrumbList","@id":"https:\/\/www.stallexpo.com\/cs\/skupinove-stanky\/#breadcrumb","itemListElement":[{"@type":"ListItem","position":1,"name":"Home","item":"https:\/\/www.stallexpo.com\/cs\/"},{"@type":"ListItem","position":2,"name":"Skupinov\u00e9 st\u00e1nky"}]},{"@type":"WebSite","@id":"https:\/\/www.stallexpo.com\/cs\/#website","url":"https:\/\/www.stallexpo.com\/cs\/","name":"Stall Expo","description":"Just another WordPress site","potentialAction":[{"@type":"SearchAction","target":{"@type":"EntryPoint","urlTemplate":"https:\/\/www.stallexpo.com\/cs\/?s={search_term_string}"},"query-input":{"@type":"PropertyValueSpecification","valueRequired":true,"valueName":"search_term_string"}}],"inLanguage":"cs"}]}},"_links":{"self":[{"href":"https:\/\/www.stallexpo.com\/cs\/wp-json\/wp\/v2\/pages\/878","targetHints":{"allow":["GET"]}}],"collection":[{"href":"https:\/\/www.stallexpo.com\/cs\/wp-json\/wp\/v2\/pages"}],"about":[{"href":"https:\/\/www.stallexpo.com\/cs\/wp-json\/wp\/v2\/types\/page"}],"author":[{"embeddable":true,"href":"https:\/\/www.stallexpo.com\/cs\/wp-json\/wp\/v2\/users\/1"}],"replies":[{"embeddable":true,"href":"https:\/\/www.stallexpo.com\/cs\/wp-json\/wp\/v2\/comments?post=878"}],"version-history":[{"count":2,"href":"https:\/\/www.stallexpo.com\/cs\/wp-json\/wp\/v2\/pages\/878\/revisions"}],"predecessor-version":[{"id":882,"href":"https:\/\/www.stallexpo.com\/cs\/wp-json\/wp\/v2\/pages\/878\/revisions\/882"}],"wp:featuredmedia":[{"embeddable":true,"href":"https:\/\/www.stallexpo.com\/cs\/wp-json\/wp\/v2\/media\/190"}],"wp:attachment":[{"href":"https:\/\/www.stallexpo.com\/cs\/wp-json\/wp\/v2\/media?parent=878"}],"curies":[{"name":"wp","href":"https:\/\/api.w.org\/{rel}","templated":true}]}}