{"id":874,"date":"2014-04-07T19:36:49","date_gmt":"2014-04-07T17:36:49","guid":{"rendered":"http:\/\/www.stallexpo.com\/?page_id=874"},"modified":"2014-04-07T20:37:49","modified_gmt":"2014-04-07T18:37:49","slug":"zakazkova-individualni-vyroba","status":"publish","type":"page","link":"https:\/\/www.stallexpo.com\/cs\/zakazkova-individualni-vyroba\/","title":{"rendered":"Zak\u00e1zkov\u00e1 \u2013 individu\u00e1ln\u00ed v\u00fdroba"},"content":{"rendered":"<p>Prost\u0159ednictv\u00edm na\u0161ich zku\u0161en\u00fdch projektant\u016f a stavitel\u016f zajist\u00edme, \u017ee na va\u0161\u00ed dal\u0161\u00ed v\u00fdstavn\u00ed akci zanech\u00e1te dojem. N\u00e1\u0161 kreativn\u00ed t\u00fdm s\u00a0v\u00e1mi bude \u00fazce spolupracovat \u00a0na vytvo\u0159en\u00ed individu\u00e1ln\u00edho a funk\u010dn\u00edho st\u00e1nku. Na\u0161\u00edm c\u00edlem je prom\u011bnit va\u0161e marketingov\u00e9 sd\u011blen\u00ed v podmaniv\u00e9 trojrozm\u011brn\u00e9 prost\u0159ed\u00ed.<\/p>\n","protected":false},"excerpt":{"rendered":"<p>Prost\u0159ednictv\u00edm na\u0161ich zku\u0161en\u00fdch projektant\u016f a stavitel\u016f zajist\u00edme, \u017ee na va\u0161\u00ed dal\u0161\u00ed v\u00fdstavn\u00ed akci zanech\u00e1te dojem. N\u00e1\u0161 kreativn\u00ed t\u00fdm s\u00a0v\u00e1mi bude \u00fazce spolupracovat \u00a0na vytvo\u0159en\u00ed individu\u00e1ln\u00edho a funk\u010dn\u00edho st\u00e1nku. Na\u0161\u00edm c\u00edlem je prom\u011bnit va\u0161e marketingov\u00e9 sd\u011blen\u00ed v podmaniv\u00e9 trojrozm\u011brn\u00e9 prost\u0159ed\u00ed.<\/p>\n","protected":false},"author":1,"featured_media":192,"parent":0,"menu_order":0,"comment_status":"open","ping_status":"open","template":"","meta":{"_acf_changed":false,"footnotes":""},"class_list":["post-874","page","type-page","status-publish","has-post-thumbnail","hentry"],"acf":[],"yoast_head":"<!-- This site is optimized with the Yoast SEO plugin v24.8.1 - https:\/\/yoast.com\/wordpress\/plugins\/seo\/ -->\n<title>Zak\u00e1zkov\u00e1 \u2013 individu\u00e1ln\u00ed v\u00fdroba - Stall Expo<\/title>\n<meta name=\"robots\" content=\"index, follow, max-snippet:-1, max-image-preview:large, max-video-preview:-1\" \/>\n<link rel=\"canonical\" href=\"https:\/\/www.stallexpo.com\/cs\/zakazkova-individualni-vyroba\/\" \/>\n<meta property=\"og:locale\" content=\"cs_CZ\" \/>\n<meta property=\"og:type\" content=\"article\" \/>\n<meta property=\"og:title\" content=\"Zak\u00e1zkov\u00e1 \u2013 individu\u00e1ln\u00ed v\u00fdroba - Stall Expo\" \/>\n<meta property=\"og:description\" content=\"Prost\u0159ednictv\u00edm na\u0161ich zku\u0161en\u00fdch projektant\u016f a stavitel\u016f zajist\u00edme, \u017ee na va\u0161\u00ed dal\u0161\u00ed v\u00fdstavn\u00ed akci zanech\u00e1te dojem. N\u00e1\u0161 kreativn\u00ed t\u00fdm s\u00a0v\u00e1mi bude \u00fazce spolupracovat \u00a0na vytvo\u0159en\u00ed individu\u00e1ln\u00edho a funk\u010dn\u00edho st\u00e1nku. Na\u0161\u00edm c\u00edlem je prom\u011bnit va\u0161e marketingov\u00e9 sd\u011blen\u00ed v podmaniv\u00e9 trojrozm\u011brn\u00e9 prost\u0159ed\u00ed.\" \/>\n<meta property=\"og:url\" content=\"https:\/\/www.stallexpo.com\/cs\/zakazkova-individualni-vyroba\/\" \/>\n<meta property=\"og:site_name\" content=\"Stall Expo\" \/>\n<meta property=\"article:modified_time\" content=\"2014-04-07T18:37:49+00:00\" \/>\n<meta property=\"og:image\" content=\"https:\/\/www.stallexpo.com\/media\/individual1.png\" \/>\n\t<meta property=\"og:image:width\" content=\"292\" \/>\n\t<meta property=\"og:image:height\" content=\"171\" \/>\n\t<meta property=\"og:image:type\" content=\"image\/png\" \/>\n<script type=\"application\/ld+json\" class=\"yoast-schema-graph\">{\"@context\":\"https:\/\/schema.org\",\"@graph\":[{\"@type\":\"WebPage\",\"@id\":\"https:\/\/www.stallexpo.com\/cs\/zakazkova-individualni-vyroba\/\",\"url\":\"https:\/\/www.stallexpo.com\/cs\/zakazkova-individualni-vyroba\/\",\"name\":\"Zak\u00e1zkov\u00e1 \u2013 individu\u00e1ln\u00ed v\u00fdroba - Stall Expo\",\"isPartOf\":{\"@id\":\"https:\/\/www.stallexpo.com\/cs\/#website\"},\"primaryImageOfPage\":{\"@id\":\"https:\/\/www.stallexpo.com\/cs\/zakazkova-individualni-vyroba\/#primaryimage\"},\"image\":{\"@id\":\"https:\/\/www.stallexpo.com\/cs\/zakazkova-individualni-vyroba\/#primaryimage\"},\"thumbnailUrl\":\"https:\/\/www.stallexpo.com\/media\/individual1.png\",\"datePublished\":\"2014-04-07T17:36:49+00:00\",\"dateModified\":\"2014-04-07T18:37:49+00:00\",\"breadcrumb\":{\"@id\":\"https:\/\/www.stallexpo.com\/cs\/zakazkova-individualni-vyroba\/#breadcrumb\"},\"inLanguage\":\"cs\",\"potentialAction\":[{\"@type\":\"ReadAction\",\"target\":[\"https:\/\/www.stallexpo.com\/cs\/zakazkova-individualni-vyroba\/\"]}]},{\"@type\":\"ImageObject\",\"inLanguage\":\"cs\",\"@id\":\"https:\/\/www.stallexpo.com\/cs\/zakazkova-individualni-vyroba\/#primaryimage\",\"url\":\"https:\/\/www.stallexpo.com\/media\/individual1.png\",\"contentUrl\":\"https:\/\/www.stallexpo.com\/media\/individual1.png\",\"width\":292,\"height\":171},{\"@type\":\"BreadcrumbList\",\"@id\":\"https:\/\/www.stallexpo.com\/cs\/zakazkova-individualni-vyroba\/#breadcrumb\",\"itemListElement\":[{\"@type\":\"ListItem\",\"position\":1,\"name\":\"Home\",\"item\":\"https:\/\/www.stallexpo.com\/cs\/\"},{\"@type\":\"ListItem\",\"position\":2,\"name\":\"Zak\u00e1zkov\u00e1 \u2013 individu\u00e1ln\u00ed v\u00fdroba\"}]},{\"@type\":\"WebSite\",\"@id\":\"https:\/\/www.stallexpo.com\/cs\/#website\",\"url\":\"https:\/\/www.stallexpo.com\/cs\/\",\"name\":\"Stall Expo\",\"description\":\"Just another WordPress site\",\"potentialAction\":[{\"@type\":\"SearchAction\",\"target\":{\"@type\":\"EntryPoint\",\"urlTemplate\":\"https:\/\/www.stallexpo.com\/cs\/?s={search_term_string}\"},\"query-input\":{\"@type\":\"PropertyValueSpecification\",\"valueRequired\":true,\"valueName\":\"search_term_string\"}}],\"inLanguage\":\"cs\"}]}<\/script>\n<!-- \/ Yoast SEO plugin. -->","yoast_head_json":{"title":"Zak\u00e1zkov\u00e1 \u2013 individu\u00e1ln\u00ed v\u00fdroba - Stall Expo","robots":{"index":"index","follow":"follow","max-snippet":"max-snippet:-1","max-image-preview":"max-image-preview:large","max-video-preview":"max-video-preview:-1"},"canonical":"https:\/\/www.stallexpo.com\/cs\/zakazkova-individualni-vyroba\/","og_locale":"cs_CZ","og_type":"article","og_title":"Zak\u00e1zkov\u00e1 \u2013 individu\u00e1ln\u00ed v\u00fdroba - Stall Expo","og_description":"Prost\u0159ednictv\u00edm na\u0161ich zku\u0161en\u00fdch projektant\u016f a stavitel\u016f zajist\u00edme, \u017ee na va\u0161\u00ed dal\u0161\u00ed v\u00fdstavn\u00ed akci zanech\u00e1te dojem. N\u00e1\u0161 kreativn\u00ed t\u00fdm s\u00a0v\u00e1mi bude \u00fazce spolupracovat \u00a0na vytvo\u0159en\u00ed individu\u00e1ln\u00edho a funk\u010dn\u00edho st\u00e1nku. Na\u0161\u00edm c\u00edlem je prom\u011bnit va\u0161e marketingov\u00e9 sd\u011blen\u00ed v podmaniv\u00e9 trojrozm\u011brn\u00e9 prost\u0159ed\u00ed.","og_url":"https:\/\/www.stallexpo.com\/cs\/zakazkova-individualni-vyroba\/","og_site_name":"Stall Expo","article_modified_time":"2014-04-07T18:37:49+00:00","og_image":[{"width":292,"height":171,"url":"https:\/\/www.stallexpo.com\/media\/individual1.png","type":"image\/png"}],"schema":{"@context":"https:\/\/schema.org","@graph":[{"@type":"WebPage","@id":"https:\/\/www.stallexpo.com\/cs\/zakazkova-individualni-vyroba\/","url":"https:\/\/www.stallexpo.com\/cs\/zakazkova-individualni-vyroba\/","name":"Zak\u00e1zkov\u00e1 \u2013 individu\u00e1ln\u00ed v\u00fdroba - Stall Expo","isPartOf":{"@id":"https:\/\/www.stallexpo.com\/cs\/#website"},"primaryImageOfPage":{"@id":"https:\/\/www.stallexpo.com\/cs\/zakazkova-individualni-vyroba\/#primaryimage"},"image":{"@id":"https:\/\/www.stallexpo.com\/cs\/zakazkova-individualni-vyroba\/#primaryimage"},"thumbnailUrl":"https:\/\/www.stallexpo.com\/media\/individual1.png","datePublished":"2014-04-07T17:36:49+00:00","dateModified":"2014-04-07T18:37:49+00:00","breadcrumb":{"@id":"https:\/\/www.stallexpo.com\/cs\/zakazkova-individualni-vyroba\/#breadcrumb"},"inLanguage":"cs","potentialAction":[{"@type":"ReadAction","target":["https:\/\/www.stallexpo.com\/cs\/zakazkova-individualni-vyroba\/"]}]},{"@type":"ImageObject","inLanguage":"cs","@id":"https:\/\/www.stallexpo.com\/cs\/zakazkova-individualni-vyroba\/#primaryimage","url":"https:\/\/www.stallexpo.com\/media\/individual1.png","contentUrl":"https:\/\/www.stallexpo.com\/media\/individual1.png","width":292,"height":171},{"@type":"BreadcrumbList","@id":"https:\/\/www.stallexpo.com\/cs\/zakazkova-individualni-vyroba\/#breadcrumb","itemListElement":[{"@type":"ListItem","position":1,"name":"Home","item":"https:\/\/www.stallexpo.com\/cs\/"},{"@type":"ListItem","position":2,"name":"Zak\u00e1zkov\u00e1 \u2013 individu\u00e1ln\u00ed v\u00fdroba"}]},{"@type":"WebSite","@id":"https:\/\/www.stallexpo.com\/cs\/#website","url":"https:\/\/www.stallexpo.com\/cs\/","name":"Stall Expo","description":"Just another WordPress site","potentialAction":[{"@type":"SearchAction","target":{"@type":"EntryPoint","urlTemplate":"https:\/\/www.stallexpo.com\/cs\/?s={search_term_string}"},"query-input":{"@type":"PropertyValueSpecification","valueRequired":true,"valueName":"search_term_string"}}],"inLanguage":"cs"}]}},"_links":{"self":[{"href":"https:\/\/www.stallexpo.com\/cs\/wp-json\/wp\/v2\/pages\/874","targetHints":{"allow":["GET"]}}],"collection":[{"href":"https:\/\/www.stallexpo.com\/cs\/wp-json\/wp\/v2\/pages"}],"about":[{"href":"https:\/\/www.stallexpo.com\/cs\/wp-json\/wp\/v2\/types\/page"}],"author":[{"embeddable":true,"href":"https:\/\/www.stallexpo.com\/cs\/wp-json\/wp\/v2\/users\/1"}],"replies":[{"embeddable":true,"href":"https:\/\/www.stallexpo.com\/cs\/wp-json\/wp\/v2\/comments?post=874"}],"version-history":[{"count":1,"href":"https:\/\/www.stallexpo.com\/cs\/wp-json\/wp\/v2\/pages\/874\/revisions"}],"predecessor-version":[{"id":875,"href":"https:\/\/www.stallexpo.com\/cs\/wp-json\/wp\/v2\/pages\/874\/revisions\/875"}],"wp:featuredmedia":[{"embeddable":true,"href":"https:\/\/www.stallexpo.com\/cs\/wp-json\/wp\/v2\/media\/192"}],"wp:attachment":[{"href":"https:\/\/www.stallexpo.com\/cs\/wp-json\/wp\/v2\/media?parent=874"}],"curies":[{"name":"wp","href":"https:\/\/api.w.org\/{rel}","templated":true}]}}