{"id":868,"date":"2014-04-07T19:34:00","date_gmt":"2014-04-07T17:34:00","guid":{"rendered":"http:\/\/www.stallexpo.com\/?page_id=868"},"modified":"2014-04-07T20:36:12","modified_gmt":"2014-04-07T18:36:12","slug":"octanorm-economy-2","status":"publish","type":"page","link":"https:\/\/www.stallexpo.com\/cs\/octanorm-economy-2\/","title":{"rendered":"OCTANORM \u2013 ECONOMY"},"content":{"rendered":"<p>Octanorm je, d\u00edky sv\u00e9 vysok\u00e9 kvalit\u011b a jednoduch\u00e9 obsluze, b\u011b\u017en\u011b roz\u0161\u00ed\u0159en\u00fd, sv\u011btov\u011b nej\u010dast\u011bji pou\u017e\u00edvan\u00fd hlin\u00edkov\u00fd v\u00fdstavn\u00ed syst\u00e9m. Tento syst\u00e9m je ur\u010den\u00fd jak pro vnit\u0159n\u00ed, tak i venkovn\u00ed prostory, od jednoduch\u00fdch po slo\u017eit\u00e9 expozice. P\u0159edstavuje evropsk\u00fd standard v\u00fdstavn\u00edch slu\u017eeb.<\/p>\n<p>Pou\u017e\u00edv\u00e1me je hlavn\u011b ke stavb\u011b men\u0161\u00edch typizovan\u00fdch expozic \u010di k realizaci kompletn\u00edch v\u00fdstav.<\/p>\n<p>Mezi hlavn\u00ed v\u00fdhody Octanorm syst\u00e9mu pat\u0159\u00ed variabilita (na rozd\u00edl od jin\u00fdch v\u00fdstavn\u00edch syst\u00e9m\u016f), jednoduch\u00e1 mont\u00e1\u017e a skladnost. Tento syst\u00e9m se tak\u00e9 vyzna\u010duje kvalitn\u00edm zpracov\u00e1n\u00edm syst\u00e9mov\u00fdch prvk\u016f, v p\u0159\u00edpad\u011b b\u00edl\u00e9 barvy \u010distotou a eleganc\u00ed. Octanorm umo\u017e\u0148uje \u0161ikm\u00e9 a kulat\u00e9 st\u011bny, pulty, nadstavby a rovn\u011b\u017e roz\u0161\u00ed\u0159en\u00ed expozice o atypick\u00e9 prvky \u2013 truhl\u00e1\u0159sk\u00e9 a z\u00e1me\u010dnick\u00e9 pr\u00e1ce, speci\u00e1ln\u011b osv\u011btlen\u00e9 v\u00fd\u0161kov\u00e9 pouta\u010de atd.<\/p>\n","protected":false},"excerpt":{"rendered":"<p>Octanorm je, d\u00edky sv\u00e9 vysok\u00e9 kvalit\u011b a jednoduch\u00e9 obsluze, b\u011b\u017en\u011b roz\u0161\u00ed\u0159en\u00fd, sv\u011btov\u011b nej\u010dast\u011bji pou\u017e\u00edvan\u00fd hlin\u00edkov\u00fd v\u00fdstavn\u00ed syst\u00e9m. Tento syst\u00e9m je ur\u010den\u00fd jak pro vnit\u0159n\u00ed, tak i venkovn\u00ed prostory, od jednoduch\u00fdch po slo\u017eit\u00e9 expozice. P\u0159edstavuje evropsk\u00fd standard v\u00fdstavn\u00edch slu\u017eeb. Pou\u017e\u00edv\u00e1me je &hellip; <a href=\"https:\/\/www.stallexpo.com\/cs\/octanorm-economy-2\/\">Continued<\/a><\/p>\n","protected":false},"author":1,"featured_media":191,"parent":0,"menu_order":0,"comment_status":"open","ping_status":"open","template":"","meta":{"_acf_changed":false,"footnotes":""},"class_list":["post-868","page","type-page","status-publish","has-post-thumbnail","hentry"],"acf":[],"yoast_head":"<!-- This site is optimized with the Yoast SEO plugin v24.8.1 - https:\/\/yoast.com\/wordpress\/plugins\/seo\/ -->\n<title>OCTANORM \u2013 ECONOMY - Stall Expo<\/title>\n<meta name=\"robots\" content=\"index, follow, max-snippet:-1, max-image-preview:large, max-video-preview:-1\" \/>\n<link rel=\"canonical\" href=\"https:\/\/www.stallexpo.com\/cs\/octanorm-economy-2\/\" \/>\n<meta property=\"og:locale\" content=\"cs_CZ\" \/>\n<meta property=\"og:type\" content=\"article\" \/>\n<meta property=\"og:title\" content=\"OCTANORM \u2013 ECONOMY - Stall Expo\" \/>\n<meta property=\"og:description\" content=\"Octanorm je, d\u00edky sv\u00e9 vysok\u00e9 kvalit\u011b a jednoduch\u00e9 obsluze, b\u011b\u017en\u011b roz\u0161\u00ed\u0159en\u00fd, sv\u011btov\u011b nej\u010dast\u011bji pou\u017e\u00edvan\u00fd hlin\u00edkov\u00fd v\u00fdstavn\u00ed syst\u00e9m. Tento syst\u00e9m je ur\u010den\u00fd jak pro vnit\u0159n\u00ed, tak i venkovn\u00ed prostory, od jednoduch\u00fdch po slo\u017eit\u00e9 expozice. P\u0159edstavuje evropsk\u00fd standard v\u00fdstavn\u00edch slu\u017eeb. Pou\u017e\u00edv\u00e1me je &hellip; Continued\" \/>\n<meta property=\"og:url\" content=\"https:\/\/www.stallexpo.com\/cs\/octanorm-economy-2\/\" \/>\n<meta property=\"og:site_name\" content=\"Stall Expo\" \/>\n<meta property=\"article:modified_time\" content=\"2014-04-07T18:36:12+00:00\" \/>\n<meta property=\"og:image\" content=\"https:\/\/www.stallexpo.com\/media\/octanorm1.png\" \/>\n\t<meta property=\"og:image:width\" content=\"292\" \/>\n\t<meta property=\"og:image:height\" content=\"171\" \/>\n\t<meta property=\"og:image:type\" content=\"image\/png\" \/>\n<meta name=\"twitter:label1\" content=\"Odhadovan\u00e1 doba \u010dten\u00ed\" \/>\n\t<meta name=\"twitter:data1\" content=\"1 minuta\" \/>\n<script type=\"application\/ld+json\" class=\"yoast-schema-graph\">{\"@context\":\"https:\/\/schema.org\",\"@graph\":[{\"@type\":\"WebPage\",\"@id\":\"https:\/\/www.stallexpo.com\/cs\/octanorm-economy-2\/\",\"url\":\"https:\/\/www.stallexpo.com\/cs\/octanorm-economy-2\/\",\"name\":\"OCTANORM \u2013 ECONOMY - Stall Expo\",\"isPartOf\":{\"@id\":\"https:\/\/www.stallexpo.com\/cs\/#website\"},\"primaryImageOfPage\":{\"@id\":\"https:\/\/www.stallexpo.com\/cs\/octanorm-economy-2\/#primaryimage\"},\"image\":{\"@id\":\"https:\/\/www.stallexpo.com\/cs\/octanorm-economy-2\/#primaryimage\"},\"thumbnailUrl\":\"https:\/\/www.stallexpo.com\/media\/octanorm1.png\",\"datePublished\":\"2014-04-07T17:34:00+00:00\",\"dateModified\":\"2014-04-07T18:36:12+00:00\",\"breadcrumb\":{\"@id\":\"https:\/\/www.stallexpo.com\/cs\/octanorm-economy-2\/#breadcrumb\"},\"inLanguage\":\"cs\",\"potentialAction\":[{\"@type\":\"ReadAction\",\"target\":[\"https:\/\/www.stallexpo.com\/cs\/octanorm-economy-2\/\"]}]},{\"@type\":\"ImageObject\",\"inLanguage\":\"cs\",\"@id\":\"https:\/\/www.stallexpo.com\/cs\/octanorm-economy-2\/#primaryimage\",\"url\":\"https:\/\/www.stallexpo.com\/media\/octanorm1.png\",\"contentUrl\":\"https:\/\/www.stallexpo.com\/media\/octanorm1.png\",\"width\":292,\"height\":171},{\"@type\":\"BreadcrumbList\",\"@id\":\"https:\/\/www.stallexpo.com\/cs\/octanorm-economy-2\/#breadcrumb\",\"itemListElement\":[{\"@type\":\"ListItem\",\"position\":1,\"name\":\"Home\",\"item\":\"https:\/\/www.stallexpo.com\/cs\/\"},{\"@type\":\"ListItem\",\"position\":2,\"name\":\"OCTANORM \u2013 ECONOMY\"}]},{\"@type\":\"WebSite\",\"@id\":\"https:\/\/www.stallexpo.com\/cs\/#website\",\"url\":\"https:\/\/www.stallexpo.com\/cs\/\",\"name\":\"Stall Expo\",\"description\":\"Just another WordPress site\",\"potentialAction\":[{\"@type\":\"SearchAction\",\"target\":{\"@type\":\"EntryPoint\",\"urlTemplate\":\"https:\/\/www.stallexpo.com\/cs\/?s={search_term_string}\"},\"query-input\":{\"@type\":\"PropertyValueSpecification\",\"valueRequired\":true,\"valueName\":\"search_term_string\"}}],\"inLanguage\":\"cs\"}]}<\/script>\n<!-- \/ Yoast SEO plugin. -->","yoast_head_json":{"title":"OCTANORM \u2013 ECONOMY - Stall Expo","robots":{"index":"index","follow":"follow","max-snippet":"max-snippet:-1","max-image-preview":"max-image-preview:large","max-video-preview":"max-video-preview:-1"},"canonical":"https:\/\/www.stallexpo.com\/cs\/octanorm-economy-2\/","og_locale":"cs_CZ","og_type":"article","og_title":"OCTANORM \u2013 ECONOMY - Stall Expo","og_description":"Octanorm je, d\u00edky sv\u00e9 vysok\u00e9 kvalit\u011b a jednoduch\u00e9 obsluze, b\u011b\u017en\u011b roz\u0161\u00ed\u0159en\u00fd, sv\u011btov\u011b nej\u010dast\u011bji pou\u017e\u00edvan\u00fd hlin\u00edkov\u00fd v\u00fdstavn\u00ed syst\u00e9m. Tento syst\u00e9m je ur\u010den\u00fd jak pro vnit\u0159n\u00ed, tak i venkovn\u00ed prostory, od jednoduch\u00fdch po slo\u017eit\u00e9 expozice. P\u0159edstavuje evropsk\u00fd standard v\u00fdstavn\u00edch slu\u017eeb. Pou\u017e\u00edv\u00e1me je &hellip; Continued","og_url":"https:\/\/www.stallexpo.com\/cs\/octanorm-economy-2\/","og_site_name":"Stall Expo","article_modified_time":"2014-04-07T18:36:12+00:00","og_image":[{"width":292,"height":171,"url":"https:\/\/www.stallexpo.com\/media\/octanorm1.png","type":"image\/png"}],"twitter_misc":{"Odhadovan\u00e1 doba \u010dten\u00ed":"1 minuta"},"schema":{"@context":"https:\/\/schema.org","@graph":[{"@type":"WebPage","@id":"https:\/\/www.stallexpo.com\/cs\/octanorm-economy-2\/","url":"https:\/\/www.stallexpo.com\/cs\/octanorm-economy-2\/","name":"OCTANORM \u2013 ECONOMY - Stall Expo","isPartOf":{"@id":"https:\/\/www.stallexpo.com\/cs\/#website"},"primaryImageOfPage":{"@id":"https:\/\/www.stallexpo.com\/cs\/octanorm-economy-2\/#primaryimage"},"image":{"@id":"https:\/\/www.stallexpo.com\/cs\/octanorm-economy-2\/#primaryimage"},"thumbnailUrl":"https:\/\/www.stallexpo.com\/media\/octanorm1.png","datePublished":"2014-04-07T17:34:00+00:00","dateModified":"2014-04-07T18:36:12+00:00","breadcrumb":{"@id":"https:\/\/www.stallexpo.com\/cs\/octanorm-economy-2\/#breadcrumb"},"inLanguage":"cs","potentialAction":[{"@type":"ReadAction","target":["https:\/\/www.stallexpo.com\/cs\/octanorm-economy-2\/"]}]},{"@type":"ImageObject","inLanguage":"cs","@id":"https:\/\/www.stallexpo.com\/cs\/octanorm-economy-2\/#primaryimage","url":"https:\/\/www.stallexpo.com\/media\/octanorm1.png","contentUrl":"https:\/\/www.stallexpo.com\/media\/octanorm1.png","width":292,"height":171},{"@type":"BreadcrumbList","@id":"https:\/\/www.stallexpo.com\/cs\/octanorm-economy-2\/#breadcrumb","itemListElement":[{"@type":"ListItem","position":1,"name":"Home","item":"https:\/\/www.stallexpo.com\/cs\/"},{"@type":"ListItem","position":2,"name":"OCTANORM \u2013 ECONOMY"}]},{"@type":"WebSite","@id":"https:\/\/www.stallexpo.com\/cs\/#website","url":"https:\/\/www.stallexpo.com\/cs\/","name":"Stall Expo","description":"Just another WordPress site","potentialAction":[{"@type":"SearchAction","target":{"@type":"EntryPoint","urlTemplate":"https:\/\/www.stallexpo.com\/cs\/?s={search_term_string}"},"query-input":{"@type":"PropertyValueSpecification","valueRequired":true,"valueName":"search_term_string"}}],"inLanguage":"cs"}]}},"_links":{"self":[{"href":"https:\/\/www.stallexpo.com\/cs\/wp-json\/wp\/v2\/pages\/868","targetHints":{"allow":["GET"]}}],"collection":[{"href":"https:\/\/www.stallexpo.com\/cs\/wp-json\/wp\/v2\/pages"}],"about":[{"href":"https:\/\/www.stallexpo.com\/cs\/wp-json\/wp\/v2\/types\/page"}],"author":[{"embeddable":true,"href":"https:\/\/www.stallexpo.com\/cs\/wp-json\/wp\/v2\/users\/1"}],"replies":[{"embeddable":true,"href":"https:\/\/www.stallexpo.com\/cs\/wp-json\/wp\/v2\/comments?post=868"}],"version-history":[{"count":1,"href":"https:\/\/www.stallexpo.com\/cs\/wp-json\/wp\/v2\/pages\/868\/revisions"}],"predecessor-version":[{"id":869,"href":"https:\/\/www.stallexpo.com\/cs\/wp-json\/wp\/v2\/pages\/868\/revisions\/869"}],"wp:featuredmedia":[{"embeddable":true,"href":"https:\/\/www.stallexpo.com\/cs\/wp-json\/wp\/v2\/media\/191"}],"wp:attachment":[{"href":"https:\/\/www.stallexpo.com\/cs\/wp-json\/wp\/v2\/media?parent=868"}],"curies":[{"name":"wp","href":"https:\/\/api.w.org\/{rel}","templated":true}]}}